{"id":12838,"date":"2025-11-05T09:34:29","date_gmt":"2025-11-05T09:34:29","guid":{"rendered":"https:\/\/www.nakitsrebro.rs\/?post_type=product&#038;p=12838"},"modified":"2025-11-05T10:54:25","modified_gmt":"2025-11-05T10:54:25","slug":"srebrna-narukvica-cirkon-1011-kopiraj","status":"publish","type":"product","link":"https:\/\/www.nakitsrebro.rs\/en\/p\/srebrna-narukvica-cirkon-1011-kopiraj\/","title":{"rendered":"Srebrna narukvica \u201eCIRKON\u201c 800"},"content":{"rendered":"<ul>\n<li><b>Materijal:<\/b> Srebro<\/li>\n<li><b>Fino\u0107a:<\/b> 925<\/li>\n<li><b>Zavr\u0161na obrada:<\/b> Rodinirano<\/li>\n<li><b>Kamen:<\/b> Cirkon (4 komada)<\/li>\n<li><b>Grama\u017ea:<\/b> 3,1 g<\/li>\n<li><b>\u0160ifra proizvoda:<\/b> 800<\/li>\n<li><b>Podesiva du\u017eina:<\/b> 16,5 cm + 2 cm (produ\u017eetak)<\/li>\n<li><b>Vrsta kop\u010danja: <\/b>Karabinjer kop\u010da<\/li>\n<li>Zra\u010dite elegancijom u svakoj prilici sa na\u0161om minimalisti\u010dkom srebrnom narukvicom &#8222;Elegant&#8220;. Inspirisana vanvremenskim dizajnom, ova narukvica je kreirana da pru\u017ei suptilan, ali upe\u010datljiv sjaj.Izra\u0111ena je od <b>najfinijeg srebra fino\u0107e 925<\/b>, sa posebnom <b>rodiniranom zavr\u0161nom obradom<\/b>. Rodiniranje ne samo da narukvici daje dodatni, platinasti sjaj, ve\u0107 je i \u0161titi od tamnjenja i ogrebotina, obezbe\u0111uju\u0107i da njen glamur traje godinama. \u010cetiri pa\u017eljivo postavljena bela cirkona, bru\u0161ena da maksimalno reflektuju svetlost, diskretno su ugra\u0111ena u lan\u010di\u0107, dodaju\u0107i joj sofisticiranu notu.\n<p>Ova narukvica je idealna za \u017eene koje cene klasi\u010dnu lepotu i kvalitet. Bilo da tra\u017eite savr\u0161en detalj za poslovnu kombinaciju, elegantan akcenat za ve\u010dernji izlazak, ili smislen poklon za dragu osobu, &#8222;Cirkon&#8220; narukvica je izbor koji \u0107e odu\u0161eviti. Lako se kombinuje sa drugim nakitom, omogu\u0107avaju\u0107i Vam da kreirate svoj jedinstveni stil.<\/li>\n<li><b>Suptilan sjaj:<\/b> Nosite je samostalno za minimalisti\u010dki, elegantan izgled.<\/li>\n<li><b>Slojevito no\u0161enje (Layering):<\/b> Lako se kombinuje sa drugim tanjim narukvicama za bogatiji efekat.<\/li>\n<li><b>Sve prilike:<\/b> Idealna je za svakodnevno no\u0161enje, kao i za posebne doga\u0111aje. Odli\u010dno se sla\u017ee uz sat ili druge komade nakita.<\/li>\n<li><b>Poklon:<\/b> Savr\u0161en je poklon za ro\u0111endane, godi\u0161njice ili kao znak pa\u017enje.<\/li>\n<\/ul>","protected":false},"excerpt":{"rendered":"<p>Unesite diskretan sjaj u svoj svakodnevni stil. Ova elegantna narukvica od <b>rodiniranog srebra 925<\/b> isti\u010de se prefinjenim lan\u010di\u0107em i \u010detiri blistava cirkona. Savr\u0161ena za samostalno no\u0161enje ili u kombinaciji sa drugim narukvicama.<\/p>","protected":false},"featured_media":12839,"comment_status":"closed","ping_status":"closed","template":"","meta":[],"product_brand":[],"product_cat":[300,228],"product_tag":[247],"class_list":{"0":"post-12838","1":"product","2":"type-product","3":"status-publish","4":"has-post-thumbnail","6":"product_cat-narukvice-sa-privescima-charm-bracelets","7":"product_cat-srebrne-narukvice","8":"product_tag-srebrna-narukvica","10":"first","11":"instock","12":"shipping-taxable","13":"purchasable","14":"product-type-simple"},"_links":{"self":[{"href":"https:\/\/www.nakitsrebro.rs\/en\/wp-json\/wp\/v2\/product\/12838","targetHints":{"allow":["GET"]}}],"collection":[{"href":"https:\/\/www.nakitsrebro.rs\/en\/wp-json\/wp\/v2\/product"}],"about":[{"href":"https:\/\/www.nakitsrebro.rs\/en\/wp-json\/wp\/v2\/types\/product"}],"replies":[{"embeddable":true,"href":"https:\/\/www.nakitsrebro.rs\/en\/wp-json\/wp\/v2\/comments?post=12838"}],"wp:featuredmedia":[{"embeddable":true,"href":"https:\/\/www.nakitsrebro.rs\/en\/wp-json\/wp\/v2\/media\/12839"}],"wp:attachment":[{"href":"https:\/\/www.nakitsrebro.rs\/en\/wp-json\/wp\/v2\/media?parent=12838"}],"wp:term":[{"taxonomy":"product_brand","embeddable":true,"href":"https:\/\/www.nakitsrebro.rs\/en\/wp-json\/wp\/v2\/product_brand?post=12838"},{"taxonomy":"product_cat","embeddable":true,"href":"https:\/\/www.nakitsrebro.rs\/en\/wp-json\/wp\/v2\/product_cat?post=12838"},{"taxonomy":"product_tag","embeddable":true,"href":"https:\/\/www.nakitsrebro.rs\/en\/wp-json\/wp\/v2\/product_tag?post=12838"}],"curies":[{"name":"wp","href":"https:\/\/api.w.org\/{rel}","templated":true}]}}