{"id":12854,"date":"2025-11-05T10:30:22","date_gmt":"2025-11-05T10:30:22","guid":{"rendered":"https:\/\/www.nakitsrebro.rs\/?post_type=product&#038;p=12854"},"modified":"2026-01-04T22:18:21","modified_gmt":"2026-01-04T22:18:21","slug":"srebrna-narukvica-detelina-1009-2","status":"publish","type":"product","link":"https:\/\/www.nakitsrebro.rs\/en\/p\/srebrna-narukvica-detelina-1009-2\/","title":{"rendered":"Srebrna narukvica \u201eDETELINA\u201c 1009"},"content":{"rendered":"<ul>\n<li><b>Materijal:<\/b> Srebro<\/li>\n<li><b>Fino\u0107a:<\/b> 925<\/li>\n<li><b>Zavr\u0161na obrada:<\/b> Visoki sjaj<\/li>\n<li><b>Kamen:<\/b> Bez kamena<\/li>\n<li><b>Grama\u017ea:<\/b> \u00a0<i>1,4 g<\/i><\/li>\n<li><b>\u0160ifra proizvoda:<\/b> 1009<\/li>\n<li><b>Podesiva du\u017eina:<\/b>\u00a0<i>17cm + 3 cm (produ\u017eetak)<\/i><\/li>\n<li><b>Vrsta kop\u010danja:<\/b> Kruzna kop\u010da<\/li>\n<li><b>Motiv\/Privezak:<\/b> Detelina sa \u010detiri lista<\/li>\n<li>Prona\u0111ite svoju sre\u0107u u vanvremenskom dizajnu. Ova narukvica slavi jedan od najomiljenijih simbola na svetu \u2013 detelinu sa \u010detiri lista. Svaki list tradicionalno predstavlja veru, nadu, ljubav i, naravno, sre\u0107u.Izra\u0111ena od <b>najfinijeg srebra 925<\/b>, ova narukvica pleni svojom jednostavnom lepotom i visokim sjajem. Centralni motiv deteline je glatko poliran i savr\u0161eno se uklapa u tanani, ali izdr\u017eljivi lan\u010di\u0107. Podesiva kop\u010da osigurava da udobno stoji na svakom zglobu.Bilo da je birate kao li\u010dnu amajliju za sre\u0107u pred va\u017ene doga\u0111aje, ili je poklanjate dragoj osobi da joj po\u017eelite sve najbolje, &#8222;Sre\u0107na Detelina&#8220; je komad nakita koji nosi prelepu poruku i neprolazni stil.<br \/>\n<h3>Saveti za Stil i No\u0161enje<\/h3>\n<p>&nbsp;<\/p>\n<blockquote>\n<ul>\n<li><b>Va\u0161a Dnevna Doza Sre\u0107e:<\/b> Njen minimalisti\u010dki i lagan dizajn \u010dini je savr\u0161enom za svakodnevno no\u0161enje.<\/li>\n<li><b>Poklon sa Porukom:<\/b> Idealna kao poklon za ro\u0111endan, diplomiranje, novi posao ili bilo kome kome \u017eelite da po\u0161aljete poruku &#8222;Mislim na tebe i \u017eelim ti sre\u0107u&#8220;.<\/li>\n<li><b>Lako Kombinovanje:<\/b> Prelepo se sla\u017ee sa satom ili drugim tanjim narukvicama za moderan &#8222;layering&#8220; izgled.<\/li>\n<\/ul>\n<\/blockquote>\n<\/li>\n<\/ul>","protected":false},"excerpt":{"rendered":"<p>Ponesite svoju sre\u0107u svuda sa sobom. Ova minimalisti\u010dka narukvica od <b>srebra 925<\/b> isti\u010de se klasi\u010dnim simbolom deteline sa \u010detiri lista. Savr\u0161en je detalj koji donosi sre\u0107u i idealan poklon za svaku priliku.<\/p>","protected":false},"featured_media":12855,"comment_status":"closed","ping_status":"closed","template":"","meta":[],"product_brand":[],"product_cat":[300,228],"product_tag":[247],"class_list":{"0":"post-12854","1":"product","2":"type-product","3":"status-publish","4":"has-post-thumbnail","6":"product_cat-narukvice-sa-privescima-charm-bracelets","7":"product_cat-srebrne-narukvice","8":"product_tag-srebrna-narukvica","10":"first","11":"outofstock","12":"shipping-taxable","13":"purchasable","14":"product-type-simple"},"_links":{"self":[{"href":"https:\/\/www.nakitsrebro.rs\/en\/wp-json\/wp\/v2\/product\/12854","targetHints":{"allow":["GET"]}}],"collection":[{"href":"https:\/\/www.nakitsrebro.rs\/en\/wp-json\/wp\/v2\/product"}],"about":[{"href":"https:\/\/www.nakitsrebro.rs\/en\/wp-json\/wp\/v2\/types\/product"}],"replies":[{"embeddable":true,"href":"https:\/\/www.nakitsrebro.rs\/en\/wp-json\/wp\/v2\/comments?post=12854"}],"wp:featuredmedia":[{"embeddable":true,"href":"https:\/\/www.nakitsrebro.rs\/en\/wp-json\/wp\/v2\/media\/12855"}],"wp:attachment":[{"href":"https:\/\/www.nakitsrebro.rs\/en\/wp-json\/wp\/v2\/media?parent=12854"}],"wp:term":[{"taxonomy":"product_brand","embeddable":true,"href":"https:\/\/www.nakitsrebro.rs\/en\/wp-json\/wp\/v2\/product_brand?post=12854"},{"taxonomy":"product_cat","embeddable":true,"href":"https:\/\/www.nakitsrebro.rs\/en\/wp-json\/wp\/v2\/product_cat?post=12854"},{"taxonomy":"product_tag","embeddable":true,"href":"https:\/\/www.nakitsrebro.rs\/en\/wp-json\/wp\/v2\/product_tag?post=12854"}],"curies":[{"name":"wp","href":"https:\/\/api.w.org\/{rel}","templated":true}]}}