{"id":12857,"date":"2025-11-05T10:43:25","date_gmt":"2025-11-05T10:43:25","guid":{"rendered":"https:\/\/www.nakitsrebro.rs\/?post_type=product&#038;p=12857"},"modified":"2025-11-05T11:21:46","modified_gmt":"2025-11-05T11:21:46","slug":"srebrna-narukvica-detelina-906","status":"publish","type":"product","link":"https:\/\/www.nakitsrebro.rs\/en\/p\/srebrna-narukvica-detelina-906\/","title":{"rendered":"Srebrna narukvica \u201eDETELINA\u201c 906"},"content":{"rendered":"<ul>\n<li><b>Materijal:<\/b> Srebro<\/li>\n<li><b>Fino\u0107a:<\/b> 925<\/li>\n<li><b>Zavr\u0161na obrada:<\/b> Visoki sjaj<\/li>\n<li><b>Kamen:<\/b> Cirkoni<\/li>\n<li><b>Grama\u017ea:<\/b> \u00a0<i>1,4 g<\/i><\/li>\n<li><b>\u0160ifra proizvoda:<\/b> 906<\/li>\n<li><b>Podesiva du\u017eina:<\/b>\u00a0<i>17cm + 5 cm (produ\u017eetak)<\/i><\/li>\n<li><b>Vrsta kop\u010danja: Karabinjer kop\u010da<\/b><\/li>\n<li><b>Motiv\/Privezak:<\/b> Detelina sa \u010detiri lista (puna cirkona)<\/li>\n<li>Prona\u0111ite svoju sre\u0107u u njenom najblistavijem izdanju. Ova narukvica podi\u017ee klasi\u010dnu amajliju na potpuno novi nivo elegancije. Svaki od \u010detiri lista deteline, koji tradicionalno simbolizuju veru, nadu, ljubav i sre\u0107u, ovde je <b>kompletno opto\u010den (pave set)<\/b> nizom sitnih, briljantnih cirkona koji neodoljivo hvataju svetlost pri svakom Va\u0161em pokretu.\n<p>Izra\u0111ena je od <b>najfinijeg srebra fino\u0107e 925<\/b>, dok je motiv deteline pa\u017eljivo dizajniran da maksimizira sjaj svakog postavljenog kamena. Iako blistava, narukvica je i dalje dovoljno ne\u017ena i elegantna zahvaljuju\u0107i tankom lan\u010di\u0107u, koji poseduje i produ\u017eetak za savr\u0161eno prilago\u0111avanje zglobu.<\/p>\n<p>Bilo da je nosite kao svoju li\u010dnu, glamuroznu amajliju ili je poklanjate da nekome na najlep\u0161i na\u010din po\u017eelite svu sre\u0107u sveta, &#8222;Blistava Sre\u0107a&#8220; je komad nakita koji \u0107e sigurno biti prime\u0107en i voljen.<\/li>\n<li>\n<blockquote>\n<h3>Saveti za Stil i No\u0161enje<\/h3>\n<p>&nbsp;<\/p>\n<blockquote>\n<ul>\n<li><b>Ve\u010dernji Sjaj:<\/b> Zbog blistavih cirkona, ova narukvica je savr\u0161en dodatak za ve\u010dernje izlaske ili sve\u010dane prilike.<\/li>\n<li><b>Ne\u017eni Glamur:<\/b> Iako je sjajna, dovoljno je delikatna da se nosi i tokom dana kada \u017eelite da dodate notu glamura svom izgledu.<\/li>\n<li><b>Poklon koji Odu\u0161evljava:<\/b> Idealan poklon za ro\u0111endan, diplomiranje ili kao \u017eelja za sre\u0107u koja zaista &#8222;blista&#8220;.<\/li>\n<\/ul>\n<\/blockquote>\n<\/blockquote>\n<\/li>\n<\/ul>","protected":false},"excerpt":{"rendered":"<p>Neka Va\u0161a sre\u0107a blista! Ova prelepa narukvica od <b>srebra 925<\/b> nosi mo\u0107ni simbol deteline sa \u010detiri lista, sada u potpunosti <b>ukra\u0161en svetlucavim cirkonima<\/b>. Savr\u0161en glamurozan poklon koji donosi i sjaj i sre\u0107u.<\/p>","protected":false},"featured_media":12858,"comment_status":"closed","ping_status":"closed","template":"","meta":[],"product_brand":[],"product_cat":[300,228],"product_tag":[],"class_list":{"0":"post-12857","1":"product","2":"type-product","3":"status-publish","4":"has-post-thumbnail","6":"product_cat-narukvice-sa-privescima-charm-bracelets","7":"product_cat-srebrne-narukvice","9":"first","10":"instock","11":"shipping-taxable","12":"purchasable","13":"product-type-simple"},"_links":{"self":[{"href":"https:\/\/www.nakitsrebro.rs\/en\/wp-json\/wp\/v2\/product\/12857","targetHints":{"allow":["GET"]}}],"collection":[{"href":"https:\/\/www.nakitsrebro.rs\/en\/wp-json\/wp\/v2\/product"}],"about":[{"href":"https:\/\/www.nakitsrebro.rs\/en\/wp-json\/wp\/v2\/types\/product"}],"replies":[{"embeddable":true,"href":"https:\/\/www.nakitsrebro.rs\/en\/wp-json\/wp\/v2\/comments?post=12857"}],"wp:featuredmedia":[{"embeddable":true,"href":"https:\/\/www.nakitsrebro.rs\/en\/wp-json\/wp\/v2\/media\/12858"}],"wp:attachment":[{"href":"https:\/\/www.nakitsrebro.rs\/en\/wp-json\/wp\/v2\/media?parent=12857"}],"wp:term":[{"taxonomy":"product_brand","embeddable":true,"href":"https:\/\/www.nakitsrebro.rs\/en\/wp-json\/wp\/v2\/product_brand?post=12857"},{"taxonomy":"product_cat","embeddable":true,"href":"https:\/\/www.nakitsrebro.rs\/en\/wp-json\/wp\/v2\/product_cat?post=12857"},{"taxonomy":"product_tag","embeddable":true,"href":"https:\/\/www.nakitsrebro.rs\/en\/wp-json\/wp\/v2\/product_tag?post=12857"}],"curies":[{"name":"wp","href":"https:\/\/api.w.org\/{rel}","templated":true}]}}