{"id":12862,"date":"2025-11-05T11:40:21","date_gmt":"2025-11-05T11:40:21","guid":{"rendered":"https:\/\/www.nakitsrebro.rs\/?post_type=product&#038;p=12862"},"modified":"2026-01-16T09:25:06","modified_gmt":"2026-01-16T09:25:06","slug":"srebrna-narukvica-krst-1012","status":"publish","type":"product","link":"https:\/\/www.nakitsrebro.rs\/en\/p\/srebrna-narukvica-krst-1012\/","title":{"rendered":"Srebrna narukvica \u201eKRST\u201c 1012"},"content":{"rendered":"<ul>\n<li><b>Materijal:<\/b> Srebro<\/li>\n<li><b>Fino\u0107a:<\/b> 925<\/li>\n<li><b>Zavr\u0161na obrada:<\/b> Rodinirano<\/li>\n<li><b>Kamen:<\/b> Bez kamena<\/li>\n<li><b>Grama\u017ea:<\/b> 1<i>.4 g<\/i><\/li>\n<li><b>\u0160ifra proizvoda:<\/b> 1012<\/li>\n<li><b>Podesiva du\u017eina:<\/b>\u00a0<i>16 cm + 3 cm (produ\u017eetak)<\/i><\/li>\n<li><b>Vrsta kop\u010danja:<\/b> Kru\u017ena Alka kop\u010da<\/li>\n<li><b>Motiv\/Privezak:<\/b> Polo\u017eeni krst<\/li>\n<li>Spoj moderne elegancije i duboke simbolike. Ova narukvica je dizajnirana za one koji cene minimalisti\u010dki stil i \u017eele da svoj simbol vere nose na suptilan, ali upe\u010datljiv na\u010din.Izra\u0111ena je od <b>najfinijeg srebra fino\u0107e 925<\/b>, a zatim je u celosti <b>presvu\u010dena slojem rodijuma<\/b>. Ova premijum zavr\u0161na obrada ne samo da daje narukvici blistavi, platinasti sjaj, ve\u0107 je i efikasno \u0161titi od tamnjenja i ogrebotina, osiguravaju\u0107i da izgleda kao nova godinama.\n<p>Centralni motiv je polo\u017een (vodoravni) krsti\u0107, koji je glatko poliran i elegantno integrisan u tanani lan\u010di\u0107. Podesivi produ\u017eetak, koji se zavr\u0161ava \u0161armantnim detaljem u obliku srca (na kome je \u017eig 925), omogu\u0107ava savr\u0161eno prilago\u0111avanje zglobu.<\/p>\n<p>Bilo da je nosite kao li\u010dni podsetnik na Va\u0161a uverenja ili je poklanjate kao smislen dar za kr\u0161tenje, pri\u010dest, ro\u0111endan ili kao znak podr\u0161ke, ova narukvica je komad nakita koji se nosi sa srcem.<\/li>\n<\/ul>","protected":false},"excerpt":{"rendered":"<p>Nosite svoj simbol vere na moderan i diskretan na\u010din. Ova prefinjena narukvica izra\u0111ena je od <b>rodiniranog srebra 925<\/b>, \u0161to joj daje luksuzni sjaj i otpornost. Centralni motiv polo\u017eenog krsti\u0107a \u010dini je savr\u0161enom za svakodnevno no\u0161enje.<\/p>\n<p>&nbsp;<\/p>\n<h1><\/h1>\n<p>&nbsp;<\/p>","protected":false},"featured_media":12863,"comment_status":"closed","ping_status":"closed","template":"","meta":[],"product_brand":[],"product_cat":[300,228],"product_tag":[],"class_list":{"0":"post-12862","1":"product","2":"type-product","3":"status-publish","4":"has-post-thumbnail","6":"product_cat-narukvice-sa-privescima-charm-bracelets","7":"product_cat-srebrne-narukvice","9":"first","10":"instock","11":"shipping-taxable","12":"purchasable","13":"product-type-simple"},"_links":{"self":[{"href":"https:\/\/www.nakitsrebro.rs\/en\/wp-json\/wp\/v2\/product\/12862","targetHints":{"allow":["GET"]}}],"collection":[{"href":"https:\/\/www.nakitsrebro.rs\/en\/wp-json\/wp\/v2\/product"}],"about":[{"href":"https:\/\/www.nakitsrebro.rs\/en\/wp-json\/wp\/v2\/types\/product"}],"replies":[{"embeddable":true,"href":"https:\/\/www.nakitsrebro.rs\/en\/wp-json\/wp\/v2\/comments?post=12862"}],"wp:featuredmedia":[{"embeddable":true,"href":"https:\/\/www.nakitsrebro.rs\/en\/wp-json\/wp\/v2\/media\/12863"}],"wp:attachment":[{"href":"https:\/\/www.nakitsrebro.rs\/en\/wp-json\/wp\/v2\/media?parent=12862"}],"wp:term":[{"taxonomy":"product_brand","embeddable":true,"href":"https:\/\/www.nakitsrebro.rs\/en\/wp-json\/wp\/v2\/product_brand?post=12862"},{"taxonomy":"product_cat","embeddable":true,"href":"https:\/\/www.nakitsrebro.rs\/en\/wp-json\/wp\/v2\/product_cat?post=12862"},{"taxonomy":"product_tag","embeddable":true,"href":"https:\/\/www.nakitsrebro.rs\/en\/wp-json\/wp\/v2\/product_tag?post=12862"}],"curies":[{"name":"wp","href":"https:\/\/api.w.org\/{rel}","templated":true}]}}