{"id":12882,"date":"2025-11-05T12:33:09","date_gmt":"2025-11-05T12:33:09","guid":{"rendered":"https:\/\/www.nakitsrebro.rs\/?post_type=product&#038;p=12882"},"modified":"2025-11-05T12:38:44","modified_gmt":"2025-11-05T12:38:44","slug":"srebrna-narukvica-srce-1000","status":"publish","type":"product","link":"https:\/\/www.nakitsrebro.rs\/en\/p\/srebrna-narukvica-srce-1000\/","title":{"rendered":"Srebrna narukvica \u201eSRCE\u201c 1000"},"content":{"rendered":"<ul>\n<li><b>Materijal:<\/b> Srebro<\/li>\n<li><b>Fino\u0107a:<\/b> 925<\/li>\n<li><b>Zavr\u0161na obrada:<\/b> Visoki sjaj<\/li>\n<li><b>Kamen:<\/b> Slatkovodni Biseri (2 komada)<\/li>\n<li><b>Boja kamena:<\/b> Bela<\/li>\n<li><b>Grama\u017ea:<\/b> \u00a0<i>1,5 g<\/i><\/li>\n<li><b>\u0160ifra proizvoda:<\/b> 1000<\/li>\n<li><b>Podesiva du\u017eina:<\/b> <i>17 cm + 3 cm (produ\u017eetak)<\/i><\/li>\n<li><b>Vrsta kop\u010danja:<\/b> Kru\u017ena kop\u010da<\/li>\n<li><b>Motiv\/Privezak:<\/b> Srce, Biseri i Plo\u010dica (disk)<\/li>\n<li>Ova narukvica je poput male, nosive pri\u010de koja se odvija na Va\u0161em zglobu. Dizajnirana je za \u017eenu koja je istovremeno romanti\u010dna, elegantna i moderna.\n<p>Izra\u0111ena od <b>najfinijeg srebra 925<\/b> <i>zavr\u0161ne obrade visokog sjaja<\/i> za trajnu lepotu, ova narukvica se isti\u010de svojim asimetri\u010dnim dizajnom. Pri\u010da po\u010dinje sa klasi\u010dnim, punim srcem \u2013 ve\u010dnim simbolom ljubavi. Zatim se nastavlja sa dva prelepa\u00a0bisera, koji donose notu vanvremenske klase i prefinjenosti. Na kraju, pri\u010du zaokru\u017euje moderna, savr\u0161eno okrugla plo\u010dica (disk), simbol minimalizma i modernog stila.<\/p>\n<p>Svaki element je pa\u017eljivo integrisan u tanani, ali sna\u017eni srebrni lan\u010di\u0107 koji poseduje i produ\u017eetak za savr\u0161eno prilago\u0111avanje.<\/p>\n<p>Bilo da je poklanjate kao jedinstven izraz ljubavi koji kombinuje vi\u0161e simbola, ili je nosite kao li\u010dni pe\u010dat koji spaja Va\u0161u klasi\u010dnu i modernu stranu, ova narukvica je komad koji \u0107e uvek privla\u010diti poglede.<\/li>\n<li>\n<h3>Saveti za Stil i No\u0161enje<\/h3>\n<p>&nbsp;<\/p>\n<blockquote>\n<ul>\n<li><b>Pri\u010da za Sebe:<\/b> Zbog svog jedinstvenog dizajna sa vi\u0161e elemenata, ova narukvica je prelepa kada se nosi samostalno.<\/li>\n<li><b>Svestranost:<\/b> Savr\u0161eno spaja klasi\u010dno (biseri) i moderno (plo\u010dica), pa se lako nosi i uz poslovne kombinacije i uz opu\u0161tene, letnje haljine.<\/li>\n<li><b>Promi\u0161ljen Poklon:<\/b> Idealan poklon za nekoga ko ceni jedinstven nakit koji &#8222;nije kao svaki drugi&#8220;.<\/li>\n<\/ul>\n<\/blockquote>\n<\/li>\n<\/ul>","protected":false},"excerpt":{"rendered":"<p>Ispri\u010dajte svoju pri\u010du sa stilom. Ova jedinstvena narukvica od <b>srebra 925<\/b> na jednom lan\u010di\u0107u kombinuje tri \u0161arma: polirano srce, dva ne\u017ena bisera i minimalisti\u010dku plo\u010dicu. Savr\u0161en spoj romantike, elegancije i modernog dizajna.<\/p>","protected":false},"featured_media":12883,"comment_status":"closed","ping_status":"closed","template":"","meta":[],"product_brand":[],"product_cat":[300,228],"product_tag":[247],"class_list":{"0":"post-12882","1":"product","2":"type-product","3":"status-publish","4":"has-post-thumbnail","6":"product_cat-narukvice-sa-privescima-charm-bracelets","7":"product_cat-srebrne-narukvice","8":"product_tag-srebrna-narukvica","10":"first","11":"instock","12":"shipping-taxable","13":"purchasable","14":"product-type-simple"},"_links":{"self":[{"href":"https:\/\/www.nakitsrebro.rs\/en\/wp-json\/wp\/v2\/product\/12882","targetHints":{"allow":["GET"]}}],"collection":[{"href":"https:\/\/www.nakitsrebro.rs\/en\/wp-json\/wp\/v2\/product"}],"about":[{"href":"https:\/\/www.nakitsrebro.rs\/en\/wp-json\/wp\/v2\/types\/product"}],"replies":[{"embeddable":true,"href":"https:\/\/www.nakitsrebro.rs\/en\/wp-json\/wp\/v2\/comments?post=12882"}],"wp:featuredmedia":[{"embeddable":true,"href":"https:\/\/www.nakitsrebro.rs\/en\/wp-json\/wp\/v2\/media\/12883"}],"wp:attachment":[{"href":"https:\/\/www.nakitsrebro.rs\/en\/wp-json\/wp\/v2\/media?parent=12882"}],"wp:term":[{"taxonomy":"product_brand","embeddable":true,"href":"https:\/\/www.nakitsrebro.rs\/en\/wp-json\/wp\/v2\/product_brand?post=12882"},{"taxonomy":"product_cat","embeddable":true,"href":"https:\/\/www.nakitsrebro.rs\/en\/wp-json\/wp\/v2\/product_cat?post=12882"},{"taxonomy":"product_tag","embeddable":true,"href":"https:\/\/www.nakitsrebro.rs\/en\/wp-json\/wp\/v2\/product_tag?post=12882"}],"curies":[{"name":"wp","href":"https:\/\/api.w.org\/{rel}","templated":true}]}}