{"id":12886,"date":"2025-11-06T10:07:50","date_gmt":"2025-11-06T10:07:50","guid":{"rendered":"https:\/\/www.nakitsrebro.rs\/?post_type=product&#038;p=12886"},"modified":"2025-11-28T17:02:12","modified_gmt":"2025-11-28T17:02:12","slug":"srebrna-narukvica-pozlata-901","status":"publish","type":"product","link":"https:\/\/www.nakitsrebro.rs\/en\/p\/srebrna-narukvica-pozlata-901\/","title":{"rendered":"Srebrna narukvica \u201ePOZLATA\u201c 901"},"content":{"rendered":"<ul>\n<li><b>Materijal:<\/b> Srebro<\/li>\n<li><b>Fino\u0107a:<\/b> 925<\/li>\n<li><b>Zavr\u0161na obrada:<\/b> <b>Pozlata\u00a0<\/b><\/li>\n<li><b>Kamen:<\/b> Cirkoni<\/li>\n<li><b>Dodatni materijal:<\/b> Sedef<\/li>\n<li><b>Boja kamena:<\/b> Bela<\/li>\n<li><b>Grama\u017ea:<\/b> 2,9<i> g<\/i><\/li>\n<li><b>\u0160ifra proizvoda:<\/b> 901<\/li>\n<li><b>Du\u017eina narukvice:<\/b> 16 cm + 3 cm<\/li>\n<li><b>Vrsta kop\u010danja:<\/b> Alka kop\u010da<\/li>\n<li>Zabljesnite u punom sjaju sa na\u0161om izvanrednom narukvicom, remek-delom dizajna koji spaja klasi\u010dnu eleganciju sa modernim glamurom. Ova narukvica je kreirana za \u017eenu koja ceni luksuz i sofisticiranost u svakom detalju.\n<p>Izra\u0111ena je od <b>najfinijeg srebra fino\u0107e 925<\/b>, a zatim je prefinjeno <b>pozla\u0107ena<\/b>, \u0161to joj daje bogat, topao sjaj pravog zlata. Centralni deo narukvice krasi \u0161iroka, blistava traka od <b>sedefa i cirkona<\/b>, \u010dije iridiscentne nijanse menjaju boju sa svakim pokretom, stvaraju\u0107i fascinantan vizuelni efekat.<\/p>\n<p>Sedef je sa obe strane uokviren nizom sitnih, briljantnih <b>cirkona<\/b>, koji su pa\u017eljivo postavljeni (pave set) da maksimalno reflektuju svetlost, dodaju\u0107i rasko\u0161an sjaj celokupnom dizajnu. Sigurnosna kop\u010da obezbe\u0111uje udobno i sigurno no\u0161enje, dok izrada garantuje dugotrajnost i postojanost lepote.<\/p>\n<p>Ova narukvica nije samo nakit, ve\u0107 je izjava stila. Savr\u0161ena je za sve\u010dane prilike, ve\u010dernje izlaske, ven\u010danja ili kao luksuzan poklon koji \u0107e ostaviti bez daha.<\/li>\n<\/ul>","protected":false},"excerpt":{"rendered":"<p>Unesite da\u0161ak luksuza u svoj stil. Ova rasko\u0161na narukvica, izra\u0111ena od <b>srebra sa pozlatom<\/b>, pleni centralnom trakom sedefa i dva reda blistavih cirkona. Idealan je izbor za elegantne prilike, savr\u0161ena da istakne Va\u0161u sofisticiranost.<\/p>","protected":false},"featured_media":12887,"comment_status":"closed","ping_status":"closed","template":"","meta":[],"product_brand":[],"product_cat":[300,228],"product_tag":[],"class_list":{"0":"post-12886","1":"product","2":"type-product","3":"status-publish","4":"has-post-thumbnail","6":"product_cat-narukvice-sa-privescima-charm-bracelets","7":"product_cat-srebrne-narukvice","9":"first","10":"outofstock","11":"shipping-taxable","12":"purchasable","13":"product-type-simple"},"_links":{"self":[{"href":"https:\/\/www.nakitsrebro.rs\/en\/wp-json\/wp\/v2\/product\/12886","targetHints":{"allow":["GET"]}}],"collection":[{"href":"https:\/\/www.nakitsrebro.rs\/en\/wp-json\/wp\/v2\/product"}],"about":[{"href":"https:\/\/www.nakitsrebro.rs\/en\/wp-json\/wp\/v2\/types\/product"}],"replies":[{"embeddable":true,"href":"https:\/\/www.nakitsrebro.rs\/en\/wp-json\/wp\/v2\/comments?post=12886"}],"wp:featuredmedia":[{"embeddable":true,"href":"https:\/\/www.nakitsrebro.rs\/en\/wp-json\/wp\/v2\/media\/12887"}],"wp:attachment":[{"href":"https:\/\/www.nakitsrebro.rs\/en\/wp-json\/wp\/v2\/media?parent=12886"}],"wp:term":[{"taxonomy":"product_brand","embeddable":true,"href":"https:\/\/www.nakitsrebro.rs\/en\/wp-json\/wp\/v2\/product_brand?post=12886"},{"taxonomy":"product_cat","embeddable":true,"href":"https:\/\/www.nakitsrebro.rs\/en\/wp-json\/wp\/v2\/product_cat?post=12886"},{"taxonomy":"product_tag","embeddable":true,"href":"https:\/\/www.nakitsrebro.rs\/en\/wp-json\/wp\/v2\/product_tag?post=12886"}],"curies":[{"name":"wp","href":"https:\/\/api.w.org\/{rel}","templated":true}]}}