{"id":12912,"date":"2025-11-06T11:26:08","date_gmt":"2025-11-06T11:26:08","guid":{"rendered":"https:\/\/www.nakitsrebro.rs\/?post_type=product&#038;p=12912"},"modified":"2025-11-06T11:27:25","modified_gmt":"2025-11-06T11:27:25","slug":"srebrna-narukvica-vatreni-opali-913","status":"publish","type":"product","link":"https:\/\/www.nakitsrebro.rs\/en\/p\/srebrna-narukvica-vatreni-opali-913\/","title":{"rendered":"Srebrna Narukvica &#8222;Vatreni Opali&#8220; 913"},"content":{"rendered":"<ul>\n<li><b>Materijal:<\/b> Srebro<\/li>\n<li><b>Fino\u0107a:<\/b> 925<\/li>\n<li><b>Zavr\u0161na obrada:<\/b> <b>Rodinirano<\/b><\/li>\n<li><b>Kamen:<\/b> Opali (okrugli, <i>5 komada<\/i>)<\/li>\n<li><b>Boja kamena:<\/b> Vi\u0161ebojna (prelivaju\u0107e nijanse ljubi\u010daste, plave, zelene, crvene)<\/li>\n<li><b>Grama\u017ea:<\/b> <i>2,5 g<\/i><\/li>\n<li><b>\u0160ifra proizvoda:<\/b> 913<\/li>\n<li><b>Du\u017eina narukvice:<\/b>\u00a0<i>17 cm + 2,5 cm (produ\u017eetak)<\/i><\/li>\n<li><b>Vrsta kop\u010danja:<\/b> Kru\u017ena (opru\u017ena) kop\u010da<\/li>\n<li><b>Motiv\/Privezak:<\/b> Niz okruglih opala<\/li>\n<li>Zaronite u svet boja sa na\u0161om narukvicom &#8222;Vatreni Opali&#8220;. Ova izuzetna narukvica je pravo remek-delo koje donosi magiju opala na Va\u0161 zglob. Opali su poznati po svom jedinstvenom &#8222;igranju boja&#8220;, gde se prelivaju\u0107e nijanse plave, ljubi\u010daste, zelene i crvene pojavljuju i nestaju sa svakim zrakom svetlosti.Izra\u0111ena je od <b>najfinijeg srebra fino\u0107e 925<\/b>, a zatim je <b>presvu\u010dena slojem rodijuma<\/b>. Ova premijum obrada ne samo da joj daje blistavi, platinasti sjaj, ve\u0107 je i \u0161titi od tamnjenja i ogrebotina, obezbe\u0111uju\u0107i da njena lepota traje godinama.\n<p>Dizajn odlikuje niz od\u00a0<b>pet<\/b> okruglih, pa\u017eljivo bru\u0161enih opala, postavljenih u elegantne &#8222;bezel&#8220; okvire koji ih \u010dvrsto dr\u017ee i \u0161tite. Opali su ravnomerno raspore\u0111eni du\u017e delikatnog srebrnog lan\u010di\u0107a, stvaraju\u0107i harmoni\u010dan i o\u010daravaju\u0107i niz boja. Podesivi produ\u017eetak sa kru\u017enom kop\u010dom osigurava savr\u0161eno pristajanje za svaki zglob.<\/p>\n<p>Bilo da je nosite kao upe\u010datljiv dodatak za dnevne ili ve\u010dernje izlaske, ili je poklanjate nekome ko ceni unikatnost i lepotu prirodnog kamena, ova narukvica je komad nakita koji \u0107e sigurno privla\u010diti poglede i izazivati divljenje.<\/li>\n<li><b>Magija Boja:<\/b> Opali su sami po sebi upe\u010datljivi, pa narukvica najbolje dolazi do izra\u017eaja kada se nosi samostalno.<\/li>\n<li><b>Svestranost:<\/b> Iako su opali glamurozni, ovaj dizajn je dovoljno suptilan da se nosi i u dnevnim i u ve\u010dernjim prilikama.<\/li>\n<li><b>Poklon za Pam\u0107enje:<\/b> Opal je kamen ro\u0111enja za oktobar, pa je ovo idealan poklon za ro\u0111endane u tom mesecu, ili za bilo koju osobu koja voli jedinstvene boje.<\/li>\n<\/ul>","protected":false},"excerpt":{"rendered":"<p>Unesite magiju boja u svoj stil. Ova prefinjena narukvica od <b>rodiniranog srebra 925<\/b> krasi se nizom blistavih opala, \u010dije se iridescentne nijanse prelivaju pri svakom pokretu. Savr\u0161ena za jedinstven i upe\u010datljiv izgled.<\/p>","protected":false},"featured_media":12914,"comment_status":"closed","ping_status":"closed","template":"","meta":[],"product_brand":[],"product_cat":[300,228],"product_tag":[],"class_list":{"0":"post-12912","1":"product","2":"type-product","3":"status-publish","4":"has-post-thumbnail","6":"product_cat-narukvice-sa-privescima-charm-bracelets","7":"product_cat-srebrne-narukvice","9":"first","10":"instock","11":"shipping-taxable","12":"purchasable","13":"product-type-simple"},"_links":{"self":[{"href":"https:\/\/www.nakitsrebro.rs\/en\/wp-json\/wp\/v2\/product\/12912","targetHints":{"allow":["GET"]}}],"collection":[{"href":"https:\/\/www.nakitsrebro.rs\/en\/wp-json\/wp\/v2\/product"}],"about":[{"href":"https:\/\/www.nakitsrebro.rs\/en\/wp-json\/wp\/v2\/types\/product"}],"replies":[{"embeddable":true,"href":"https:\/\/www.nakitsrebro.rs\/en\/wp-json\/wp\/v2\/comments?post=12912"}],"wp:featuredmedia":[{"embeddable":true,"href":"https:\/\/www.nakitsrebro.rs\/en\/wp-json\/wp\/v2\/media\/12914"}],"wp:attachment":[{"href":"https:\/\/www.nakitsrebro.rs\/en\/wp-json\/wp\/v2\/media?parent=12912"}],"wp:term":[{"taxonomy":"product_brand","embeddable":true,"href":"https:\/\/www.nakitsrebro.rs\/en\/wp-json\/wp\/v2\/product_brand?post=12912"},{"taxonomy":"product_cat","embeddable":true,"href":"https:\/\/www.nakitsrebro.rs\/en\/wp-json\/wp\/v2\/product_cat?post=12912"},{"taxonomy":"product_tag","embeddable":true,"href":"https:\/\/www.nakitsrebro.rs\/en\/wp-json\/wp\/v2\/product_tag?post=12912"}],"curies":[{"name":"wp","href":"https:\/\/api.w.org\/{rel}","templated":true}]}}