{"id":12923,"date":"2025-11-08T10:00:55","date_gmt":"2025-11-08T10:00:55","guid":{"rendered":"https:\/\/www.nakitsrebro.rs\/?post_type=product&#038;p=12923"},"modified":"2025-12-11T10:35:51","modified_gmt":"2025-12-11T10:35:51","slug":"srebrna-narukvica-detelina-914","status":"publish","type":"product","link":"https:\/\/www.nakitsrebro.rs\/en\/p\/srebrna-narukvica-detelina-914\/","title":{"rendered":"Srebrna Narukvica \u201eDetelina\u201c 914"},"content":{"rendered":"<ul>\n<li><b>Materijal:<\/b> Srebro<\/li>\n<li><b>Fino\u0107a:<\/b> 925<\/li>\n<li><b>Zavr\u0161na obrada:<\/b> Rodinirano<\/li>\n<li><b>Kamen:<\/b> Malahit (zeleni, prugasti)<\/li>\n<li><b>Grama\u017ea:<\/b> 2.3 g<\/li>\n<li><b>\u0160ifra proizvoda:<\/b> 914<\/li>\n<li><b>Du\u017eina narukvice:<\/b> 17 cm + 3 cm (produ\u017eetak)<\/li>\n<li><b>Vrsta kop\u010danja:<\/b> Karabinjer kop\u010da<\/li>\n<li><b>Motiv\/Privezak:<\/b> Detelina sa \u010detiri lista (3 motiva na lan\u010di\u0107u)<\/li>\n<li>Ova izuzetna narukvica spaja klasi\u010dnu eleganciju sa prirodnom lepotom. Izra\u0111ena je od visokokvalitetnog srebra fino\u0107e 925, <b>\u00a0presvu\u010dena rodijumom<\/b>. Ova plemenita zavr\u0161na obrada daje narukvici luksuzan izgled belog zlata i \u0161titi je od tamnjenja, osiguravaju\u0107i dugotrajan sjaj.\n<p>Dizajn krase tri stilizovane deteline sa \u010detiri lista, svaka pa\u017eljivo ispunjena jedinstvenim poludragim kamenom \u2013 <b>zelenim malahitom<\/b>. Karakteristi\u010dne tamne i svetle pruge i duboka zelena boja malahita \u010dine svaki motiv malim umetni\u010dkim delom i daju narukvici upe\u010datljiv karakter.<\/p>\n<p>Motivi su povezani tankim, ali izdr\u017eljivim lan\u010di\u0107em. Narukvica se sigurno kop\u010da pomo\u0107u pouzdane <b>karabinjer kop\u010de<\/b> i poseduje prakti\u010dan <b>produ\u017eni lan\u010di\u0107<\/b>, koji omogu\u0107ava lako prilago\u0111avanje du\u017eine za savr\u0161eno pristajanje. Idealna je kao poklon za sre\u0107u ili kao upe\u010datljiv komad koji \u0107e obogatiti svaku kolekciju nakita.<\/li>\n<\/ul>","protected":false},"excerpt":{"rendered":"<p>Dodajte da\u0161ak vibrantne elegancije sa ovom narukvicom od rodiniranog srebra 925. Tri prepoznatljiva motiva deteline ispunjena su prelepim, prirodno \u0161arenim zelenim malahitom, \u010dine\u0107i je mo\u0107nim simbolom sre\u0107e i sofisticiranim modnim dodatkom.<\/p>","protected":false},"featured_media":12924,"comment_status":"closed","ping_status":"closed","template":"","meta":[],"product_brand":[],"product_cat":[300,228],"product_tag":[],"class_list":{"0":"post-12923","1":"product","2":"type-product","3":"status-publish","4":"has-post-thumbnail","6":"product_cat-narukvice-sa-privescima-charm-bracelets","7":"product_cat-srebrne-narukvice","9":"first","10":"outofstock","11":"shipping-taxable","12":"purchasable","13":"product-type-simple"},"_links":{"self":[{"href":"https:\/\/www.nakitsrebro.rs\/en\/wp-json\/wp\/v2\/product\/12923","targetHints":{"allow":["GET"]}}],"collection":[{"href":"https:\/\/www.nakitsrebro.rs\/en\/wp-json\/wp\/v2\/product"}],"about":[{"href":"https:\/\/www.nakitsrebro.rs\/en\/wp-json\/wp\/v2\/types\/product"}],"replies":[{"embeddable":true,"href":"https:\/\/www.nakitsrebro.rs\/en\/wp-json\/wp\/v2\/comments?post=12923"}],"wp:featuredmedia":[{"embeddable":true,"href":"https:\/\/www.nakitsrebro.rs\/en\/wp-json\/wp\/v2\/media\/12924"}],"wp:attachment":[{"href":"https:\/\/www.nakitsrebro.rs\/en\/wp-json\/wp\/v2\/media?parent=12923"}],"wp:term":[{"taxonomy":"product_brand","embeddable":true,"href":"https:\/\/www.nakitsrebro.rs\/en\/wp-json\/wp\/v2\/product_brand?post=12923"},{"taxonomy":"product_cat","embeddable":true,"href":"https:\/\/www.nakitsrebro.rs\/en\/wp-json\/wp\/v2\/product_cat?post=12923"},{"taxonomy":"product_tag","embeddable":true,"href":"https:\/\/www.nakitsrebro.rs\/en\/wp-json\/wp\/v2\/product_tag?post=12923"}],"curies":[{"name":"wp","href":"https:\/\/api.w.org\/{rel}","templated":true}]}}