{"id":12928,"date":"2025-11-08T10:11:38","date_gmt":"2025-11-08T10:11:38","guid":{"rendered":"https:\/\/www.nakitsrebro.rs\/?post_type=product&#038;p=12928"},"modified":"2025-12-11T10:35:51","modified_gmt":"2025-12-11T10:35:51","slug":"srebrna-narukvica-detelina-916","status":"publish","type":"product","link":"https:\/\/www.nakitsrebro.rs\/en\/p\/srebrna-narukvica-detelina-916\/","title":{"rendered":"Srebrna Narukvica \u201eDetelina\u201c 916"},"content":{"rendered":"<ul>\n<li><b>Materijal:<\/b> Srebro<\/li>\n<li><b>Fino\u0107a:<\/b> 925<\/li>\n<li><b>Zavr\u0161na obrada:<\/b> Rodinirano<\/li>\n<li><b>Kamen\/Umetak:<\/b> Oniks (crna boja)<\/li>\n<li><b>Grama\u017ea:<\/b> 2.3 g<\/li>\n<li><b>\u0160ifra proizvoda:<\/b> 916<\/li>\n<li><b>Du\u017eina narukvice:<\/b> 17 cm + 3 cm (produ\u017eetak)<\/li>\n<li><b>Vrsta kop\u010danja:<\/b> Karabinjer kop\u010da<\/li>\n<li><b>Motiv\/Privezak:<\/b> Detelina sa \u010detiri lista (3 motiva)<\/li>\n<li>Ova narukvica je savr\u0161en izraz smele elegancije i klasi\u010dne simbolike. Izra\u0111ena od najfinijeg srebra 925, narukvica je <b>presvu\u010dena rodijumom<\/b> kako bi dobila blistavi sjaj belog zlata i izuzetnu otpornost na tamnjenje i habanje.\n<p>Centralni element dizajna su tri motiva deteline sa \u010detiri lista, simbola sre\u0107e, koji su ispunjeni prelepim, poliranim <b>crnim oniksom<\/b>. Duboka, neprozirna crna boja stvara sna\u017ean vizuelni kontrast sa svetlim srebrom, \u010dine\u0107i ovu narukvicu komadom koji privla\u010di poglede.<\/p>\n<p>Tanki, ali \u010dvrsti lan\u010di\u0107 elegantno povezuje motive, dok pouzdana <b>karabinjer kop\u010da<\/b> i <b>produ\u017eni lan\u010di\u0107<\/b> omogu\u0107avaju lako pode\u0161avanje du\u017eine za savr\u0161eno i udobno pristajanje. Bilo da je nosite samostalno za minimalisti\u010dki, ali efektan izgled, ili je kombinujete sa drugim nakitom, ova narukvica je idealan dodatak za svaku priliku, od poslovnih sastanaka do ve\u010dernjih izlazaka.<\/li>\n<\/ul>","protected":false},"excerpt":{"rendered":"<p>Mo\u0107na i elegantna, ova narukvica od rodiniranog srebra 925 donosi sofisticiran izgled. Tri prepoznatljiva motiva deteline ispunjena su dubokim, sjajnim crnim oniksom, stvaraju\u0107i upe\u010datljiv kontrast i dodaju\u0107i notu vanvremenske klase svakom stilu.<\/p>","protected":false},"featured_media":12929,"comment_status":"closed","ping_status":"closed","template":"","meta":[],"product_brand":[],"product_cat":[300,228],"product_tag":[],"class_list":{"0":"post-12928","1":"product","2":"type-product","3":"status-publish","4":"has-post-thumbnail","6":"product_cat-narukvice-sa-privescima-charm-bracelets","7":"product_cat-srebrne-narukvice","9":"first","10":"outofstock","11":"shipping-taxable","12":"purchasable","13":"product-type-simple"},"_links":{"self":[{"href":"https:\/\/www.nakitsrebro.rs\/en\/wp-json\/wp\/v2\/product\/12928","targetHints":{"allow":["GET"]}}],"collection":[{"href":"https:\/\/www.nakitsrebro.rs\/en\/wp-json\/wp\/v2\/product"}],"about":[{"href":"https:\/\/www.nakitsrebro.rs\/en\/wp-json\/wp\/v2\/types\/product"}],"replies":[{"embeddable":true,"href":"https:\/\/www.nakitsrebro.rs\/en\/wp-json\/wp\/v2\/comments?post=12928"}],"wp:featuredmedia":[{"embeddable":true,"href":"https:\/\/www.nakitsrebro.rs\/en\/wp-json\/wp\/v2\/media\/12929"}],"wp:attachment":[{"href":"https:\/\/www.nakitsrebro.rs\/en\/wp-json\/wp\/v2\/media?parent=12928"}],"wp:term":[{"taxonomy":"product_brand","embeddable":true,"href":"https:\/\/www.nakitsrebro.rs\/en\/wp-json\/wp\/v2\/product_brand?post=12928"},{"taxonomy":"product_cat","embeddable":true,"href":"https:\/\/www.nakitsrebro.rs\/en\/wp-json\/wp\/v2\/product_cat?post=12928"},{"taxonomy":"product_tag","embeddable":true,"href":"https:\/\/www.nakitsrebro.rs\/en\/wp-json\/wp\/v2\/product_tag?post=12928"}],"curies":[{"name":"wp","href":"https:\/\/api.w.org\/{rel}","templated":true}]}}