{"id":12944,"date":"2025-11-13T09:56:35","date_gmt":"2025-11-13T09:56:35","guid":{"rendered":"https:\/\/www.nakitsrebro.rs\/?post_type=product&#038;p=12944"},"modified":"2026-02-04T10:13:49","modified_gmt":"2026-02-04T10:13:49","slug":"srebrna-ogrlica-blistavi-sjaj-701","status":"publish","type":"product","link":"https:\/\/www.nakitsrebro.rs\/en\/p\/srebrna-ogrlica-blistavi-sjaj-701\/","title":{"rendered":"Srebrna Ogrlica &#8222;Blistavi Sjaj&#8220; 701"},"content":{"rendered":"<ul>\n<li><b>Materijal:<\/b> Srebro<\/li>\n<li><b>Fino\u0107a:<\/b> 925<\/li>\n<li><b>Zavr\u0161na obrada:<\/b> <b>Rodinirano<\/b><\/li>\n<li><b>Kamen:<\/b> Cirkon (9 komada)<\/li>\n<li><b>Boja kamena:<\/b> Bela<\/li>\n<li><b>Grama\u017ea:<\/b>\u00a0<i>5,3 g<\/i><\/li>\n<li><b>\u0160ifra proizvoda:<\/b> 701<\/li>\n<li><b>Du\u017eina ogrlice:<\/b> <i>39 cm + 3 cm\u00a0<\/i><\/li>\n<li><b>Vrsta kop\u010danja:<\/b> Karabinjer kop\u010da<\/li>\n<li><b>Motiv\/Privezak:<\/b> Cirkon<\/li>\n<li>Ova elegantna ogrlica dizajnirana je da pru\u017ei moderan, slojevit izgled u jednom komadu. Izra\u0111ena je od najkvalitetnijeg srebra fino\u0107e 925, sa za\u0161titnim slojem rodijuma koji joj daje postojan sjaj belog zlata i \u0161titi je od oksidacije.Dizajn se sastoji od dva lanca razli\u010ditih du\u017eina, spojenih kod kop\u010de:\n<ol start=\"1\">\n<li><b>Kra\u0107i lanac:<\/b> Nosi jedan privezak u obliku poliranog, oblong &#8222;kaveza&#8220;. Unutar njega, jedan blistavi cirkon, stvaraju\u0107i &#8222;ple\u0161u\u0107i&#8220; efekat i hvataju\u0107i svetlost pri svakom pokretu.<\/li>\n<li><b>Du\u017ei lanac:<\/b> Ponavlja isti motiv sa identi\u010dnim &#8222;kavez&#8220; priveskom i pokretnim cirkonom.<\/li>\n<\/ol>\n<p>Oba lanca su dodatno ukra\u0161ena sa nekoliko fiksiranih, bezel-set cirkona (&#8222;station&#8220; stil), \u0161to dodaje na ukupnoj sofisticiranosti i sjaju. Ogrlica se kop\u010da sigurnosnom karabinjer kop\u010dom i poseduje produ\u017eni lan\u010di\u0107 za lako pode\u0161avanje du\u017eine. Savr\u0161en je izbor za dinami\u010dan i prefinjen stil.<\/li>\n<\/ul>","protected":false},"excerpt":{"rendered":"<p>Moderna, slojevita srebrna ogrlica (925) presvu\u010dena rodijumom. Sastoji se od dva lanca razli\u010dite du\u017eine, pri \u010demu svaki nosi po jedan privezak u obliku &#8222;kaveza&#8220; sa cirkonom. Dodatni cirkoni su diskretno raspore\u0111eni du\u017e oba lanca za maksimalan sjaj.<\/p>","protected":false},"featured_media":12945,"comment_status":"closed","ping_status":"closed","template":"","meta":[],"product_brand":[],"product_cat":[229],"product_tag":[],"class_list":{"0":"post-12944","1":"product","2":"type-product","3":"status-publish","4":"has-post-thumbnail","6":"product_cat-srebrne-ogrlice","8":"first","9":"instock","10":"shipping-taxable","11":"purchasable","12":"product-type-simple"},"_links":{"self":[{"href":"https:\/\/www.nakitsrebro.rs\/en\/wp-json\/wp\/v2\/product\/12944","targetHints":{"allow":["GET"]}}],"collection":[{"href":"https:\/\/www.nakitsrebro.rs\/en\/wp-json\/wp\/v2\/product"}],"about":[{"href":"https:\/\/www.nakitsrebro.rs\/en\/wp-json\/wp\/v2\/types\/product"}],"replies":[{"embeddable":true,"href":"https:\/\/www.nakitsrebro.rs\/en\/wp-json\/wp\/v2\/comments?post=12944"}],"wp:featuredmedia":[{"embeddable":true,"href":"https:\/\/www.nakitsrebro.rs\/en\/wp-json\/wp\/v2\/media\/12945"}],"wp:attachment":[{"href":"https:\/\/www.nakitsrebro.rs\/en\/wp-json\/wp\/v2\/media?parent=12944"}],"wp:term":[{"taxonomy":"product_brand","embeddable":true,"href":"https:\/\/www.nakitsrebro.rs\/en\/wp-json\/wp\/v2\/product_brand?post=12944"},{"taxonomy":"product_cat","embeddable":true,"href":"https:\/\/www.nakitsrebro.rs\/en\/wp-json\/wp\/v2\/product_cat?post=12944"},{"taxonomy":"product_tag","embeddable":true,"href":"https:\/\/www.nakitsrebro.rs\/en\/wp-json\/wp\/v2\/product_tag?post=12944"}],"curies":[{"name":"wp","href":"https:\/\/api.w.org\/{rel}","templated":true}]}}