{"id":12956,"date":"2025-11-13T10:41:46","date_gmt":"2025-11-13T10:41:46","guid":{"rendered":"https:\/\/www.nakitsrebro.rs\/?post_type=product&#038;p=12956"},"modified":"2025-11-13T10:41:47","modified_gmt":"2025-11-13T10:41:47","slug":"srebrna-ogrlica-kaskadne-suze-706","status":"publish","type":"product","link":"https:\/\/www.nakitsrebro.rs\/en\/p\/srebrna-ogrlica-kaskadne-suze-706\/","title":{"rendered":"Srebrna Ogrlica &#8222;Kaskadne Suze&#8220; 706"},"content":{"rendered":"<ul>\n<li><b>Materijal:<\/b> Srebro<\/li>\n<li><b>Fino\u0107a:<\/b> 925<\/li>\n<li><b>Zavr\u0161na obrada:\u00a0<\/b>Rodinirano<\/li>\n<li><b>Kamen:\u00a0<\/b>Cirkon<\/li>\n<li><b>Grama\u017ea:<\/b>\u00a0<i>3,4 g<\/i><\/li>\n<li><b>\u0160ifra proizvoda:<\/b> 706<\/li>\n<li><b>Du\u017eina ogrlice:<\/b> 40 cm + 3 cm (produ\u017eetak)<\/li>\n<li><b>Vrsta kop\u010danja:\u00a0<\/b>Karabinjer kop\u010da<\/li>\n<li><b>Motiv\/Privezak:<\/b> Niz (13) vise\u0107ih suza sa cirkonima<\/li>\n<li>Predstavljamo Vam izuzetno \u017eenstvenu i prefinjenu ogrlicu, izra\u0111enu od visoko poliranog srebra fino\u0107e 925, sa za\u0161titnom prevlakom od rodijuma koja joj daje sjaj belog zlata i \u0161titi je od tamnjenja.\n<p>Dizajn ove ogrlice je jedinstven po svom kaskadnom rasporedu. Du\u017e finog, ali izdr\u017eljivog lan\u010di\u0107a, raspore\u0111en je niz vise\u0107ih elemenata u obliku suze. Svaki od ovih elemenata sadr\u017ei po jedan briljantni kubni cirkon, precizno bru\u0161en u kru\u0161koliki (pear) oblik kako bi maksimizirao prelamanje svetlosti. Vise\u0107i privesci su postavljeni na malim razmacima, stvaraju\u0107i prelep vizuelni ritam i igru svetlosti pri svakom pokretu.<\/p>\n<p>Ogrlica poseduje sigurnu karabinjer kop\u010du i prakti\u010dan lan\u010di\u0107 za produ\u017eavanje, \u0161to omogu\u0107ava lako prilago\u0111avanje du\u017eine. Savr\u0161ena je kao samostalan, efektan komad nakita (statement piece) ili kao deo elegantnog slojevitog stila.<\/li>\n<\/ul>","protected":false},"excerpt":{"rendered":"<p>O\u010daravaju\u0107a srebrna ogrlica (925) presvu\u010dena rodijumom, koja se isti\u010de nizom vise\u0107ih privezaka u obliku suze. Svaki privezak je ukra\u0161en blistavim cirkonom kru\u0161kolikog (pear-cut) brusa, stvaraju\u0107i elegantan i dinami\u010dan kaskadni efekat.<\/p>","protected":false},"featured_media":12957,"comment_status":"closed","ping_status":"closed","template":"","meta":[],"product_brand":[],"product_cat":[229],"product_tag":[],"class_list":{"0":"post-12956","1":"product","2":"type-product","3":"status-publish","4":"has-post-thumbnail","6":"product_cat-srebrne-ogrlice","8":"first","9":"instock","10":"shipping-taxable","11":"purchasable","12":"product-type-simple"},"_links":{"self":[{"href":"https:\/\/www.nakitsrebro.rs\/en\/wp-json\/wp\/v2\/product\/12956","targetHints":{"allow":["GET"]}}],"collection":[{"href":"https:\/\/www.nakitsrebro.rs\/en\/wp-json\/wp\/v2\/product"}],"about":[{"href":"https:\/\/www.nakitsrebro.rs\/en\/wp-json\/wp\/v2\/types\/product"}],"replies":[{"embeddable":true,"href":"https:\/\/www.nakitsrebro.rs\/en\/wp-json\/wp\/v2\/comments?post=12956"}],"wp:featuredmedia":[{"embeddable":true,"href":"https:\/\/www.nakitsrebro.rs\/en\/wp-json\/wp\/v2\/media\/12957"}],"wp:attachment":[{"href":"https:\/\/www.nakitsrebro.rs\/en\/wp-json\/wp\/v2\/media?parent=12956"}],"wp:term":[{"taxonomy":"product_brand","embeddable":true,"href":"https:\/\/www.nakitsrebro.rs\/en\/wp-json\/wp\/v2\/product_brand?post=12956"},{"taxonomy":"product_cat","embeddable":true,"href":"https:\/\/www.nakitsrebro.rs\/en\/wp-json\/wp\/v2\/product_cat?post=12956"},{"taxonomy":"product_tag","embeddable":true,"href":"https:\/\/www.nakitsrebro.rs\/en\/wp-json\/wp\/v2\/product_tag?post=12956"}],"curies":[{"name":"wp","href":"https:\/\/api.w.org\/{rel}","templated":true}]}}