{"id":13016,"date":"2025-11-24T14:15:06","date_gmt":"2025-11-24T14:15:06","guid":{"rendered":"https:\/\/www.nakitsrebro.rs\/?post_type=product&#038;p=13016"},"modified":"2025-12-11T13:30:38","modified_gmt":"2025-12-11T13:30:38","slug":"srebrni-lanac-tri-pa-jedan-204-2","status":"publish","type":"product","link":"https:\/\/www.nakitsrebro.rs\/en\/p\/srebrni-lanac-tri-pa-jedan-204-2\/","title":{"rendered":"Srebrni lanac \u201eTRI PA JEDAN\u201c 204"},"content":{"rendered":"<ul>\n<li><b>Materijal:<\/b> Srebro<\/li>\n<li><b>Fino\u0107a:<\/b> 925<\/li>\n<li><b>Zavr\u0161na obrada:<\/b> Visoki sjaj<\/li>\n<li><b>Kamen:\u00a0<\/b>Nema<\/li>\n<li><b>Grama\u017ea:<\/b>\u00a0<i>10,7 g<\/i><\/li>\n<li><b>\u0160ifra proizvoda:<\/b> 202<\/li>\n<li><b>\u0160irina:<\/b> 4,4mm<\/li>\n<li><b>Du\u017eina ogrlice:<\/b> <i>60 cm\u00a0<\/i><\/li>\n<li><b>Vrsta kop\u010danja:<\/b> Papagaj kop\u010da<\/li>\n<li>\n<p data-path-to-node=\"9,6,0\"><b>Pol:<\/b> Unisex (veoma popularan mu\u0161ki model)<\/p>\n<\/li>\n<li>\n<p data-path-to-node=\"11\">Figaro lanac je inspirisan italijanskom operom i ve\u0107 decenijama va\u017ei za standard dobrog ukusa. Njegova lepota le\u017ei u ritmi\u010dnom ponavljanju karika \u2013 tri manje karike se smenjuju sa jednom izdu\u017eenom, stvaraju\u0107i dinami\u010dan i zanimljiv vizuelni efekat.<\/p>\n<p data-path-to-node=\"12\"><b>Glavne karakteristike ovog modela:<\/b><\/p>\n<ul data-path-to-node=\"13\">\n<li>\n<p data-path-to-node=\"13,0,0\"><b>Izuzetna udobnost:<\/b> Karike su &#8222;peglane&#8220;, odnosno ravne, \u0161to zna\u010di da ogrlica savr\u0161eno le\u017ee na vrat i ne uvr\u0107e se. Ovo je \u010dini izuzetno prijatnom za svakodnevno no\u0161enje.<\/p>\n<\/li>\n<li>\n<p data-path-to-node=\"13,1,0\"><b>Univerzalni stil:<\/b> Iako je ovo jedan od najpopularnijih izbora za <b>mu\u0161ki lanac<\/b> zbog svog robustnog izgleda, tanje varijante Figara su izuzetno elegantne i na \u017eenskom vratu.<\/p>\n<\/li>\n<li>\n<p data-path-to-node=\"13,2,0\"><b>Visok sjaj:<\/b> Zahvaljuju\u0107i dijamantiranoj obradi (preciznom se\u010denju ivica), svaka karika hvata svetlost, daju\u0107i ogrlici luksuzan izgled bez preterivanja.<\/p>\n<\/li>\n<li>\n<p data-path-to-node=\"13,3,0\"><b>Sigurnost:<\/b> Opremljena je kvalitetnom &#8222;papagaj&#8220; kop\u010dom koja je \u010dvr\u0161\u0107a i lak\u0161a za rukovanje od klasi\u010dnih okruglih kop\u010di, pru\u017eaju\u0107i vam sigurnost da \u0107e nakit ostati tamo gde treba.<\/p>\n<\/li>\n<\/ul>\n<p data-path-to-node=\"14\">Ovo je ogrlica koja se nasle\u0111uje. Bilo da je kupujete kao poklon za kr\u0161tenje, ro\u0111endan ili kao li\u010dni detalj, Figaro rad je investicija u stil koji ne prolazi.<\/p>\n<\/li>\n<\/ul>","protected":false},"excerpt":{"rendered":"<p data-path-to-node=\"1\">Simbol stila i tradicije. Ova srebrna Figaro ogrlica se odlikuje prepoznatljivim naizmeni\u010dnim nizanjem karika (3 kratke + 1 duga). Ravnog profila i visokog sjaja, predstavlja savr\u0161en izbor za one koji tra\u017ee upe\u010datljiv, ali sofisticiran nakit. Idealna za samostalno no\u0161enje ili uz ve\u0107e priveske.<\/p>\n<p>&nbsp;<\/p>","protected":false},"featured_media":13017,"comment_status":"closed","ping_status":"closed","template":"","meta":[],"product_brand":[],"product_cat":[230],"product_tag":[260],"class_list":{"0":"post-13016","1":"product","2":"type-product","3":"status-publish","4":"has-post-thumbnail","6":"product_cat-srebrni-lanci","7":"product_tag-srebrni-lanac","9":"first","10":"instock","11":"shipping-taxable","12":"purchasable","13":"product-type-simple"},"_links":{"self":[{"href":"https:\/\/www.nakitsrebro.rs\/en\/wp-json\/wp\/v2\/product\/13016","targetHints":{"allow":["GET"]}}],"collection":[{"href":"https:\/\/www.nakitsrebro.rs\/en\/wp-json\/wp\/v2\/product"}],"about":[{"href":"https:\/\/www.nakitsrebro.rs\/en\/wp-json\/wp\/v2\/types\/product"}],"replies":[{"embeddable":true,"href":"https:\/\/www.nakitsrebro.rs\/en\/wp-json\/wp\/v2\/comments?post=13016"}],"wp:featuredmedia":[{"embeddable":true,"href":"https:\/\/www.nakitsrebro.rs\/en\/wp-json\/wp\/v2\/media\/13017"}],"wp:attachment":[{"href":"https:\/\/www.nakitsrebro.rs\/en\/wp-json\/wp\/v2\/media?parent=13016"}],"wp:term":[{"taxonomy":"product_brand","embeddable":true,"href":"https:\/\/www.nakitsrebro.rs\/en\/wp-json\/wp\/v2\/product_brand?post=13016"},{"taxonomy":"product_cat","embeddable":true,"href":"https:\/\/www.nakitsrebro.rs\/en\/wp-json\/wp\/v2\/product_cat?post=13016"},{"taxonomy":"product_tag","embeddable":true,"href":"https:\/\/www.nakitsrebro.rs\/en\/wp-json\/wp\/v2\/product_tag?post=13016"}],"curies":[{"name":"wp","href":"https:\/\/api.w.org\/{rel}","templated":true}]}}