{"id":13072,"date":"2025-11-26T10:22:54","date_gmt":"2025-11-26T10:22:54","guid":{"rendered":"https:\/\/www.nakitsrebro.rs\/?post_type=product&#038;p=13072"},"modified":"2025-12-23T13:54:40","modified_gmt":"2025-12-23T13:54:40","slug":"srebrna-ogrlica-za-decu-stic-700","status":"publish","type":"product","link":"https:\/\/www.nakitsrebro.rs\/en\/p\/srebrna-ogrlica-za-decu-stic-700\/","title":{"rendered":"Srebrna ogrlica za decu \u201eSTI\u010c\u201c 700"},"content":{"rendered":"<ul>\n<li><b>Materijal:<\/b> Srebro<\/li>\n<li><b>Fino\u0107a:<\/b> 925<\/li>\n<li><b>Zavr\u0161na obrada:<\/b> Rodijum<\/li>\n<li><b>Kamen:\u00a0<\/b>Emajl<\/li>\n<li><b>Boja kamena:<\/b> Roze emajl<\/li>\n<li><b>Grama\u017ea:<\/b>\u00a0<i>3,2 g<\/i><\/li>\n<li><b>\u0160ifra proizvoda:<\/b> 700<\/li>\n<li><b>Du\u017eina ogrlice:<\/b> <i>45 cm\u00a0<\/i><\/li>\n<li><b>Vrsta kop\u010danja:<\/b> Alka kop\u010da<\/li>\n<li><b>Motiv\/Privezak:\u00a0<\/b>Angel (devojka Sti\u010da)<\/li>\n<li>Ova predivna de\u010dija ogrlica dizajnirana je sa posebnom pa\u017enjom za sve male ljubitelje popularnog crtanog filma <i>Lilo &amp; Stitch<\/i>. Privezak predstavlja lik <b>Angel<\/b> \u2013 poznatu i kao &#8222;\u017eenski Sti\u010d&#8220; \u2013 koja je simbol ljubavi, prijateljstva i zabave. Ogrlica je izra\u0111ena od visokokvalitetnog <b>Srebra 925 <\/b>presvucena slojem rodijuma, \u0161to je \u010dini sigurnom za osetljivu de\u010diju ko\u017eu. Privezak je precizno obojen postojanim emajlom u ne\u017enim nijansama roze i ljubi\u010daste boje, verno prikazuju\u0107i simpati\u010dni lik u sede\u0107em polo\u017eaju.<\/li>\n<li>\n<p data-path-to-node=\"15\"><b>Savr\u0161en Poklon:<\/b> Bilo da je u pitanju ro\u0111endan, polazak u \u0161kolu, odli\u010dan uspeh ili jednostavno znak pa\u017enje, ova ogrlica je poklon koji \u0107e se pamtiti. Angel, kao jedan od najpopularnijih likova me\u0111u devoj\u010dicama danas, \u010dini ovaj komad nakita modernim i tra\u017eenim dodatkom.<\/p>\n<p data-path-to-node=\"16\">Neka va\u0161a devoj\u010dica nosi svoju omiljenu junakinju svuda sa sobom!<\/p>\n<\/li>\n<\/ul>","protected":false},"excerpt":{"rendered":"<p>Obradujte va\u0161u princezu ovom neodoljivom de\u010dijom ogrlicom sa motivom omiljene crtane junakinje Angel (devojka Sti\u010da). Izra\u0111ena od kvalitetnog srebra i ukra\u0161ena veselim roze emajlom, ova ogrlica je savr\u0161en poklon koji donosi osmeh i dozu magije u svaki dan.<\/p>","protected":false},"featured_media":13073,"comment_status":"closed","ping_status":"closed","template":"","meta":[],"product_brand":[],"product_cat":[231,233],"product_tag":[],"class_list":{"0":"post-13072","1":"product","2":"type-product","3":"status-publish","4":"has-post-thumbnail","6":"product_cat-nakit-za-decu","7":"product_cat-narukvice-i-ogrlice","9":"first","10":"outofstock","11":"shipping-taxable","12":"purchasable","13":"product-type-simple"},"_links":{"self":[{"href":"https:\/\/www.nakitsrebro.rs\/en\/wp-json\/wp\/v2\/product\/13072","targetHints":{"allow":["GET"]}}],"collection":[{"href":"https:\/\/www.nakitsrebro.rs\/en\/wp-json\/wp\/v2\/product"}],"about":[{"href":"https:\/\/www.nakitsrebro.rs\/en\/wp-json\/wp\/v2\/types\/product"}],"replies":[{"embeddable":true,"href":"https:\/\/www.nakitsrebro.rs\/en\/wp-json\/wp\/v2\/comments?post=13072"}],"wp:featuredmedia":[{"embeddable":true,"href":"https:\/\/www.nakitsrebro.rs\/en\/wp-json\/wp\/v2\/media\/13073"}],"wp:attachment":[{"href":"https:\/\/www.nakitsrebro.rs\/en\/wp-json\/wp\/v2\/media?parent=13072"}],"wp:term":[{"taxonomy":"product_brand","embeddable":true,"href":"https:\/\/www.nakitsrebro.rs\/en\/wp-json\/wp\/v2\/product_brand?post=13072"},{"taxonomy":"product_cat","embeddable":true,"href":"https:\/\/www.nakitsrebro.rs\/en\/wp-json\/wp\/v2\/product_cat?post=13072"},{"taxonomy":"product_tag","embeddable":true,"href":"https:\/\/www.nakitsrebro.rs\/en\/wp-json\/wp\/v2\/product_tag?post=13072"}],"curies":[{"name":"wp","href":"https:\/\/api.w.org\/{rel}","templated":true}]}}