{"id":13167,"date":"2025-12-04T09:11:07","date_gmt":"2025-12-04T09:11:07","guid":{"rendered":"https:\/\/www.nakitsrebro.rs\/?post_type=product&#038;p=13167"},"modified":"2026-01-10T20:33:47","modified_gmt":"2026-01-10T20:33:47","slug":"narukvica-za-decu-crveni-kaucuk-202-kopiraj","status":"publish","type":"product","link":"https:\/\/www.nakitsrebro.rs\/en\/p\/narukvica-za-decu-crveni-kaucuk-202-kopiraj\/","title":{"rendered":"Narukvica za decu \u201eCRVENI KAU\u010cUK\u201c 202"},"content":{"rendered":"<ul>\n<li data-path-to-node=\"6,0,0\"><b>Te\u017eina:<\/b> 2,3 g<\/li>\n<li data-path-to-node=\"6,1,0\"><b>Du\u017eina:<\/b> 14,5 cm (prilago\u0111ena za de\u010diju ruku)<\/li>\n<li data-path-to-node=\"6,2,0\"><b>Debljina narukvice:<\/b> 3 mm<\/li>\n<li data-path-to-node=\"6,3,0\"><b>Materijal:<\/b> Srebro 925, Crveni kau\u010duk<\/li>\n<li data-path-to-node=\"6,4,0\"><b>Kop\u010da:<\/b> Alka<\/li>\n<li data-path-to-node=\"6,5,0\"><b>Motiv:<\/b> Srebrna cev\u010dica<\/li>\n<li data-path-to-node=\"6,5,0\">\n<p data-path-to-node=\"9\">Ova narukvica je specijalno dizajnirana za decu, spajaju\u0107i udobnost no\u0161enja sa trajno\u0161\u0107u. Osnovu \u010dini fleksibilan <b>crveni kau\u010duk<\/b> debljine 3 mm, koji je otporan i prijatan na ko\u017ei, \u0161to ga \u010dini idealnim za svakodnevne de\u010dije aktivnosti.<\/p>\n<p data-path-to-node=\"10\">Crvena boja gume nosi tradicionalnu simboliku za\u0161tite i sre\u0107e. Moderan izgled narukvici daje centralni element \u2013 glatka, blago zakrivljena <b>cev\u010dica od srebra 925<\/b> visokog sjaja, koja lepo prati liniju ru\u010dnog zgloba.<\/p>\n<p data-path-to-node=\"11\">Za razliku od narukvica na vezivanje, ovaj model poseduje sigurnu srebrnu <b>alka kop\u010du<\/b>, koja osigurava da narukvica ostane na ruci. Sa du\u017einom od 14,5 cm, savr\u0161eno odgovara mla\u0111em uzrastu.<\/p>\n<\/li>\n<\/ul>","protected":false},"excerpt":{"rendered":"<p>Moderna i izdr\u017eljiva narukvica za decu. Izra\u0111ena je od crvenog kau\u010duka debljine 3 mm, upotpunjena elegantnom, savijenom cev\u010dicom i kop\u010dom od srebra 925. Udoban i simboli\u010dan komad nakita za najmla\u0111e.<\/p>","protected":false},"featured_media":12156,"comment_status":"closed","ping_status":"closed","template":"","meta":[],"product_brand":[],"product_cat":[231,233],"product_tag":[256,257],"class_list":{"0":"post-13167","1":"product","2":"type-product","3":"status-publish","4":"has-post-thumbnail","6":"product_cat-nakit-za-decu","7":"product_cat-narukvice-i-ogrlice","8":"product_tag-nakit-za-decu","9":"product_tag-narukvice-za-decu","11":"first","12":"instock","13":"shipping-taxable","14":"purchasable","15":"product-type-simple"},"_links":{"self":[{"href":"https:\/\/www.nakitsrebro.rs\/en\/wp-json\/wp\/v2\/product\/13167","targetHints":{"allow":["GET"]}}],"collection":[{"href":"https:\/\/www.nakitsrebro.rs\/en\/wp-json\/wp\/v2\/product"}],"about":[{"href":"https:\/\/www.nakitsrebro.rs\/en\/wp-json\/wp\/v2\/types\/product"}],"replies":[{"embeddable":true,"href":"https:\/\/www.nakitsrebro.rs\/en\/wp-json\/wp\/v2\/comments?post=13167"}],"wp:featuredmedia":[{"embeddable":true,"href":"https:\/\/www.nakitsrebro.rs\/en\/wp-json\/wp\/v2\/media\/12156"}],"wp:attachment":[{"href":"https:\/\/www.nakitsrebro.rs\/en\/wp-json\/wp\/v2\/media?parent=13167"}],"wp:term":[{"taxonomy":"product_brand","embeddable":true,"href":"https:\/\/www.nakitsrebro.rs\/en\/wp-json\/wp\/v2\/product_brand?post=13167"},{"taxonomy":"product_cat","embeddable":true,"href":"https:\/\/www.nakitsrebro.rs\/en\/wp-json\/wp\/v2\/product_cat?post=13167"},{"taxonomy":"product_tag","embeddable":true,"href":"https:\/\/www.nakitsrebro.rs\/en\/wp-json\/wp\/v2\/product_tag?post=13167"}],"curies":[{"name":"wp","href":"https:\/\/api.w.org\/{rel}","templated":true}]}}