{"id":13168,"date":"2025-12-04T09:32:25","date_gmt":"2025-12-04T09:32:25","guid":{"rendered":"https:\/\/www.nakitsrebro.rs\/?post_type=product&#038;p=13168"},"modified":"2025-12-04T09:33:00","modified_gmt":"2025-12-04T09:33:00","slug":"narukvica-za-decu-crveni-kaucuk-203","status":"publish","type":"product","link":"https:\/\/www.nakitsrebro.rs\/en\/p\/narukvica-za-decu-crveni-kaucuk-203\/","title":{"rendered":"Narukvica za decu \u201eCRVENI KAU\u010cUK\u201c 203"},"content":{"rendered":"<ul>\n<li data-path-to-node=\"5,0,0\"><b>Te\u017eina:<\/b> 2,3 g<\/li>\n<li data-path-to-node=\"5,1,0\"><b>Du\u017eina:<\/b> 14 + 3 cm<\/li>\n<li data-path-to-node=\"5,2,0\"><b>Debljina narukvice:<\/b> 3 mm<\/li>\n<li data-path-to-node=\"5,3,0\"><b>Materijal:<\/b> Srebro 925, Crveni kau\u010duk<\/li>\n<li data-path-to-node=\"5,4,0\"><b>Kop\u010da:<\/b> Alka<\/li>\n<li data-path-to-node=\"5,5,0\"><b>Dizajn:<\/b> Pet srebrnih elemenata<\/li>\n<li data-path-to-node=\"5,5,0\">\n<p data-path-to-node=\"8\">Ova narukvica je savr\u0161en spoj funkcionalnosti i stila za najmla\u0111e. Osnova je izra\u0111ena od <b>crvenog kau\u010duka debljine 3 mm<\/b>, materijala koji je poznat po svojoj izdr\u017eljivosti, fleksibilnosti i udobnosti za svakodnevno no\u0161enje.<\/p>\n<p data-path-to-node=\"9\">Dizajn se isti\u010de nizom od <b>pet manjih srebrnih prstenova (tubica)<\/b> koji su ravnomerno raspore\u0111eni na prednjem delu narukvice, stvaraju\u0107i zanimljiv vizuelni efekat kontrasta izme\u0111u jarko crvene boje i sjaja srebra.<\/p>\n<p data-path-to-node=\"10\">Narukvica se zatvara sigurnom srebrnom <b>alka kop\u010dom<\/b>, a poseban dodatak je <b>lan\u010di\u0107 za produ\u017eetak<\/b>, koji omogu\u0107ava da se veli\u010dina korigujemo kako dete raste, \u010dine\u0107i ovaj komad nakita dugotrajnom uspomenom.<\/p>\n<\/li>\n<\/ul>","protected":false},"excerpt":{"rendered":"<p>Atraktivna i otporna narukvica za decu, izra\u0111ena od crvenog kau\u010duka debljine 3 mm. Umesto jednog elementa, krase je pet raspore\u0111enih srebrnih prstenova, \u010dine\u0107i je razigranim i modernim detaljem.<\/p>","protected":false},"featured_media":13169,"comment_status":"closed","ping_status":"closed","template":"","meta":[],"product_brand":[],"product_cat":[231,233],"product_tag":[],"class_list":{"0":"post-13168","1":"product","2":"type-product","3":"status-publish","4":"has-post-thumbnail","6":"product_cat-nakit-za-decu","7":"product_cat-narukvice-i-ogrlice","9":"first","10":"instock","11":"shipping-taxable","12":"purchasable","13":"product-type-simple"},"_links":{"self":[{"href":"https:\/\/www.nakitsrebro.rs\/en\/wp-json\/wp\/v2\/product\/13168","targetHints":{"allow":["GET"]}}],"collection":[{"href":"https:\/\/www.nakitsrebro.rs\/en\/wp-json\/wp\/v2\/product"}],"about":[{"href":"https:\/\/www.nakitsrebro.rs\/en\/wp-json\/wp\/v2\/types\/product"}],"replies":[{"embeddable":true,"href":"https:\/\/www.nakitsrebro.rs\/en\/wp-json\/wp\/v2\/comments?post=13168"}],"wp:featuredmedia":[{"embeddable":true,"href":"https:\/\/www.nakitsrebro.rs\/en\/wp-json\/wp\/v2\/media\/13169"}],"wp:attachment":[{"href":"https:\/\/www.nakitsrebro.rs\/en\/wp-json\/wp\/v2\/media?parent=13168"}],"wp:term":[{"taxonomy":"product_brand","embeddable":true,"href":"https:\/\/www.nakitsrebro.rs\/en\/wp-json\/wp\/v2\/product_brand?post=13168"},{"taxonomy":"product_cat","embeddable":true,"href":"https:\/\/www.nakitsrebro.rs\/en\/wp-json\/wp\/v2\/product_cat?post=13168"},{"taxonomy":"product_tag","embeddable":true,"href":"https:\/\/www.nakitsrebro.rs\/en\/wp-json\/wp\/v2\/product_tag?post=13168"}],"curies":[{"name":"wp","href":"https:\/\/api.w.org\/{rel}","templated":true}]}}