{"id":13178,"date":"2025-12-04T10:11:00","date_gmt":"2025-12-04T10:11:00","guid":{"rendered":"https:\/\/www.nakitsrebro.rs\/?post_type=product&#038;p=13178"},"modified":"2025-12-04T10:11:01","modified_gmt":"2025-12-04T10:11:01","slug":"narukvica-za-decu-plocica-206-2","status":"publish","type":"product","link":"https:\/\/www.nakitsrebro.rs\/en\/p\/narukvica-za-decu-plocica-206-2\/","title":{"rendered":"Narukvica za decu \u201ePLO\u010cICA\u201c 206"},"content":{"rendered":"<ul>\n<li data-path-to-node=\"5,0,0\"><b>Te\u017eina:<\/b> 3 g<\/li>\n<li data-path-to-node=\"5,1,0\"><b>Du\u017eina:<\/b> 15 cm<\/li>\n<li data-path-to-node=\"5,2,0\"><b>Dimenzije plo\u010dice:<\/b> 2 x 0,5 cm<\/li>\n<li data-path-to-node=\"5,3,0\"><b>Materijal:<\/b> Srebro 925<\/li>\n<li data-path-to-node=\"5,4,0\"><b>Kop\u010da:<\/b> Papagaj kop\u010da<\/li>\n<li data-path-to-node=\"5,5,0\"><b>Dizajn:<\/b> Lan\u010di\u0107 sa plo\u010dicom<\/li>\n<li data-path-to-node=\"5,5,0\">\n<p data-path-to-node=\"8\">Ova narukvica je vi\u0161e od obi\u010dnog komada nakita; ona je trajna uspomena. Izra\u0111ena je od kvalitetnog srebra 925 u vidu \u010dvrstog lan\u010di\u0107a (&#8222;pancir&#8220; rad), koji je udoban za no\u0161enje i otporan na svakodnevne de\u010dije aktivnosti.<\/p>\n<p data-path-to-node=\"9\">Centralni deo narukvice krasi glatka, pravougaona <b>plo\u010dica dimenzija 2 x 0,5 cm<\/b>. Njena sjajna povr\u0161ina je idealna za personalizaciju \u2013 <b>graviranje imena deteta ili datuma ro\u0111enja<\/b>, \u010dime ovaj poklon dobija li\u010dni pe\u010dat.<\/p>\n<p data-path-to-node=\"10\">Za maksimalnu sigurnost, narukvica je opremljena \u010dvrstom <b>papagaj kop\u010dom<\/b>, koja osigurava da nakit ostane bezbedno na ruci. Sa du\u017einom od 15 cm, odli\u010dno pristaje de\u010dijem uzrastu.<\/p>\n<\/li>\n<\/ul>","protected":false},"excerpt":{"rendered":"<p>Klasi\u010dna i elegantna narukvica za decu od srebra 925. Dizajnirana sa centralnom plo\u010dicom pogodnom za graviranje imena ili va\u017enog datuma, predstavlja savr\u0161en poklon za ro\u0111enja i kr\u0161tenja.<\/p>","protected":false},"featured_media":13179,"comment_status":"closed","ping_status":"closed","template":"","meta":[],"product_brand":[],"product_cat":[231,233],"product_tag":[],"class_list":{"0":"post-13178","1":"product","2":"type-product","3":"status-publish","4":"has-post-thumbnail","6":"product_cat-nakit-za-decu","7":"product_cat-narukvice-i-ogrlice","9":"first","10":"instock","11":"shipping-taxable","12":"purchasable","13":"product-type-simple"},"_links":{"self":[{"href":"https:\/\/www.nakitsrebro.rs\/en\/wp-json\/wp\/v2\/product\/13178","targetHints":{"allow":["GET"]}}],"collection":[{"href":"https:\/\/www.nakitsrebro.rs\/en\/wp-json\/wp\/v2\/product"}],"about":[{"href":"https:\/\/www.nakitsrebro.rs\/en\/wp-json\/wp\/v2\/types\/product"}],"replies":[{"embeddable":true,"href":"https:\/\/www.nakitsrebro.rs\/en\/wp-json\/wp\/v2\/comments?post=13178"}],"wp:featuredmedia":[{"embeddable":true,"href":"https:\/\/www.nakitsrebro.rs\/en\/wp-json\/wp\/v2\/media\/13179"}],"wp:attachment":[{"href":"https:\/\/www.nakitsrebro.rs\/en\/wp-json\/wp\/v2\/media?parent=13178"}],"wp:term":[{"taxonomy":"product_brand","embeddable":true,"href":"https:\/\/www.nakitsrebro.rs\/en\/wp-json\/wp\/v2\/product_brand?post=13178"},{"taxonomy":"product_cat","embeddable":true,"href":"https:\/\/www.nakitsrebro.rs\/en\/wp-json\/wp\/v2\/product_cat?post=13178"},{"taxonomy":"product_tag","embeddable":true,"href":"https:\/\/www.nakitsrebro.rs\/en\/wp-json\/wp\/v2\/product_tag?post=13178"}],"curies":[{"name":"wp","href":"https:\/\/api.w.org\/{rel}","templated":true}]}}