{"id":13182,"date":"2025-12-04T10:30:23","date_gmt":"2025-12-04T10:30:23","guid":{"rendered":"https:\/\/www.nakitsrebro.rs\/?post_type=product&#038;p=13182"},"modified":"2025-12-04T11:59:27","modified_gmt":"2025-12-04T11:59:27","slug":"srebrna-narukvica-crveni-kaucuk-208","status":"publish","type":"product","link":"https:\/\/www.nakitsrebro.rs\/en\/p\/srebrna-narukvica-crveni-kaucuk-208\/","title":{"rendered":"Srebrna narukvica &#8222;Crveni Kau\u010duk&#8220; 208"},"content":{"rendered":"<ul>\n<li data-path-to-node=\"5,0,0\"><b>Te\u017eina:<\/b> 3,4 g<\/li>\n<li data-path-to-node=\"5,1,0\"><b>Du\u017eina:<\/b> 20 cm<\/li>\n<li data-path-to-node=\"5,2,0\"><b>Debljina narukvice:<\/b> 3,5 mm<\/li>\n<li data-path-to-node=\"5,3,0\"><b>Materijal:<\/b> Srebro 925, Crveni kau\u010duk<\/li>\n<li data-path-to-node=\"5,4,0\"><b>Kop\u010da:<\/b> Alka<\/li>\n<li><b>Dizajn:<\/b> Centralna tuba sa dekorativnim prstenovima<\/li>\n<li>\n<p data-path-to-node=\"8\">Ova narukvica je dizajnirana za one koji vole upe\u010datljiv i urban nakit. Osnovu \u010dini izdr\u017eljiv <b>crveni kau\u010duk debljine 3,5 mm<\/b>, koji je veoma udoban na ruci i otporan na vlagu, \u0161to ga \u010dini idealnim za svakodnevno no\u0161enje.<\/p>\n<p data-path-to-node=\"9\">Dizajn je oboga\u0107en bogatim srebrnim detaljima: dominira centralna, blago zakrivljena <b>srebrna cev\u010dica (tube)<\/b> koja prati oblik zgloba, dok je sa obe strane prati niz od po tri manja <b>srebrna prstena<\/b>. Ovaj raspored elemenata daje narukvici simetriju i &#8222;puniji&#8220; izgled.<\/p>\n<p data-path-to-node=\"10\">Du\u017eina od <b>20 cm<\/b> prilago\u0111ena je odraslim osobama. Krajevi narukvice su zavr\u0161eni srebrnim kapicama i pouzdanom <b>alka kop\u010dom<\/b>, garantuju\u0107i sigurnost i kvalitet.<\/p>\n<\/li>\n<\/ul>","protected":false},"excerpt":{"rendered":"<p>Atraktivna mu\u0161ka\/\u017eenska narukvica od crvenog kau\u010duka, oboga\u0107ena elementima od srebra 925. Centralni deo \u010dini duga\u010dka zakrivljena cev\u010dica, dok su sa strane nanizani manji srebrni prstenovi, stvaraju\u0107i dinami\u010dan i moderan izgled.<\/p>","protected":false},"featured_media":13183,"comment_status":"closed","ping_status":"closed","template":"","meta":[],"product_brand":[],"product_cat":[302,228],"product_tag":[],"class_list":{"0":"post-13182","1":"product","2":"type-product","3":"status-publish","4":"has-post-thumbnail","6":"product_cat-srebrne-narukvice-srebrne-narukvice-3","7":"product_cat-srebrne-narukvice","9":"first","10":"instock","11":"shipping-taxable","12":"purchasable","13":"product-type-simple"},"_links":{"self":[{"href":"https:\/\/www.nakitsrebro.rs\/en\/wp-json\/wp\/v2\/product\/13182","targetHints":{"allow":["GET"]}}],"collection":[{"href":"https:\/\/www.nakitsrebro.rs\/en\/wp-json\/wp\/v2\/product"}],"about":[{"href":"https:\/\/www.nakitsrebro.rs\/en\/wp-json\/wp\/v2\/types\/product"}],"replies":[{"embeddable":true,"href":"https:\/\/www.nakitsrebro.rs\/en\/wp-json\/wp\/v2\/comments?post=13182"}],"wp:featuredmedia":[{"embeddable":true,"href":"https:\/\/www.nakitsrebro.rs\/en\/wp-json\/wp\/v2\/media\/13183"}],"wp:attachment":[{"href":"https:\/\/www.nakitsrebro.rs\/en\/wp-json\/wp\/v2\/media?parent=13182"}],"wp:term":[{"taxonomy":"product_brand","embeddable":true,"href":"https:\/\/www.nakitsrebro.rs\/en\/wp-json\/wp\/v2\/product_brand?post=13182"},{"taxonomy":"product_cat","embeddable":true,"href":"https:\/\/www.nakitsrebro.rs\/en\/wp-json\/wp\/v2\/product_cat?post=13182"},{"taxonomy":"product_tag","embeddable":true,"href":"https:\/\/www.nakitsrebro.rs\/en\/wp-json\/wp\/v2\/product_tag?post=13182"}],"curies":[{"name":"wp","href":"https:\/\/api.w.org\/{rel}","templated":true}]}}