{"id":13185,"date":"2025-12-04T10:30:35","date_gmt":"2025-12-04T10:30:35","guid":{"rendered":"https:\/\/www.nakitsrebro.rs\/?post_type=product&#038;p=13185"},"modified":"2025-12-04T10:40:26","modified_gmt":"2025-12-04T10:40:26","slug":"srebrna-narukvica-crveni-kaucuk-201","status":"publish","type":"product","link":"https:\/\/www.nakitsrebro.rs\/en\/p\/srebrna-narukvica-crveni-kaucuk-201\/","title":{"rendered":"Srebrna narukvica &#8222;Crveni Kau\u010duk&#8220; 201"},"content":{"rendered":"<ul>\n<li data-path-to-node=\"5,0,0\"><b>Te\u017eina:<\/b> 2,7 g<\/li>\n<li data-path-to-node=\"5,1,0\"><b>Du\u017eina:<\/b> 20 cm<\/li>\n<li data-path-to-node=\"5,2,0\"><b>Debljina narukvice:<\/b> 3,5 mm<\/li>\n<li data-path-to-node=\"5,3,0\"><b>Materijal:<\/b> Srebro 925, Crveni kau\u010duk<\/li>\n<li data-path-to-node=\"5,4,0\"><b>Kop\u010da:<\/b> Alka<\/li>\n<li><b>Dizajn:<\/b> \u0160est grupa po tri srebrna prstena<\/li>\n<li>\n<p data-path-to-node=\"9\">Ova narukvica je idealna za one koji preferiraju sveden, ali efektan nakit. Izra\u0111ena je od kvalitetnog <b>crvenog kau\u010duka debljine 3,5 mm<\/b>, koji je izuzetno otporan i udoban za svakodnevno no\u0161enje.<\/p>\n<p data-path-to-node=\"10\">Dizajn je fokusiran na simetriju i kontrast. Na narukvici su raspore\u0111ene <b>\u0161est grupa od po tri srebrna prstena<\/b>, koje su\u00a0 pravilno raspore\u0111ene , dok je centralni deo narukvice ostavljen slobodan, isti\u010du\u0107i intenzivnu crvenu boju gume.<\/p>\n<p data-path-to-node=\"11\">Srebrni elementi su visokog sjaja i fino obra\u0111eni kako ne bi smetali na ruci. Narukvica poseduje srebrne zavr\u0161etke i pouzdanu <b>alka kop\u010du<\/b>. Du\u017eina od 20 cm prilago\u0111ena je odraslim osobama.<\/p>\n<\/li>\n<\/ul>","protected":false},"excerpt":{"rendered":"<p>Moderna narukvica za odrasle od crvenog kau\u010duka debljine 3,5 mm. Umesto centralnog elementa, ovaj model krase grupe srebrnih prstenova raspore\u0111ene sa strane, \u0161to joj daje atraktivan i sportski izgled.<\/p>","protected":false},"featured_media":13186,"comment_status":"closed","ping_status":"closed","template":"","meta":[],"product_brand":[],"product_cat":[302,228],"product_tag":[],"class_list":{"0":"post-13185","1":"product","2":"type-product","3":"status-publish","4":"has-post-thumbnail","6":"product_cat-srebrne-narukvice-srebrne-narukvice-3","7":"product_cat-srebrne-narukvice","9":"first","10":"instock","11":"shipping-taxable","12":"purchasable","13":"product-type-simple"},"_links":{"self":[{"href":"https:\/\/www.nakitsrebro.rs\/en\/wp-json\/wp\/v2\/product\/13185","targetHints":{"allow":["GET"]}}],"collection":[{"href":"https:\/\/www.nakitsrebro.rs\/en\/wp-json\/wp\/v2\/product"}],"about":[{"href":"https:\/\/www.nakitsrebro.rs\/en\/wp-json\/wp\/v2\/types\/product"}],"replies":[{"embeddable":true,"href":"https:\/\/www.nakitsrebro.rs\/en\/wp-json\/wp\/v2\/comments?post=13185"}],"wp:featuredmedia":[{"embeddable":true,"href":"https:\/\/www.nakitsrebro.rs\/en\/wp-json\/wp\/v2\/media\/13186"}],"wp:attachment":[{"href":"https:\/\/www.nakitsrebro.rs\/en\/wp-json\/wp\/v2\/media?parent=13185"}],"wp:term":[{"taxonomy":"product_brand","embeddable":true,"href":"https:\/\/www.nakitsrebro.rs\/en\/wp-json\/wp\/v2\/product_brand?post=13185"},{"taxonomy":"product_cat","embeddable":true,"href":"https:\/\/www.nakitsrebro.rs\/en\/wp-json\/wp\/v2\/product_cat?post=13185"},{"taxonomy":"product_tag","embeddable":true,"href":"https:\/\/www.nakitsrebro.rs\/en\/wp-json\/wp\/v2\/product_tag?post=13185"}],"curies":[{"name":"wp","href":"https:\/\/api.w.org\/{rel}","templated":true}]}}