{"id":13188,"date":"2025-12-04T10:46:06","date_gmt":"2025-12-04T10:46:06","guid":{"rendered":"https:\/\/www.nakitsrebro.rs\/?post_type=product&#038;p=13188"},"modified":"2025-12-17T05:15:15","modified_gmt":"2025-12-17T05:15:15","slug":"srebrna-narukvica-crveni-kaucuk-207","status":"publish","type":"product","link":"https:\/\/www.nakitsrebro.rs\/en\/p\/srebrna-narukvica-crveni-kaucuk-207\/","title":{"rendered":"Srebrna narukvica \u201eCrveni Kau\u010duk\u201c 207"},"content":{"rendered":"<ul>\n<li data-path-to-node=\"5,0,0\"><b>Te\u017eina:<\/b> 2,2 g<\/li>\n<li data-path-to-node=\"5,1,0\"><b>Du\u017eina:<\/b> 20 cm<\/li>\n<li data-path-to-node=\"5,2,0\"><b>Debljina narukvice:<\/b> 2,7 mm<\/li>\n<li data-path-to-node=\"5,3,0\"><b>Materijal:<\/b> Srebro 925, Crveni kau\u010duk<\/li>\n<li data-path-to-node=\"5,4,0\"><b>Kop\u010da:<\/b> Alka<\/li>\n<li data-path-to-node=\"5,5,0\"><b>Dizajn:<\/b> Tri srebrne kuglice i prstenovi<\/li>\n<li data-path-to-node=\"5,5,0\">\n<div id=\"model-response-message-contentr_b935e438b2770a2e\" class=\"markdown markdown-main-panel enable-updated-hr-color\" dir=\"ltr\" aria-live=\"polite\">\n<p data-path-to-node=\"8\">Ova narukvica donosi osve\u017eenje u kolekciju nakita od kau\u010duka svojim dinami\u010dnim dizajnom. Na \u010dvrstoj osnovi od <b>crvenog kau\u010duka debljine 3,7 mm<\/b> raspore\u0111eni su elementi od srebra 925 koji privla\u010de pogled.<\/p>\n<p data-path-to-node=\"9\">Glavni ukras \u010dine <b>tri polirane srebrne kuglice<\/b> \u2013 jedna centralna i dve bo\u010dne \u2013 koje su me\u0111usobno razdvojene crvenom gumom. Pored kuglica, gornji deo narukvice dodatno je ukra\u0161en parovima <b>srebrnih prstenova<\/b>, \u0161to doprinosi simetriji i eleganciji.<\/p>\n<p data-path-to-node=\"10\">Kombinacija oblika (kugle i prstenovi) i boja (crvena i srebrna) \u010dini ovu narukvicu izuzetno atraktivnom za svakodnevno no\u0161enje. Poseduje srebrne kapice na krajevima i sigurnu <b>alka kop\u010du<\/b>.<\/p>\n<\/div>\n<\/li>\n<\/ul>","protected":false},"excerpt":{"rendered":"<p>Upe\u010datljiva narukvica za odrasle od crvenog kau\u010duka debljine 3,5 mm. Ovaj model se izdvaja po tri sjajne srebrne kuglice i dodatnim dekorativnim prstenovima, \u0161to mu daje bogat i moderan izgled.<\/p>","protected":false},"featured_media":13189,"comment_status":"closed","ping_status":"closed","template":"","meta":[],"product_brand":[],"product_cat":[302,228],"product_tag":[],"class_list":{"0":"post-13188","1":"product","2":"type-product","3":"status-publish","4":"has-post-thumbnail","6":"product_cat-srebrne-narukvice-srebrne-narukvice-3","7":"product_cat-srebrne-narukvice","9":"first","10":"outofstock","11":"shipping-taxable","12":"purchasable","13":"product-type-simple"},"_links":{"self":[{"href":"https:\/\/www.nakitsrebro.rs\/en\/wp-json\/wp\/v2\/product\/13188","targetHints":{"allow":["GET"]}}],"collection":[{"href":"https:\/\/www.nakitsrebro.rs\/en\/wp-json\/wp\/v2\/product"}],"about":[{"href":"https:\/\/www.nakitsrebro.rs\/en\/wp-json\/wp\/v2\/types\/product"}],"replies":[{"embeddable":true,"href":"https:\/\/www.nakitsrebro.rs\/en\/wp-json\/wp\/v2\/comments?post=13188"}],"wp:featuredmedia":[{"embeddable":true,"href":"https:\/\/www.nakitsrebro.rs\/en\/wp-json\/wp\/v2\/media\/13189"}],"wp:attachment":[{"href":"https:\/\/www.nakitsrebro.rs\/en\/wp-json\/wp\/v2\/media?parent=13188"}],"wp:term":[{"taxonomy":"product_brand","embeddable":true,"href":"https:\/\/www.nakitsrebro.rs\/en\/wp-json\/wp\/v2\/product_brand?post=13188"},{"taxonomy":"product_cat","embeddable":true,"href":"https:\/\/www.nakitsrebro.rs\/en\/wp-json\/wp\/v2\/product_cat?post=13188"},{"taxonomy":"product_tag","embeddable":true,"href":"https:\/\/www.nakitsrebro.rs\/en\/wp-json\/wp\/v2\/product_tag?post=13188"}],"curies":[{"name":"wp","href":"https:\/\/api.w.org\/{rel}","templated":true}]}}