{"id":13270,"date":"2025-12-11T12:41:58","date_gmt":"2025-12-11T12:41:58","guid":{"rendered":"https:\/\/www.nakitsrebro.rs\/?post_type=product&#038;p=13270"},"modified":"2026-01-15T13:48:18","modified_gmt":"2026-01-15T13:48:18","slug":"srebrne-decije-mindjuse-andjeo-angel-714-kopiraj","status":"publish","type":"product","link":"https:\/\/www.nakitsrebro.rs\/en\/p\/srebrne-decije-mindjuse-andjeo-angel-714-kopiraj\/","title":{"rendered":"Srebrne De\u010dije Min\u0111u\u0161e -\u201eRoze Sti\u010d\u201c (Angel) 715"},"content":{"rendered":"<ul>\n<li data-path-to-node=\"14,0,0\"><b>Materijal:<\/b> Srebro 925<\/li>\n<li data-path-to-node=\"14,1,0\"><b>Dekoracija:<\/b> Emajl<\/li>\n<li data-path-to-node=\"14,2,0\"><b>Za\u0161tita:<\/b> Rodijum (Visoki sjaj, antialergijski)<\/li>\n<li data-path-to-node=\"14,3,0\"><b>Motiv:<\/b> Angel (Lilo &amp; Sti\u010d)<\/li>\n<li data-path-to-node=\"14,4,0\"><b>Te\u017eina:<\/b> 1,7 grama<\/li>\n<li data-path-to-node=\"14,5,0\"><b>Du\u017eina:<\/b> 1 cm<\/li>\n<li data-path-to-node=\"14,6,0\"><b>\u0160irina:<\/b> 0,8 cm<\/li>\n<li data-path-to-node=\"14,7,0\"><b>Tip kop\u010de:<\/b> Klips kop\u010da (Engleska kop\u010da \/ Preklop)<\/li>\n<li data-path-to-node=\"14,7,0\">\n<p data-path-to-node=\"9\">Ove min\u0111u\u0161e su pravi hit me\u0111u devoj\u010dicama, a roditelji ih vole zbog prakti\u010dnosti. Izra\u0111ene od kvalitetnog srebra fino\u0107e 925, prikazuju lik\u00a0 Angel (Sti\u010deve devojke) \u2013 preslatke roze vanzemaljke.<\/p>\n<p data-path-to-node=\"10\">Ono \u0161to ovaj model izdvaja je <b>klips kop\u010da<\/b> (mehanizam na preklop). Ovaj tip kop\u010danja je izuzetno pouzdan jer \u010dvrsto zatvara min\u0111u\u0161u iza uha (&#8222;klikne&#8220;), pa ne postoji rizik od bockanja ili slu\u010dajnog otkop\u010davanja. Min\u0111u\u0161a stoji stabilno i lepo prijanja uz u\u0161nu resicu.<\/p>\n<p data-path-to-node=\"11\">Dekorisane su preciznim <b>emajlom<\/b> u prepoznatljivim roze i zelenim nijansama, dok <b>rodinirana zavr\u0161na obrada<\/b> osigurava dugotrajan sjaj i \u010dini ih potpuno sigurnim za osetljivu de\u010diju ko\u017eu.<\/p>\n<\/li>\n<\/ul>","protected":false},"excerpt":{"rendered":"<p>Mala, slatka i sigurna! Ove srebrne de\u010dije min\u0111u\u0161e prikazuju Angel (roze Sti\u010d), omiljenu junakinju iz crta\u0107a &#8222;Lilo i Sti\u010d&#8220;. Dizajnirane sa prakti\u010dnom klips kop\u010dom, stoje \u010dvrsto uz uho i savr\u0161ene su za bezbri\u017enu igru svake devoj\u010dice.<\/p>","protected":false},"featured_media":13271,"comment_status":"closed","ping_status":"closed","template":"","meta":[],"product_brand":[],"product_cat":[232,231],"product_tag":[256],"class_list":{"0":"post-13270","1":"product","2":"type-product","3":"status-publish","4":"has-post-thumbnail","6":"product_cat-mindjuse","7":"product_cat-nakit-za-decu","8":"product_tag-nakit-za-decu","10":"first","11":"outofstock","12":"shipping-taxable","13":"purchasable","14":"product-type-simple"},"_links":{"self":[{"href":"https:\/\/www.nakitsrebro.rs\/en\/wp-json\/wp\/v2\/product\/13270","targetHints":{"allow":["GET"]}}],"collection":[{"href":"https:\/\/www.nakitsrebro.rs\/en\/wp-json\/wp\/v2\/product"}],"about":[{"href":"https:\/\/www.nakitsrebro.rs\/en\/wp-json\/wp\/v2\/types\/product"}],"replies":[{"embeddable":true,"href":"https:\/\/www.nakitsrebro.rs\/en\/wp-json\/wp\/v2\/comments?post=13270"}],"wp:featuredmedia":[{"embeddable":true,"href":"https:\/\/www.nakitsrebro.rs\/en\/wp-json\/wp\/v2\/media\/13271"}],"wp:attachment":[{"href":"https:\/\/www.nakitsrebro.rs\/en\/wp-json\/wp\/v2\/media?parent=13270"}],"wp:term":[{"taxonomy":"product_brand","embeddable":true,"href":"https:\/\/www.nakitsrebro.rs\/en\/wp-json\/wp\/v2\/product_brand?post=13270"},{"taxonomy":"product_cat","embeddable":true,"href":"https:\/\/www.nakitsrebro.rs\/en\/wp-json\/wp\/v2\/product_cat?post=13270"},{"taxonomy":"product_tag","embeddable":true,"href":"https:\/\/www.nakitsrebro.rs\/en\/wp-json\/wp\/v2\/product_tag?post=13270"}],"curies":[{"name":"wp","href":"https:\/\/api.w.org\/{rel}","templated":true}]}}