{"id":13305,"date":"2025-12-12T18:08:02","date_gmt":"2025-12-12T18:08:02","guid":{"rendered":"https:\/\/www.nakitsrebro.rs\/?post_type=product&#038;p=13305"},"modified":"2025-12-12T18:13:29","modified_gmt":"2025-12-12T18:13:29","slug":"srebrni-krstic-srpski-grb-609","status":"publish","type":"product","link":"https:\/\/www.nakitsrebro.rs\/en\/p\/srebrni-krstic-srpski-grb-609\/","title":{"rendered":"Srebrni Krsti\u0107 \u201eSrpski Grb\u201c 609"},"content":{"rendered":"<ul>\n<li data-path-to-node=\"18,0,0\"><b>Materijal:<\/b> Srebro (Ag 925)<\/li>\n<li data-path-to-node=\"18,1,0\"><b>Te\u017eina:<\/b> 2 g<\/li>\n<li data-path-to-node=\"18,2,0\"><b>Dimenzije:<\/b> 4 cm x 2,2 cm (sa alkom)<\/li>\n<li data-path-to-node=\"18,3,0\"><b>Motiv:<\/b> Srpski grb (4 ocila)<\/li>\n<li data-path-to-node=\"18,3,0\">\n<p data-path-to-node=\"15\">Ovaj model nosi sna\u017enu nacionalnu i versku simboliku. Na krakovima trolisnog krsta ugravirana su <b>\u010detiri ocila<\/b>, prepoznatljiv simbol sa srpskog grba, dok se u centru nalazi ukrasni detalj koji povezuje krake.<\/p>\n<p data-path-to-node=\"16\">Izra\u0111en od kvalitetnog srebra 925, ovaj krst je \u010dvrst i postojan. Gravirani detalji su matirani kako bi se istakli naspram sjajne povr\u0161ine srebra. Idealan je kao poklon za ro\u0111enje, kr\u0161tenje ili slavu, posebno za one koji \u017eele da istaknu svoju privr\u017eenost tradiciji.<\/p>\n<\/li>\n<\/ul>","protected":false},"excerpt":{"rendered":"<p>Tradicionalni srebrni krst sa motivom \u010detiri ocila (S) na krakovima. Simbol srpske duhovnosti i tradicije. Te\u017eina 2g, dimenzije 4&#215;2,2 cm. Idealan poklon za mu\u0161ku decu i odrasle.<\/p>","protected":false},"featured_media":13306,"comment_status":"closed","ping_status":"closed","template":"","meta":[],"product_brand":[],"product_cat":[292,227],"product_tag":[],"class_list":{"0":"post-13305","1":"product","2":"type-product","3":"status-publish","4":"has-post-thumbnail","6":"product_cat-srebrni-privesci-srebrni-privesci","7":"product_cat-srebrni-privesci","9":"first","10":"instock","11":"shipping-taxable","12":"purchasable","13":"product-type-simple"},"_links":{"self":[{"href":"https:\/\/www.nakitsrebro.rs\/en\/wp-json\/wp\/v2\/product\/13305","targetHints":{"allow":["GET"]}}],"collection":[{"href":"https:\/\/www.nakitsrebro.rs\/en\/wp-json\/wp\/v2\/product"}],"about":[{"href":"https:\/\/www.nakitsrebro.rs\/en\/wp-json\/wp\/v2\/types\/product"}],"replies":[{"embeddable":true,"href":"https:\/\/www.nakitsrebro.rs\/en\/wp-json\/wp\/v2\/comments?post=13305"}],"wp:featuredmedia":[{"embeddable":true,"href":"https:\/\/www.nakitsrebro.rs\/en\/wp-json\/wp\/v2\/media\/13306"}],"wp:attachment":[{"href":"https:\/\/www.nakitsrebro.rs\/en\/wp-json\/wp\/v2\/media?parent=13305"}],"wp:term":[{"taxonomy":"product_brand","embeddable":true,"href":"https:\/\/www.nakitsrebro.rs\/en\/wp-json\/wp\/v2\/product_brand?post=13305"},{"taxonomy":"product_cat","embeddable":true,"href":"https:\/\/www.nakitsrebro.rs\/en\/wp-json\/wp\/v2\/product_cat?post=13305"},{"taxonomy":"product_tag","embeddable":true,"href":"https:\/\/www.nakitsrebro.rs\/en\/wp-json\/wp\/v2\/product_tag?post=13305"}],"curies":[{"name":"wp","href":"https:\/\/api.w.org\/{rel}","templated":true}]}}