{"id":13337,"date":"2025-12-14T10:31:04","date_gmt":"2025-12-14T10:31:04","guid":{"rendered":"https:\/\/www.nakitsrebro.rs\/?post_type=product&#038;p=13337"},"modified":"2026-01-05T13:41:28","modified_gmt":"2026-01-05T13:41:28","slug":"srebrnjak-bogorodica-sa-hristom-simbol-vere-i-zastite-402","status":"publish","type":"product","link":"https:\/\/www.nakitsrebro.rs\/en\/p\/srebrnjak-bogorodica-sa-hristom-simbol-vere-i-zastite-402\/","title":{"rendered":"Srebrnjak &#8222;Bogorodica sa Hristom&#8220; \u2013 Simbol vere i za\u0161tite 402"},"content":{"rendered":"<ul>\n<li>\n<p data-path-to-node=\"9,0,0\"><b>Motiv:<\/b> Bogorodica sa Hristom (sa vidljivim gr\u010dkim inicijalima koji ozna\u010davaju Majku Bo\u017eiju).<\/p>\n<\/li>\n<li>\n<p data-path-to-node=\"9,1,0\"><b>Materijal:<\/b> Srebro 970 visokog sjaja.<\/p>\n<\/li>\n<li>\n<p data-path-to-node=\"9,2,0\"><b>Dimenzije:<\/b> Pre\u010dnik 2 cm .<\/p>\n<\/li>\n<li>\n<p data-path-to-node=\"9,3,0\"><b>Te\u017eina:<\/b> 3 g.<\/p>\n<\/li>\n<li>Ovaj elegantni srebrnjak predstavlja savr\u0161en sklad duhovne simbolike i umetni\u010dke izrade. Na licu srebrnjaka dominira predivan, precizno kovan prikaz Presvete Bogorodice koja u naru\u010dju dr\u017ei Bogomladenca Hrista, ura\u0111en u stilu pravoslavne ikonografije.\n<p data-path-to-node=\"10\">Povr\u0161ina srebrnjaka je tretirana tako da istakne kontrast izme\u0111u matiranog reljefa svetih likova i visoko ispolirane, sjajne pozadine, daju\u0107i mu dubinu i luksuzan izgled.<\/p>\n<p data-path-to-node=\"11\">Ovaj srebrnjak nije samo komad plemenitog metala, ve\u0107 dragocena uspomena koja se prenosi kroz generacije. Zbog svoje simbolike za\u0161tite i ljubavi, savr\u0161en je izbor za <b>poklon novoro\u0111en\u010detu, dar za kr\u0161tenje, prvu pri\u010dest ili krsnu slavu<\/b>. Dolazi kao trajna vrednost koja nikada ne bledi.<\/p>\n<\/li>\n<\/ul>","protected":false},"excerpt":{"rendered":"<p>Ovaj prefinjeni srebrnjak te\u017eine 3g i pre\u010dnika 2cm prikazuje detaljan reljef Presvete Bogorodice sa malim Hristom u naru\u010dju. Izra\u0111en od visokokvalitetnog srebra, odlikuje se izuzetnim sjajem i preciznom obradom. Predstavlja idealan, trajan poklon za ro\u0111enja, kr\u0161tenja i verske praznike, spajaju\u0107i duhovnu vrednost sa plemenito\u0161\u0107u metala.<\/p>","protected":false},"featured_media":13338,"comment_status":"closed","ping_status":"closed","template":"","meta":[],"product_brand":[],"product_cat":[227],"product_tag":[],"class_list":{"0":"post-13337","1":"product","2":"type-product","3":"status-publish","4":"has-post-thumbnail","6":"product_cat-srebrni-privesci","8":"first","9":"instock","10":"shipping-taxable","11":"purchasable","12":"product-type-simple"},"_links":{"self":[{"href":"https:\/\/www.nakitsrebro.rs\/en\/wp-json\/wp\/v2\/product\/13337","targetHints":{"allow":["GET"]}}],"collection":[{"href":"https:\/\/www.nakitsrebro.rs\/en\/wp-json\/wp\/v2\/product"}],"about":[{"href":"https:\/\/www.nakitsrebro.rs\/en\/wp-json\/wp\/v2\/types\/product"}],"replies":[{"embeddable":true,"href":"https:\/\/www.nakitsrebro.rs\/en\/wp-json\/wp\/v2\/comments?post=13337"}],"wp:featuredmedia":[{"embeddable":true,"href":"https:\/\/www.nakitsrebro.rs\/en\/wp-json\/wp\/v2\/media\/13338"}],"wp:attachment":[{"href":"https:\/\/www.nakitsrebro.rs\/en\/wp-json\/wp\/v2\/media?parent=13337"}],"wp:term":[{"taxonomy":"product_brand","embeddable":true,"href":"https:\/\/www.nakitsrebro.rs\/en\/wp-json\/wp\/v2\/product_brand?post=13337"},{"taxonomy":"product_cat","embeddable":true,"href":"https:\/\/www.nakitsrebro.rs\/en\/wp-json\/wp\/v2\/product_cat?post=13337"},{"taxonomy":"product_tag","embeddable":true,"href":"https:\/\/www.nakitsrebro.rs\/en\/wp-json\/wp\/v2\/product_tag?post=13337"}],"curies":[{"name":"wp","href":"https:\/\/api.w.org\/{rel}","templated":true}]}}