{"id":13423,"date":"2025-12-16T10:53:28","date_gmt":"2025-12-16T10:53:28","guid":{"rendered":"https:\/\/www.nakitsrebro.rs\/?post_type=product&#038;p=13423"},"modified":"2025-12-16T10:53:29","modified_gmt":"2025-12-16T10:53:29","slug":"srebrni-privezak-you-are-my-home-201","status":"publish","type":"product","link":"https:\/\/www.nakitsrebro.rs\/en\/p\/srebrni-privezak-you-are-my-home-201\/","title":{"rendered":"Srebrni Privezak &#8222;You Are My Home&#8220; 201"},"content":{"rendered":"<ul>\n<li data-path-to-node=\"11,0,0\"><b>Materijal:<\/b> Srebro (fino\u0107a 925)<\/li>\n<li data-path-to-node=\"11,1,0\"><b>Motiv:<\/b> Plo\u010dica<\/li>\n<li data-path-to-node=\"11,2,0\"><b>Dimenzije:<\/b> Pre\u010dnik 1,6 cm<\/li>\n<li data-path-to-node=\"11,3,0\"><b>Te\u017eina:<\/b> 2,5 g<\/li>\n<li data-path-to-node=\"11,3,0\">\n<p data-path-to-node=\"8\">Poka\u017eite voljenoj osobi da je ona va\u0161e sigurno uto\u010di\u0161te uz ovaj predivni <b>srebrni privezak sa porukom<\/b>. Dizajniran kao klasi\u010dan medaljon, ovaj komad nakita nosi duboku emotivnu vrednost i bezvremensku estetiku.<\/p>\n<p data-path-to-node=\"9\"><b>Dizajn koji govori &#8222;Volim te&#8220;<\/b> Privezak je kru\u017enog oblika, izra\u0111en od visokopoliranog srebra koje savr\u0161eno reflektuje svetlost. U centru medaljona nalazi se pa\u017eljivo ugraviran natpis <b>&#8222;You are my home&#8220;<\/b> (Ti si moj dom), ispisan elegantnim fontom. Ispod teksta nalazi se minimalisti\u010dki crte\u017e ku\u0107ice sa srcem u sredini, vizuelno poja\u010davaju\u0107i poruku topline, sigurnosti i ljubavi.<\/p>\n<\/li>\n<\/ul>","protected":false},"excerpt":{"rendered":"<p>Emotivni srebrni medaljon (925) sa ugraviranom porukom &#8222;You are my home&#8220; i simbolom ku\u0107ice. Pre\u010dnik 1,6 cm, te\u017eina 2,5 g. Savr\u0161en romanti\u010dan poklon koji nosi sna\u017enu simboliku ljubavi i pripadnosti.<\/p>","protected":false},"featured_media":13424,"comment_status":"closed","ping_status":"closed","template":"","meta":[],"product_brand":[],"product_cat":[227],"product_tag":[],"class_list":{"0":"post-13423","1":"product","2":"type-product","3":"status-publish","4":"has-post-thumbnail","6":"product_cat-srebrni-privesci","8":"first","9":"instock","10":"shipping-taxable","11":"purchasable","12":"product-type-simple"},"_links":{"self":[{"href":"https:\/\/www.nakitsrebro.rs\/en\/wp-json\/wp\/v2\/product\/13423","targetHints":{"allow":["GET"]}}],"collection":[{"href":"https:\/\/www.nakitsrebro.rs\/en\/wp-json\/wp\/v2\/product"}],"about":[{"href":"https:\/\/www.nakitsrebro.rs\/en\/wp-json\/wp\/v2\/types\/product"}],"replies":[{"embeddable":true,"href":"https:\/\/www.nakitsrebro.rs\/en\/wp-json\/wp\/v2\/comments?post=13423"}],"wp:featuredmedia":[{"embeddable":true,"href":"https:\/\/www.nakitsrebro.rs\/en\/wp-json\/wp\/v2\/media\/13424"}],"wp:attachment":[{"href":"https:\/\/www.nakitsrebro.rs\/en\/wp-json\/wp\/v2\/media?parent=13423"}],"wp:term":[{"taxonomy":"product_brand","embeddable":true,"href":"https:\/\/www.nakitsrebro.rs\/en\/wp-json\/wp\/v2\/product_brand?post=13423"},{"taxonomy":"product_cat","embeddable":true,"href":"https:\/\/www.nakitsrebro.rs\/en\/wp-json\/wp\/v2\/product_cat?post=13423"},{"taxonomy":"product_tag","embeddable":true,"href":"https:\/\/www.nakitsrebro.rs\/en\/wp-json\/wp\/v2\/product_tag?post=13423"}],"curies":[{"name":"wp","href":"https:\/\/api.w.org\/{rel}","templated":true}]}}