{"id":13484,"date":"2025-12-23T16:35:48","date_gmt":"2025-12-23T16:35:48","guid":{"rendered":"https:\/\/www.nakitsrebro.rs\/?post_type=product&#038;p=13484"},"modified":"2026-01-11T18:54:13","modified_gmt":"2026-01-11T18:54:13","slug":"srebrne-pozlacene-mindjuse-detelina-sa-sedefom-i-cirkonima-701","status":"publish","type":"product","link":"https:\/\/www.nakitsrebro.rs\/en\/p\/srebrne-pozlacene-mindjuse-detelina-sa-sedefom-i-cirkonima-701\/","title":{"rendered":"Srebrne Pozla\u0107ene Min\u0111u\u0161e &#8222;DETELINA&#8220; sa Sedefom i Cirkonima 701"},"content":{"rendered":"<ul>\n<li data-path-to-node=\"2,0,0\"><b data-path-to-node=\"2,0,0\" data-index-in-node=\"0\">Materijal:<\/b> Srebro fino\u0107e 925 sa kvalitetnom pozlatom<\/li>\n<li data-path-to-node=\"2,1,0\"><b data-path-to-node=\"2,1,0\" data-index-in-node=\"0\">Glavni ukras:<\/b> Prirodni sedef<\/li>\n<li data-path-to-node=\"2,2,0\"><b data-path-to-node=\"2,2,0\" data-index-in-node=\"0\">Dodatni kamen:<\/b> Pave beli cirkoni<\/li>\n<li data-path-to-node=\"2,3,0\"><b data-path-to-node=\"2,3,0\" data-index-in-node=\"0\">Te\u017eina:<\/b> 2,9 g<\/li>\n<li data-path-to-node=\"2,4,0\"><b data-path-to-node=\"2,4,0\" data-index-in-node=\"0\">Du\u017eina:<\/b> 1,3 cm<\/li>\n<li data-path-to-node=\"2,5,0\"><b data-path-to-node=\"2,5,0\" data-index-in-node=\"0\">\u0160irina:<\/b> 1 cm<\/li>\n<li data-path-to-node=\"2,6,0\"><b data-path-to-node=\"2,6,0\" data-index-in-node=\"0\">Motiv:<\/b> Detelina sa \u010detiri lista (srcasta struktura latica)<\/li>\n<li data-path-to-node=\"2,7,0\"><b data-path-to-node=\"2,7,0\" data-index-in-node=\"0\">Tip kop\u010de:<\/b> Sigurnosna preklopna kop\u010da\n<p data-path-to-node=\"4\">Oplemenite svoj stil bezvremenskom simbolikom i ne\u017enim sjajem. Ove prelepe min\u0111u\u0161e u obliku <b data-path-to-node=\"4\" data-index-in-node=\"92\">deteline sa \u010detiri lista<\/b> izra\u0111ene su od visokokvalitetnog <b data-path-to-node=\"4\" data-index-in-node=\"150\">srebra fino\u0107e 925<\/b> sa rasko\u0161nom <b data-path-to-node=\"4\" data-index-in-node=\"181\">pozlatom<\/b>, koja im daje topao i luksuzan izgled.<\/p>\n<p data-path-to-node=\"5\">Dizajn kombinuje tri lista ispunjena prirodnim <b data-path-to-node=\"5\" data-index-in-node=\"47\">sedefom<\/b>, \u010diji se prelamaju\u0107i odsjaj savr\u0161eno uklapa sa \u010detvrtim listom koji je gusto opto\u010den svetlucavim <b data-path-to-node=\"5\" data-index-in-node=\"152\">cirkonima<\/b>. Ova igra tekstura i materijala \u010dini ih idealnim izborom za dame koje vole suptilan, ali upe\u010datljiv nakit. Zahvaljuju\u0107i sigurnom kop\u010danju, udobne su za celodnevno no\u0161enje, dok njihova simbolika sre\u0107e \u010dini ove min\u0111u\u0161e savr\u0161enim poklonom za dragu osobu ili vama dragu amajliju.<\/p>\n<\/li>\n<\/ul>","protected":false},"excerpt":{"rendered":"<p>Elegantne min\u0111u\u0161e u obliku deteline, izra\u0111ene od pozla\u0107enog srebra 925. Kombinacija prefinjenog sedefa i blistavih cirkona donosi savr\u0161en spoj tradicije i modernog luksuza. Idealan detalj za svaku priliku koji donosi diskretan sjaj i poruku sre\u0107e.<\/p>","protected":false},"featured_media":13485,"comment_status":"closed","ping_status":"closed","template":"","meta":[],"product_brand":[],"product_cat":[296,226],"product_tag":[],"class_list":{"0":"post-13484","1":"product","2":"type-product","3":"status-publish","4":"has-post-thumbnail","6":"product_cat-srebrne-mindjuse-srebrne-mindjuse-3","7":"product_cat-srebrne-mindjuse","9":"first","10":"outofstock","11":"shipping-taxable","12":"purchasable","13":"product-type-simple"},"_links":{"self":[{"href":"https:\/\/www.nakitsrebro.rs\/en\/wp-json\/wp\/v2\/product\/13484","targetHints":{"allow":["GET"]}}],"collection":[{"href":"https:\/\/www.nakitsrebro.rs\/en\/wp-json\/wp\/v2\/product"}],"about":[{"href":"https:\/\/www.nakitsrebro.rs\/en\/wp-json\/wp\/v2\/types\/product"}],"replies":[{"embeddable":true,"href":"https:\/\/www.nakitsrebro.rs\/en\/wp-json\/wp\/v2\/comments?post=13484"}],"wp:featuredmedia":[{"embeddable":true,"href":"https:\/\/www.nakitsrebro.rs\/en\/wp-json\/wp\/v2\/media\/13485"}],"wp:attachment":[{"href":"https:\/\/www.nakitsrebro.rs\/en\/wp-json\/wp\/v2\/media?parent=13484"}],"wp:term":[{"taxonomy":"product_brand","embeddable":true,"href":"https:\/\/www.nakitsrebro.rs\/en\/wp-json\/wp\/v2\/product_brand?post=13484"},{"taxonomy":"product_cat","embeddable":true,"href":"https:\/\/www.nakitsrebro.rs\/en\/wp-json\/wp\/v2\/product_cat?post=13484"},{"taxonomy":"product_tag","embeddable":true,"href":"https:\/\/www.nakitsrebro.rs\/en\/wp-json\/wp\/v2\/product_tag?post=13484"}],"curies":[{"name":"wp","href":"https:\/\/api.w.org\/{rel}","templated":true}]}}