{"id":13487,"date":"2025-12-23T16:39:17","date_gmt":"2025-12-23T16:39:17","guid":{"rendered":"https:\/\/www.nakitsrebro.rs\/?post_type=product&#038;p=13487"},"modified":"2025-12-23T16:39:17","modified_gmt":"2025-12-23T16:39:17","slug":"srebrne-pozlacene-mindjuse-morska-zvezda-sa-tirkiznim-detaljem-702","status":"publish","type":"product","link":"https:\/\/www.nakitsrebro.rs\/en\/p\/srebrne-pozlacene-mindjuse-morska-zvezda-sa-tirkiznim-detaljem-702\/","title":{"rendered":"Srebrne Pozla\u0107ene Min\u0111u\u0161e &#8222;Morska Zvezda&#8220; sa Tirkiznim Detaljem 702"},"content":{"rendered":"<ul>\n<li data-path-to-node=\"11,0,0\"><b data-path-to-node=\"11,0,0\" data-index-in-node=\"0\">Materijal:<\/b> Srebro fino\u0107e 925 sa pozlatom<\/li>\n<li data-path-to-node=\"11,1,0\"><b data-path-to-node=\"11,1,0\" data-index-in-node=\"0\">Detalji:<\/b> Tirkizno plavi sinteti\u010dki kamen \/ Sedefni efekat<\/li>\n<li data-path-to-node=\"11,2,0\"><b data-path-to-node=\"11,2,0\" data-index-in-node=\"0\">Te\u017eina:<\/b> 1,8 g<\/li>\n<li data-path-to-node=\"11,3,0\"><b data-path-to-node=\"11,3,0\" data-index-in-node=\"0\">Du\u017eina:<\/b> 1,5 cm<\/li>\n<li data-path-to-node=\"11,4,0\"><b data-path-to-node=\"11,4,0\" data-index-in-node=\"0\">\u0160irina:<\/b> 1,3 cm<\/li>\n<li data-path-to-node=\"11,5,0\"><b data-path-to-node=\"11,5,0\" data-index-in-node=\"0\">Tip kop\u010de:<\/b> Iglica sa leptir osigura\u010dem (na \u0161rafi\u0107)<\/li>\n<li data-path-to-node=\"11,5,0\">\n<p data-path-to-node=\"4\">Unesite duh leta i morskih dubina u svoj svakodnevni stil sa ovim unikatnim min\u0111u\u0161ama u obliku <b data-path-to-node=\"4\" data-index-in-node=\"95\">morske zvezde<\/b>. Izra\u0111ene su od najfinijeg <b data-path-to-node=\"4\" data-index-in-node=\"136\">srebra 925<\/b> sa postojanom <b data-path-to-node=\"4\" data-index-in-node=\"161\">pozlatom<\/b> koja im daje ne\u017ean i topao sjaj.<\/p>\n<p data-path-to-node=\"5\">Dizajn karakteri\u0161u elegantne, blago zakrivljene linije morske zvezde, dok se u samom centru nalazi upe\u010datljiv detalj u <b data-path-to-node=\"5\" data-index-in-node=\"119\">tirkizno plavoj boji<\/b>, koji podse\u0107a na najlep\u0161e tropske lagune. Ove min\u0111u\u0161e su lagane i diskretne, \u0161to ih \u010dini savr\u0161enim izborom za letnje haljine, ali i kao osve\u017eavaju\u0107i modni dodatak tokom cele godine. Idealne su za sve ljubiteljke prirode i morskih motiva koje tra\u017ee kvalitetan i moderan nakit.<\/p>\n<\/li>\n<\/ul>","protected":false},"excerpt":{"rendered":"<p>Prefinjene min\u0111u\u0161e u obliku morske zvezde, izra\u0111ene od pozla\u0107enog srebra 925. Centralni tirkizni kamen\u010di\u0107 dodaje savr\u0161en kontrast zlatnom sjaju, \u010dine\u0107i ih idealnim detaljem za ljubiteljke letnjeg i morskog stila.<\/p>","protected":false},"featured_media":13488,"comment_status":"closed","ping_status":"closed","template":"","meta":[],"product_brand":[],"product_cat":[297,226],"product_tag":[],"class_list":{"0":"post-13487","1":"product","2":"type-product","3":"status-publish","4":"has-post-thumbnail","6":"product_cat-srebrne-mindjuse-srebrne-mindjuse-4","7":"product_cat-srebrne-mindjuse","9":"first","10":"instock","11":"shipping-taxable","12":"purchasable","13":"product-type-simple"},"_links":{"self":[{"href":"https:\/\/www.nakitsrebro.rs\/en\/wp-json\/wp\/v2\/product\/13487","targetHints":{"allow":["GET"]}}],"collection":[{"href":"https:\/\/www.nakitsrebro.rs\/en\/wp-json\/wp\/v2\/product"}],"about":[{"href":"https:\/\/www.nakitsrebro.rs\/en\/wp-json\/wp\/v2\/types\/product"}],"replies":[{"embeddable":true,"href":"https:\/\/www.nakitsrebro.rs\/en\/wp-json\/wp\/v2\/comments?post=13487"}],"wp:featuredmedia":[{"embeddable":true,"href":"https:\/\/www.nakitsrebro.rs\/en\/wp-json\/wp\/v2\/media\/13488"}],"wp:attachment":[{"href":"https:\/\/www.nakitsrebro.rs\/en\/wp-json\/wp\/v2\/media?parent=13487"}],"wp:term":[{"taxonomy":"product_brand","embeddable":true,"href":"https:\/\/www.nakitsrebro.rs\/en\/wp-json\/wp\/v2\/product_brand?post=13487"},{"taxonomy":"product_cat","embeddable":true,"href":"https:\/\/www.nakitsrebro.rs\/en\/wp-json\/wp\/v2\/product_cat?post=13487"},{"taxonomy":"product_tag","embeddable":true,"href":"https:\/\/www.nakitsrebro.rs\/en\/wp-json\/wp\/v2\/product_tag?post=13487"}],"curies":[{"name":"wp","href":"https:\/\/api.w.org\/{rel}","templated":true}]}}