{"id":13490,"date":"2025-12-23T16:42:12","date_gmt":"2025-12-23T16:42:12","guid":{"rendered":"https:\/\/www.nakitsrebro.rs\/?post_type=product&#038;p=13490"},"modified":"2025-12-23T16:47:01","modified_gmt":"2025-12-23T16:47:01","slug":"pozlacene-srebrne-mindjuse-geometric-glow-703","status":"publish","type":"product","link":"https:\/\/www.nakitsrebro.rs\/en\/p\/pozlacene-srebrne-mindjuse-geometric-glow-703\/","title":{"rendered":"Pozla\u0107ene Srebrne Min\u0111u\u0161e &#8222;Geometric Glow&#8220; 703"},"content":{"rendered":"<ul>\n<li data-path-to-node=\"11,0,0\"><b data-path-to-node=\"11,0,0\" data-index-in-node=\"0\">Materijal:<\/b> Srebro fino\u0107e 925 sa kvalitetnom pozlatom<\/li>\n<li data-path-to-node=\"11,1,0\"><b data-path-to-node=\"11,1,0\" data-index-in-node=\"0\">Zavr\u0161na obrada:<\/b> Matirana reljefna tekstura<\/li>\n<li data-path-to-node=\"11,2,0\"><b data-path-to-node=\"11,2,0\" data-index-in-node=\"0\">Te\u017eina:<\/b> 1,5 g<\/li>\n<li data-path-to-node=\"11,3,0\"><b data-path-to-node=\"11,3,0\" data-index-in-node=\"0\">Du\u017eina:<\/b> 1,5 cm<\/li>\n<li data-path-to-node=\"11,4,0\"><b data-path-to-node=\"11,4,0\" data-index-in-node=\"0\">\u0160irina:<\/b> 1,3 cm<\/li>\n<li data-path-to-node=\"11,5,0\"><b data-path-to-node=\"11,5,0\" data-index-in-node=\"0\">Tip kop\u010de:<\/b> Iglica sa leptir osigura\u010dem (na \u0161rafi\u0107)<\/li>\n<li data-path-to-node=\"11,6,0\"><b data-path-to-node=\"11,6,0\" data-index-in-node=\"0\">Motiv:\u00a0<\/b> Kvadrat<\/li>\n<li data-path-to-node=\"11,5,0\">\n<p data-path-to-node=\"4\">Istaknite svoju modernu stranu uz ove efektne min\u0111u\u0161e koje spajaju minimalisti\u010dki dizajn i bogatu teksturu. Izra\u0111ene od <b data-path-to-node=\"4\" data-index-in-node=\"120\">srebra fino\u0107e 925<\/b> sa postojanom <b data-path-to-node=\"4\" data-index-in-node=\"152\">pozlatom<\/b>, ove min\u0111u\u0161e donose luksuzan izgled zlata uz savremenu formu.<\/p>\n<p data-path-to-node=\"5\">Dizajn se sastoji od dva isprepletena kvadrata \u2013 manjeg, punog dela i ve\u0107eg, otvorenog okvira. Posebnost ovog modela je <b data-path-to-node=\"5\" data-index-in-node=\"117\">matirana, reljefna tekstura<\/b> koja se presijava pod razli\u010ditim uglovima, daju\u0107i nakitu sofisticiran i umetni\u010dki pe\u010dat. Zahvaljuju\u0107i svojoj geometrijskoj svedenosti, savr\u0161eno se uklapaju u poslovne kombinacije, ali su dovoljno upe\u010datljive i za ve\u010dernje prilike.<\/p>\n<\/li>\n<\/ul>","protected":false},"excerpt":{"rendered":"<p>Moderne geometrijske min\u0111u\u0161e izra\u0111ene od pozla\u0107enog srebra 925. Kombinacija punih i otvorenih formi kvadrata sa specifi\u010dnom reljefnom teksturom \u010dini ih idealnim izborom za ljubiteljke urbanog i prefinjenog stila.<\/p>","protected":false},"featured_media":13491,"comment_status":"closed","ping_status":"closed","template":"","meta":[],"product_brand":[],"product_cat":[297,226],"product_tag":[],"class_list":{"0":"post-13490","1":"product","2":"type-product","3":"status-publish","4":"has-post-thumbnail","6":"product_cat-srebrne-mindjuse-srebrne-mindjuse-4","7":"product_cat-srebrne-mindjuse","9":"first","10":"instock","11":"shipping-taxable","12":"purchasable","13":"product-type-simple"},"_links":{"self":[{"href":"https:\/\/www.nakitsrebro.rs\/en\/wp-json\/wp\/v2\/product\/13490","targetHints":{"allow":["GET"]}}],"collection":[{"href":"https:\/\/www.nakitsrebro.rs\/en\/wp-json\/wp\/v2\/product"}],"about":[{"href":"https:\/\/www.nakitsrebro.rs\/en\/wp-json\/wp\/v2\/types\/product"}],"replies":[{"embeddable":true,"href":"https:\/\/www.nakitsrebro.rs\/en\/wp-json\/wp\/v2\/comments?post=13490"}],"wp:featuredmedia":[{"embeddable":true,"href":"https:\/\/www.nakitsrebro.rs\/en\/wp-json\/wp\/v2\/media\/13491"}],"wp:attachment":[{"href":"https:\/\/www.nakitsrebro.rs\/en\/wp-json\/wp\/v2\/media?parent=13490"}],"wp:term":[{"taxonomy":"product_brand","embeddable":true,"href":"https:\/\/www.nakitsrebro.rs\/en\/wp-json\/wp\/v2\/product_brand?post=13490"},{"taxonomy":"product_cat","embeddable":true,"href":"https:\/\/www.nakitsrebro.rs\/en\/wp-json\/wp\/v2\/product_cat?post=13490"},{"taxonomy":"product_tag","embeddable":true,"href":"https:\/\/www.nakitsrebro.rs\/en\/wp-json\/wp\/v2\/product_tag?post=13490"}],"curies":[{"name":"wp","href":"https:\/\/api.w.org\/{rel}","templated":true}]}}