{"id":13520,"date":"2025-12-24T11:38:55","date_gmt":"2025-12-24T11:38:55","guid":{"rendered":"https:\/\/www.nakitsrebro.rs\/?post_type=product&#038;p=13520"},"modified":"2026-02-01T11:11:12","modified_gmt":"2026-02-01T11:11:12","slug":"srebrne-mindjuse-geometrijski-krugovi-rodinirane-713","status":"publish","type":"product","link":"https:\/\/www.nakitsrebro.rs\/en\/p\/srebrne-mindjuse-geometrijski-krugovi-rodinirane-713\/","title":{"rendered":"Srebrne min\u0111u\u0161e &#8222;Geometrijski krugovi&#8220; \u2013 Rodinirane 713"},"content":{"rendered":"<ul>\n<li><b data-path-to-node=\"11,0,0\" data-index-in-node=\"0\">Materijal:<\/b> Srebro fino\u0107e 925<\/li>\n<li><b data-path-to-node=\"11,1,0\" data-index-in-node=\"0\">Zavr\u0161na obrada:<\/b> Rodijum<\/li>\n<li data-path-to-node=\"10,2,0\"><b data-path-to-node=\"10,2,0\" data-index-in-node=\"0\">Te\u017eina:<\/b> 1,6 g<\/li>\n<li data-path-to-node=\"10,3,0\"><b data-path-to-node=\"10,3,0\" data-index-in-node=\"0\">Dimenzije:<\/b> 1,1 x 1,1 cm<\/li>\n<li><b data-path-to-node=\"11,2,0\" data-index-in-node=\"0\">Kamen:<\/b> Beli cirkoni<\/li>\n<li><b data-path-to-node=\"11,3,0\" data-index-in-node=\"0\">Dizajn:<\/b> Isprepletani krugovi<\/li>\n<li><b data-path-to-node=\"11,4,0\" data-index-in-node=\"0\">Kop\u010danje:<\/b> Iglica sa leptir osigura\u010dem (na \u0161rafi\u0107)<\/li>\n<li><b data-path-to-node=\"11,6,0\" data-index-in-node=\"0\">Stil:<\/b> Elegantni \/ Glamur<\/li>\n<li>\n<p data-path-to-node=\"7\">Ove min\u0111u\u0161e predstavljaju savr\u0161enu harmoniju oblika i sjaja. Dizajnirane kao tri isprepletana prstena, simbolizuju neraskidive veze, dok njihova srebrna boja pru\u017ea hladnu, otmenu eleganciju.<\/p>\n<p data-path-to-node=\"8\">Izra\u0111ene su od visokokvalitetnog srebra koje je <b data-path-to-node=\"8\" data-index-in-node=\"48\">rodinirano<\/b>, \u0161to im daje prepoznatljiv sjaj belog zlata i spre\u010dava prirodno tamnjenje srebra. Jedan od krugova je pa\u017eljivo ukra\u0161en nizom precizno nizane <b data-path-to-node=\"8\" data-index-in-node=\"200\">cirkone<\/b>, koji svojom blistavo\u0161\u0107u nagla\u0161avaju geometriju modela. Zahvaljuju\u0107i kop\u010danju na \u0161rafi\u0107, min\u0111u\u0161e savr\u0161eno nale\u017eu na uvo, \u010dine\u0107i ih idealnim dodatkom kako za formalne prilike, tako i za svakodnevne trenutke kada \u017eelite da dodate malo sjaja svom izgledu.<\/p>\n<\/li>\n<\/ul>","protected":false},"excerpt":{"rendered":"<p>Elegantne min\u0111u\u0161e od <b data-path-to-node=\"4\" data-index-in-node=\"21\">srebra 925<\/b> sa rodijumskom za\u0161titom, u obliku prepletenih krugova opto\u010denih blistavim <b data-path-to-node=\"4\" data-index-in-node=\"106\">cirkonima<\/b>. Bezvremenski dizajn koji odi\u0161e luksuzom belog zlata.<\/p>","protected":false},"featured_media":13521,"comment_status":"closed","ping_status":"closed","template":"","meta":[],"product_brand":[],"product_cat":[297,226],"product_tag":[],"class_list":{"0":"post-13520","1":"product","2":"type-product","3":"status-publish","4":"has-post-thumbnail","6":"product_cat-srebrne-mindjuse-srebrne-mindjuse-4","7":"product_cat-srebrne-mindjuse","9":"first","10":"outofstock","11":"shipping-taxable","12":"purchasable","13":"product-type-simple"},"_links":{"self":[{"href":"https:\/\/www.nakitsrebro.rs\/en\/wp-json\/wp\/v2\/product\/13520","targetHints":{"allow":["GET"]}}],"collection":[{"href":"https:\/\/www.nakitsrebro.rs\/en\/wp-json\/wp\/v2\/product"}],"about":[{"href":"https:\/\/www.nakitsrebro.rs\/en\/wp-json\/wp\/v2\/types\/product"}],"replies":[{"embeddable":true,"href":"https:\/\/www.nakitsrebro.rs\/en\/wp-json\/wp\/v2\/comments?post=13520"}],"wp:featuredmedia":[{"embeddable":true,"href":"https:\/\/www.nakitsrebro.rs\/en\/wp-json\/wp\/v2\/media\/13521"}],"wp:attachment":[{"href":"https:\/\/www.nakitsrebro.rs\/en\/wp-json\/wp\/v2\/media?parent=13520"}],"wp:term":[{"taxonomy":"product_brand","embeddable":true,"href":"https:\/\/www.nakitsrebro.rs\/en\/wp-json\/wp\/v2\/product_brand?post=13520"},{"taxonomy":"product_cat","embeddable":true,"href":"https:\/\/www.nakitsrebro.rs\/en\/wp-json\/wp\/v2\/product_cat?post=13520"},{"taxonomy":"product_tag","embeddable":true,"href":"https:\/\/www.nakitsrebro.rs\/en\/wp-json\/wp\/v2\/product_tag?post=13520"}],"curies":[{"name":"wp","href":"https:\/\/api.w.org\/{rel}","templated":true}]}}