{"id":13538,"date":"2025-12-25T16:42:36","date_gmt":"2025-12-25T16:42:36","guid":{"rendered":"https:\/\/www.nakitsrebro.rs\/?post_type=product&#038;p=13538"},"modified":"2026-03-28T14:39:04","modified_gmt":"2026-03-28T14:39:04","slug":"srebrne-mindjuse-sareni-cvetici-735","status":"publish","type":"product","link":"https:\/\/www.nakitsrebro.rs\/en\/p\/srebrne-mindjuse-sareni-cvetici-735\/","title":{"rendered":"Srebrne min\u0111u\u0161e &#8222;\u0160areni cveti\u0107i&#8220; 735"},"content":{"rendered":"<ul>\n<li data-path-to-node=\"10,0,0\"><b data-path-to-node=\"10,0,0\" data-index-in-node=\"0\">Materijal:<\/b> Srebro fino\u0107e 925<\/li>\n<li data-path-to-node=\"10,1,0\"><b data-path-to-node=\"10,1,0\" data-index-in-node=\"0\">Zavr\u0161na obrada:<\/b> Rodijum<\/li>\n<li data-path-to-node=\"10,2,0\"><b data-path-to-node=\"10,2,0\" data-index-in-node=\"0\">Te\u017eina:<\/b> 1,6 g<\/li>\n<li data-path-to-node=\"10,3,0\"><b data-path-to-node=\"10,3,0\" data-index-in-node=\"0\">Pre\u010dnik:<\/b> 0,8 cm<\/li>\n<li data-path-to-node=\"10,4,0\"><b data-path-to-node=\"10,4,0\" data-index-in-node=\"0\">Kamen:<\/b> Cirkoni u boji (roze, ljubi\u010dasta, narand\u017easta, zelena, \u017euta)<\/li>\n<li data-path-to-node=\"10,5,0\"><b data-path-to-node=\"10,5,0\" data-index-in-node=\"0\">Dizajn:<\/b> Cvetni motiv<\/li>\n<li data-path-to-node=\"10,6,0\"><b data-path-to-node=\"10,6,0\" data-index-in-node=\"0\">Kop\u010danje:<\/b> Iglica sa leptir osigura\u010dem (na \u0161rafi\u0107)<\/li>\n<li data-path-to-node=\"10,7,0\"><b data-path-to-node=\"10,7,0\" data-index-in-node=\"0\">Stil:<\/b> Romanti\u010dni \/ Veseli \/ Casual<\/li>\n<li data-path-to-node=\"10,7,0\">\n<p data-path-to-node=\"6\">Min\u0111u\u0161e <b data-path-to-node=\"6\" data-index-in-node=\"8\">\u0160areni cveti\u0107i<\/b> su savr\u0161en izbor za one koji vole razigran i efektan nakit. Svaka min\u0111u\u0161a je dizajnirana u obliku ne\u017enog cveta \u010dije su latice izra\u0111ene od <b data-path-to-node=\"6\" data-index-in-node=\"161\">cirkona u razli\u010ditim bojama<\/b> \u2013 od ne\u017eno roze i ljubi\u010daste do tople narand\u017easte i maslinasto zelene. Ova kombinacija boja omogu\u0107ava lako uklapanje uz najrazli\u010ditije odevne kombinacije.<\/p>\n<p data-path-to-node=\"7\">Izra\u0111ene su od visokokvalitetnog <b data-path-to-node=\"7\" data-index-in-node=\"33\">srebra fino\u0107e 925<\/b> sa <b data-path-to-node=\"7\" data-index-in-node=\"54\">rodijumskom zavr\u0161nom obradom<\/b>, koja im pru\u017ea dugotrajan sjaj i spre\u010dava tamnjenje. Sa pre\u010dnikom od <b data-path-to-node=\"7\" data-index-in-node=\"152\">0,8 cm<\/b>, one su diskretne i ljupke, idealne kako za devoj\u010dice, tako i za dame koje preferiraju ne\u017ean, a upe\u010datljiv nakit. Kop\u010danje na \u0161rafi\u0107 obezbe\u0111uje sigurnost i udobnost tokom celog dana, \u010dine\u0107i ih savr\u0161enim aksesoarom za prole\u0107ne i letnje dane.<\/p>\n<\/li>\n<\/ul>","protected":false},"excerpt":{"rendered":"<p>Vesele i blistave <b data-path-to-node=\"3\" data-index-in-node=\"18\">srebrne min\u0111u\u0161e (925)<\/b> sa rodijumskom za\u0161titom u obliku cveti\u0107a, ukra\u0161ene raznobojnim cirkonima koji unose vedrinu u svaki stil.<\/p>","protected":false},"featured_media":13539,"comment_status":"closed","ping_status":"closed","template":"","meta":[],"product_brand":[],"product_cat":[297,226],"product_tag":[],"class_list":{"0":"post-13538","1":"product","2":"type-product","3":"status-publish","4":"has-post-thumbnail","6":"product_cat-srebrne-mindjuse-srebrne-mindjuse-4","7":"product_cat-srebrne-mindjuse","9":"first","10":"outofstock","11":"shipping-taxable","12":"purchasable","13":"product-type-simple"},"_links":{"self":[{"href":"https:\/\/www.nakitsrebro.rs\/en\/wp-json\/wp\/v2\/product\/13538","targetHints":{"allow":["GET"]}}],"collection":[{"href":"https:\/\/www.nakitsrebro.rs\/en\/wp-json\/wp\/v2\/product"}],"about":[{"href":"https:\/\/www.nakitsrebro.rs\/en\/wp-json\/wp\/v2\/types\/product"}],"replies":[{"embeddable":true,"href":"https:\/\/www.nakitsrebro.rs\/en\/wp-json\/wp\/v2\/comments?post=13538"}],"wp:featuredmedia":[{"embeddable":true,"href":"https:\/\/www.nakitsrebro.rs\/en\/wp-json\/wp\/v2\/media\/13539"}],"wp:attachment":[{"href":"https:\/\/www.nakitsrebro.rs\/en\/wp-json\/wp\/v2\/media?parent=13538"}],"wp:term":[{"taxonomy":"product_brand","embeddable":true,"href":"https:\/\/www.nakitsrebro.rs\/en\/wp-json\/wp\/v2\/product_brand?post=13538"},{"taxonomy":"product_cat","embeddable":true,"href":"https:\/\/www.nakitsrebro.rs\/en\/wp-json\/wp\/v2\/product_cat?post=13538"},{"taxonomy":"product_tag","embeddable":true,"href":"https:\/\/www.nakitsrebro.rs\/en\/wp-json\/wp\/v2\/product_tag?post=13538"}],"curies":[{"name":"wp","href":"https:\/\/api.w.org\/{rel}","templated":true}]}}