{"id":4533,"date":"2022-11-08T13:00:09","date_gmt":"2022-11-08T13:00:09","guid":{"rendered":"https:\/\/www.nakitsrebro.rs\/?post_type=product&#038;p=4533"},"modified":"2025-10-31T15:28:38","modified_gmt":"2025-10-31T15:28:38","slug":"srebrni-prsten-tri-cveta-712","status":"publish","type":"product","link":"https:\/\/www.nakitsrebro.rs\/en\/p\/srebrni-prsten-tri-cveta-712\/","title":{"rendered":"Srebrni prsten &#8222;TRI CVETA&#8220; 712"},"content":{"rendered":"<p>Srebrni prsten &#8222;TRI CVETA&#8220;,sa utisnutim kubnim cirkonima.<br \/>\n***Skup ili jeftin,suptilan ili ne ,nakit je detalj bez koga moderna osoba danas ne izlazi iz kuce.<\/p>\n<p>SAV NA\u0160 NAKIT MO\u017dETE NARU\u010cITI DIREKTNO NA SAJTU ILI PREKO VIBER-a ,SMS PORUKOM ILI POZIVOM NA BROJ 064\/030 77 77<\/p>","protected":false},"excerpt":{"rendered":"<div id=\"karakteristike\">\n<ul id=\"karakteristike-0\">\n<li><strong>TEZINA<\/strong>: 3g<\/li>\n<li><strong>PRE\u010cNIK<\/strong>: 16,5mm<\/li>\n<\/ul>\n<ul id=\"karakteristike-1\">\n<li><strong>MATERIJAL<\/strong>: SREBRO 925, RODIJUM, CIRKON<\/li>\n<\/ul>\n<\/div>","protected":false},"featured_media":11003,"comment_status":"closed","ping_status":"closed","template":"","meta":[],"product_brand":[],"product_cat":[225],"product_tag":[252],"class_list":{"0":"post-4533","1":"product","2":"type-product","3":"status-publish","4":"has-post-thumbnail","6":"product_cat-srebrno-prstenje","7":"product_tag-srebrni-prsten","9":"first","10":"instock","11":"shipping-taxable","12":"purchasable","13":"product-type-simple"},"_links":{"self":[{"href":"https:\/\/www.nakitsrebro.rs\/en\/wp-json\/wp\/v2\/product\/4533","targetHints":{"allow":["GET"]}}],"collection":[{"href":"https:\/\/www.nakitsrebro.rs\/en\/wp-json\/wp\/v2\/product"}],"about":[{"href":"https:\/\/www.nakitsrebro.rs\/en\/wp-json\/wp\/v2\/types\/product"}],"replies":[{"embeddable":true,"href":"https:\/\/www.nakitsrebro.rs\/en\/wp-json\/wp\/v2\/comments?post=4533"}],"wp:featuredmedia":[{"embeddable":true,"href":"https:\/\/www.nakitsrebro.rs\/en\/wp-json\/wp\/v2\/media\/11003"}],"wp:attachment":[{"href":"https:\/\/www.nakitsrebro.rs\/en\/wp-json\/wp\/v2\/media?parent=4533"}],"wp:term":[{"taxonomy":"product_brand","embeddable":true,"href":"https:\/\/www.nakitsrebro.rs\/en\/wp-json\/wp\/v2\/product_brand?post=4533"},{"taxonomy":"product_cat","embeddable":true,"href":"https:\/\/www.nakitsrebro.rs\/en\/wp-json\/wp\/v2\/product_cat?post=4533"},{"taxonomy":"product_tag","embeddable":true,"href":"https:\/\/www.nakitsrebro.rs\/en\/wp-json\/wp\/v2\/product_tag?post=4533"}],"curies":[{"name":"wp","href":"https:\/\/api.w.org\/{rel}","templated":true}]}}