{"id":6303,"date":"2023-03-28T10:02:13","date_gmt":"2023-03-28T10:02:13","guid":{"rendered":"https:\/\/www.nakitsrebro.rs\/?post_type=product&#038;p=6303"},"modified":"2026-01-18T22:32:13","modified_gmt":"2026-01-18T22:32:13","slug":"srebrni-prsten-detelina-218","status":"publish","type":"product","link":"https:\/\/www.nakitsrebro.rs\/en\/p\/srebrni-prsten-detelina-218\/","title":{"rendered":"Srebrni prsten \u201eDETELINA\u201c 218"},"content":{"rendered":"","protected":false},"excerpt":{"rendered":"<div class=\"woocommerce-product-details__short-description\">\n<ul>\n<li><strong>TE\u017dINA<\/strong>: 2,8g<\/li>\n<li><strong>MATERIJAL<\/strong>: SREBRO 925<\/li>\n<li><strong>PRE\u010cNIK<\/strong>: 16,5mm<\/li>\n<li>Ovaj srebrni prsten ima jedinstven dizajn sa dva lista deteline. Prsten je otvoren, \u0161to zna\u010di da se mo\u017ee prilagoditi razli\u010ditim veli\u010dinama prsta. Izgleda elegantno i jednostavno, a motivi deteline simboliziraju sre\u0107u.<\/li>\n<\/ul>\n<\/div>","protected":false},"featured_media":6299,"comment_status":"closed","ping_status":"closed","template":"","meta":[],"product_brand":[],"product_cat":[225],"product_tag":[252],"class_list":{"0":"post-6303","1":"product","2":"type-product","3":"status-publish","4":"has-post-thumbnail","6":"product_cat-srebrno-prstenje","7":"product_tag-srebrni-prsten","9":"first","10":"outofstock","11":"shipping-taxable","12":"purchasable","13":"product-type-simple"},"_links":{"self":[{"href":"https:\/\/www.nakitsrebro.rs\/en\/wp-json\/wp\/v2\/product\/6303","targetHints":{"allow":["GET"]}}],"collection":[{"href":"https:\/\/www.nakitsrebro.rs\/en\/wp-json\/wp\/v2\/product"}],"about":[{"href":"https:\/\/www.nakitsrebro.rs\/en\/wp-json\/wp\/v2\/types\/product"}],"replies":[{"embeddable":true,"href":"https:\/\/www.nakitsrebro.rs\/en\/wp-json\/wp\/v2\/comments?post=6303"}],"wp:featuredmedia":[{"embeddable":true,"href":"https:\/\/www.nakitsrebro.rs\/en\/wp-json\/wp\/v2\/media\/6299"}],"wp:attachment":[{"href":"https:\/\/www.nakitsrebro.rs\/en\/wp-json\/wp\/v2\/media?parent=6303"}],"wp:term":[{"taxonomy":"product_brand","embeddable":true,"href":"https:\/\/www.nakitsrebro.rs\/en\/wp-json\/wp\/v2\/product_brand?post=6303"},{"taxonomy":"product_cat","embeddable":true,"href":"https:\/\/www.nakitsrebro.rs\/en\/wp-json\/wp\/v2\/product_cat?post=6303"},{"taxonomy":"product_tag","embeddable":true,"href":"https:\/\/www.nakitsrebro.rs\/en\/wp-json\/wp\/v2\/product_tag?post=6303"}],"curies":[{"name":"wp","href":"https:\/\/api.w.org\/{rel}","templated":true}]}}