{"id":7238,"date":"2023-07-03T16:17:09","date_gmt":"2023-07-03T16:17:09","guid":{"rendered":"https:\/\/www.nakitsrebro.rs\/?post_type=product&#038;p=7238"},"modified":"2025-10-31T15:28:36","modified_gmt":"2025-10-31T15:28:36","slug":"srebrne-mindjuse-clif-809","status":"publish","type":"product","link":"https:\/\/www.nakitsrebro.rs\/en\/p\/srebrne-mindjuse-clif-809\/","title":{"rendered":"Srebrne min\u0111u\u0161e \u201eCLIF\u201c 809"},"content":{"rendered":"","protected":false},"excerpt":{"rendered":"<div class=\"info_main product-des-wrap product-des\">\n<ul>\n<li><strong>TE\u017dINA<\/strong>: 1,6g<\/li>\n<li><strong>MATERIJAL<\/strong>: SREBRO 925, RODIJUM, ONIKS<\/li>\n<li><strong>PRE\u010cNIK:<\/strong> 1cm<\/li>\n<li>Ove srebrne min\u0111u\u0161e su odli\u010dan izbor za one koji tra\u017ee elegantan i svestran nakit. Njihov jednostavan dizajn i kvalitetni materijali \u010dine ih dugotrajnim i modernim dodatkom svakoj kolekciji nakita.<\/li>\n<\/ul>\n<\/div>","protected":false},"featured_media":7239,"comment_status":"closed","ping_status":"closed","template":"","meta":[],"product_brand":[],"product_cat":[297,226],"product_tag":[254],"class_list":{"0":"post-7238","1":"product","2":"type-product","3":"status-publish","4":"has-post-thumbnail","6":"product_cat-srebrne-mindjuse-srebrne-mindjuse-4","7":"product_cat-srebrne-mindjuse","8":"product_tag-srebrne-mindjuse","10":"first","11":"instock","12":"shipping-taxable","13":"purchasable","14":"product-type-simple"},"_links":{"self":[{"href":"https:\/\/www.nakitsrebro.rs\/en\/wp-json\/wp\/v2\/product\/7238","targetHints":{"allow":["GET"]}}],"collection":[{"href":"https:\/\/www.nakitsrebro.rs\/en\/wp-json\/wp\/v2\/product"}],"about":[{"href":"https:\/\/www.nakitsrebro.rs\/en\/wp-json\/wp\/v2\/types\/product"}],"replies":[{"embeddable":true,"href":"https:\/\/www.nakitsrebro.rs\/en\/wp-json\/wp\/v2\/comments?post=7238"}],"wp:featuredmedia":[{"embeddable":true,"href":"https:\/\/www.nakitsrebro.rs\/en\/wp-json\/wp\/v2\/media\/7239"}],"wp:attachment":[{"href":"https:\/\/www.nakitsrebro.rs\/en\/wp-json\/wp\/v2\/media?parent=7238"}],"wp:term":[{"taxonomy":"product_brand","embeddable":true,"href":"https:\/\/www.nakitsrebro.rs\/en\/wp-json\/wp\/v2\/product_brand?post=7238"},{"taxonomy":"product_cat","embeddable":true,"href":"https:\/\/www.nakitsrebro.rs\/en\/wp-json\/wp\/v2\/product_cat?post=7238"},{"taxonomy":"product_tag","embeddable":true,"href":"https:\/\/www.nakitsrebro.rs\/en\/wp-json\/wp\/v2\/product_tag?post=7238"}],"curies":[{"name":"wp","href":"https:\/\/api.w.org\/{rel}","templated":true}]}}