{"id":7399,"date":"2023-08-25T12:44:13","date_gmt":"2023-08-25T12:44:13","guid":{"rendered":"https:\/\/www.nakitsrebro.rs\/?post_type=product&#038;p=7399"},"modified":"2025-10-31T15:28:36","modified_gmt":"2025-10-31T15:28:36","slug":"srebrne-mindjuse-za-decu-mickey-mouse-612","status":"publish","type":"product","link":"https:\/\/www.nakitsrebro.rs\/en\/p\/srebrne-mindjuse-za-decu-mickey-mouse-612\/","title":{"rendered":"Srebrne min\u0111u\u0161e za decu \u201eMICKEY MOUSE\u201c 612"},"content":{"rendered":"<p>Srebrne min\u0111u\u0161e &#8222;MICKEY MOUSE&#8220; su vi\u0161e od modnog dodatka &#8211; one su mali komadi\u0107 magije koji \u0107e obradovati svaku devoj\u010dicu. Poklonite ih va\u0161oj princezi i u\u010dinite je najsre\u0107nijom na svetu!<\/p>","protected":false},"excerpt":{"rendered":"<ul id=\"karakteristike-0\">\n<li><strong>TE\u017dINA<\/strong>: 1,5g<\/li>\n<li><strong>MATERIJAL<\/strong>: SREBRO 925, EMAJL<\/li>\n<li><strong>Miki Maus<\/strong>, omiljeni mi\u0161 svih generacija, sada mo\u017ee krasiti u\u0161i va\u0161e male princeze! Srebrne min\u0111u\u0161e sa motivima ovog legendarnog crtanog junaka su savr\u0161en poklon za sve devoj\u010dice koje vole magi\u010dni svet Disneja.<\/li>\n<\/ul>","protected":false},"featured_media":7400,"comment_status":"closed","ping_status":"closed","template":"","meta":[],"product_brand":[],"product_cat":[232],"product_tag":[291,256],"class_list":{"0":"post-7399","1":"product","2":"type-product","3":"status-publish","4":"has-post-thumbnail","6":"product_cat-mindjuse","7":"product_tag-decije-mindjuse","8":"product_tag-nakit-za-decu","10":"first","11":"instock","12":"shipping-taxable","13":"purchasable","14":"product-type-simple"},"_links":{"self":[{"href":"https:\/\/www.nakitsrebro.rs\/en\/wp-json\/wp\/v2\/product\/7399","targetHints":{"allow":["GET"]}}],"collection":[{"href":"https:\/\/www.nakitsrebro.rs\/en\/wp-json\/wp\/v2\/product"}],"about":[{"href":"https:\/\/www.nakitsrebro.rs\/en\/wp-json\/wp\/v2\/types\/product"}],"replies":[{"embeddable":true,"href":"https:\/\/www.nakitsrebro.rs\/en\/wp-json\/wp\/v2\/comments?post=7399"}],"wp:featuredmedia":[{"embeddable":true,"href":"https:\/\/www.nakitsrebro.rs\/en\/wp-json\/wp\/v2\/media\/7400"}],"wp:attachment":[{"href":"https:\/\/www.nakitsrebro.rs\/en\/wp-json\/wp\/v2\/media?parent=7399"}],"wp:term":[{"taxonomy":"product_brand","embeddable":true,"href":"https:\/\/www.nakitsrebro.rs\/en\/wp-json\/wp\/v2\/product_brand?post=7399"},{"taxonomy":"product_cat","embeddable":true,"href":"https:\/\/www.nakitsrebro.rs\/en\/wp-json\/wp\/v2\/product_cat?post=7399"},{"taxonomy":"product_tag","embeddable":true,"href":"https:\/\/www.nakitsrebro.rs\/en\/wp-json\/wp\/v2\/product_tag?post=7399"}],"curies":[{"name":"wp","href":"https:\/\/api.w.org\/{rel}","templated":true}]}}