{"id":7408,"date":"2023-08-25T12:56:10","date_gmt":"2023-08-25T12:56:10","guid":{"rendered":"https:\/\/www.nakitsrebro.rs\/?post_type=product&#038;p=7408"},"modified":"2025-10-31T15:28:36","modified_gmt":"2025-10-31T15:28:36","slug":"srebrne-mindjuse-za-decu-smile-630","status":"publish","type":"product","link":"https:\/\/www.nakitsrebro.rs\/en\/p\/srebrne-mindjuse-za-decu-smile-630\/","title":{"rendered":"Srebrne mindjuse za decu \u201eSMILE&#8220; 630"},"content":{"rendered":"","protected":false},"excerpt":{"rendered":"<div class=\"info_main product-des-wrap product-des\">\n<ul id=\"karakteristike-0\">\n<li><strong>TE\u017dINA<\/strong>: 2g<\/li>\n<\/ul>\n<ul id=\"karakteristike-1\">\n<li><strong>MATERIJAL<\/strong>: SREBRO 925, EMAJL, CIRKON<\/li>\n<li>\u017delite da obradujete svoju malu princezu jedinstvenim poklonom? Srebrne min\u0111u\u0161e sa motivima osmeha su savr\u0161en izbor! Ove min\u0111u\u0161e su vi\u0161e od obi\u010dnog nakita \u2013 one su simbol pozitivnosti, radosti i sre\u0107e.<\/li>\n<\/ul>\n<\/div>","protected":false},"featured_media":7409,"comment_status":"closed","ping_status":"closed","template":"","meta":[],"product_brand":[],"product_cat":[232],"product_tag":[256,253],"class_list":{"0":"post-7408","1":"product","2":"type-product","3":"status-publish","4":"has-post-thumbnail","6":"product_cat-mindjuse","7":"product_tag-nakit-za-decu","8":"product_tag-srebrne-mindjuse-za-decu","10":"first","11":"instock","12":"shipping-taxable","13":"purchasable","14":"product-type-simple"},"_links":{"self":[{"href":"https:\/\/www.nakitsrebro.rs\/en\/wp-json\/wp\/v2\/product\/7408","targetHints":{"allow":["GET"]}}],"collection":[{"href":"https:\/\/www.nakitsrebro.rs\/en\/wp-json\/wp\/v2\/product"}],"about":[{"href":"https:\/\/www.nakitsrebro.rs\/en\/wp-json\/wp\/v2\/types\/product"}],"replies":[{"embeddable":true,"href":"https:\/\/www.nakitsrebro.rs\/en\/wp-json\/wp\/v2\/comments?post=7408"}],"wp:featuredmedia":[{"embeddable":true,"href":"https:\/\/www.nakitsrebro.rs\/en\/wp-json\/wp\/v2\/media\/7409"}],"wp:attachment":[{"href":"https:\/\/www.nakitsrebro.rs\/en\/wp-json\/wp\/v2\/media?parent=7408"}],"wp:term":[{"taxonomy":"product_brand","embeddable":true,"href":"https:\/\/www.nakitsrebro.rs\/en\/wp-json\/wp\/v2\/product_brand?post=7408"},{"taxonomy":"product_cat","embeddable":true,"href":"https:\/\/www.nakitsrebro.rs\/en\/wp-json\/wp\/v2\/product_cat?post=7408"},{"taxonomy":"product_tag","embeddable":true,"href":"https:\/\/www.nakitsrebro.rs\/en\/wp-json\/wp\/v2\/product_tag?post=7408"}],"curies":[{"name":"wp","href":"https:\/\/api.w.org\/{rel}","templated":true}]}}