{"id":8073,"date":"2023-10-28T15:15:21","date_gmt":"2023-10-28T15:15:21","guid":{"rendered":"https:\/\/www.nakitsrebro.rs\/?post_type=product&#038;p=8073"},"modified":"2025-12-03T13:12:16","modified_gmt":"2025-12-03T13:12:16","slug":"srebrna-ogrlica-plocica-1000","status":"publish","type":"product","link":"https:\/\/www.nakitsrebro.rs\/en\/p\/srebrna-ogrlica-plocica-1000\/","title":{"rendered":"Srebrna ogrlica \u201ePLO\u010cICA\u201c 1000"},"content":{"rendered":"<ul>\n<li data-path-to-node=\"5,0,0\"><b>Te\u017eina:<\/b> 1,5 g<\/li>\n<li data-path-to-node=\"5,4,0\"><b>Obrada:<\/b>\u00a0Rodijum (visoki sjaj, za\u0161tita od tamnjenja)<\/li>\n<li data-path-to-node=\"5,3,0\"><b>Materijal:<\/b> Srebro 925<\/li>\n<li data-path-to-node=\"5,1,0\"><b>Du\u017eina:<\/b> 40 \u2013 43 \u2013 45 cm (podesiva u tri nivoa)<\/li>\n<li data-path-to-node=\"5,2,0\"><b>Dimenzije priveska:<\/b> 0,9 cm (pre\u010dnik plo\u010dice)<\/li>\n<li data-path-to-node=\"5,5,0\"><b>Detalj:<\/b> Gravura &#8222;sending you love&#8220;<\/li>\n<li data-path-to-node=\"5,5,0\">\n<p data-path-to-node=\"8\">Ova prefinjena ogrlica predstavlja spoj elegancije i emocije. Izra\u0111ena je od visokokvalitetnog srebra, a njen centralni deo je okrugla plo\u010dica pre\u010dnika 0,9 cm na kojoj je ispisana ne\u017ena poruka <b>&#8222;sending you love&#8220;<\/b>.<\/p>\n<p data-path-to-node=\"9\">Zahvaljuju\u0107i jednostavnom dizajnu, idealna je za svakodnevno no\u0161enje (&#8222;everyday jewelry&#8220;) i lako se kombinuje sa drugim nakitom. <b>Rodijumska obrada<\/b> joj daje luksuzan izgled belog zlata i \u0161titi srebro od oksidacije, osiguravaju\u0107i dugotrajan sjaj.<\/p>\n<p data-path-to-node=\"10\">Posebna prednost je <b>podesiva du\u017eina<\/b> \u2013 ogrlica poseduje alkice koje omogu\u0107avaju kop\u010danje na 40 cm, 43 cm ili 45 cm, tako da savr\u0161eno pristaje uz svaki izrez. Ovo je idealan izbor ukoliko tra\u017eite simboli\u010dan poklon kojim \u0107ete nekome pokazati ljubav i pa\u017enju.<\/p>\n<\/li>\n<\/ul>","protected":false},"excerpt":{"rendered":"<p>Minimalisti\u010dka ogrlica od srebra 925 sa rodijumskom za\u0161titom. Krasi je diskretan privezak sa ugraviranom porukom &#8222;sending you love&#8220;, \u010dine\u0107i je savr\u0161enim sentimentalnim poklonom.<\/p>","protected":false},"featured_media":8074,"comment_status":"closed","ping_status":"closed","template":"","meta":[],"product_brand":[],"product_cat":[229],"product_tag":[261],"class_list":{"0":"post-8073","1":"product","2":"type-product","3":"status-publish","4":"has-post-thumbnail","6":"product_cat-srebrne-ogrlice","7":"product_tag-srebrna-ogrlica","9":"first","10":"instock","11":"shipping-taxable","12":"purchasable","13":"product-type-simple"},"_links":{"self":[{"href":"https:\/\/www.nakitsrebro.rs\/en\/wp-json\/wp\/v2\/product\/8073","targetHints":{"allow":["GET"]}}],"collection":[{"href":"https:\/\/www.nakitsrebro.rs\/en\/wp-json\/wp\/v2\/product"}],"about":[{"href":"https:\/\/www.nakitsrebro.rs\/en\/wp-json\/wp\/v2\/types\/product"}],"replies":[{"embeddable":true,"href":"https:\/\/www.nakitsrebro.rs\/en\/wp-json\/wp\/v2\/comments?post=8073"}],"wp:featuredmedia":[{"embeddable":true,"href":"https:\/\/www.nakitsrebro.rs\/en\/wp-json\/wp\/v2\/media\/8074"}],"wp:attachment":[{"href":"https:\/\/www.nakitsrebro.rs\/en\/wp-json\/wp\/v2\/media?parent=8073"}],"wp:term":[{"taxonomy":"product_brand","embeddable":true,"href":"https:\/\/www.nakitsrebro.rs\/en\/wp-json\/wp\/v2\/product_brand?post=8073"},{"taxonomy":"product_cat","embeddable":true,"href":"https:\/\/www.nakitsrebro.rs\/en\/wp-json\/wp\/v2\/product_cat?post=8073"},{"taxonomy":"product_tag","embeddable":true,"href":"https:\/\/www.nakitsrebro.rs\/en\/wp-json\/wp\/v2\/product_tag?post=8073"}],"curies":[{"name":"wp","href":"https:\/\/api.w.org\/{rel}","templated":true}]}}