{"id":8217,"date":"2023-11-11T14:07:31","date_gmt":"2023-11-11T14:07:31","guid":{"rendered":"https:\/\/www.nakitsrebro.rs\/?post_type=product&#038;p=8217"},"modified":"2025-10-31T15:28:35","modified_gmt":"2025-10-31T15:28:35","slug":"narukvica-srebro-i-kaucuk-101","status":"publish","type":"product","link":"https:\/\/www.nakitsrebro.rs\/en\/p\/narukvica-srebro-i-kaucuk-101\/","title":{"rendered":"Srebrna narukvica &#8222;KAU\u010cUK&#8220; 101"},"content":{"rendered":"<p>Narukvica srebro i crni kau\u010duk,\u0161irina 0,8cm.<\/p>","protected":false},"excerpt":{"rendered":"<p><strong>Te\u017eina<\/strong>: 8,4g<br \/>\n<strong>Du\u017eina:<\/strong> 21,5cm<br \/>\n<strong>Materijal:<\/strong> Srebro 925 kaucuk.<\/p>\n<p>Ova srebrna narukvica s kau\u010dukom je odli\u010dan izbor za one koji tra\u017ee moderan i udoban nakit. Kombinacija srebra i kau\u010duka daje joj poseban \u0161arm, a jednostavan dizajn omogu\u0107uje da se kombinuje s razli\u010ditim stilovima ode\u0107e.<\/p>","protected":false},"featured_media":8215,"comment_status":"closed","ping_status":"closed","template":"","meta":[],"product_brand":[],"product_cat":[302,228],"product_tag":[247],"class_list":{"0":"post-8217","1":"product","2":"type-product","3":"status-publish","4":"has-post-thumbnail","6":"product_cat-srebrne-narukvice-srebrne-narukvice-3","7":"product_cat-srebrne-narukvice","8":"product_tag-srebrna-narukvica","10":"first","11":"instock","12":"shipping-taxable","13":"purchasable","14":"product-type-simple"},"_links":{"self":[{"href":"https:\/\/www.nakitsrebro.rs\/en\/wp-json\/wp\/v2\/product\/8217","targetHints":{"allow":["GET"]}}],"collection":[{"href":"https:\/\/www.nakitsrebro.rs\/en\/wp-json\/wp\/v2\/product"}],"about":[{"href":"https:\/\/www.nakitsrebro.rs\/en\/wp-json\/wp\/v2\/types\/product"}],"replies":[{"embeddable":true,"href":"https:\/\/www.nakitsrebro.rs\/en\/wp-json\/wp\/v2\/comments?post=8217"}],"wp:featuredmedia":[{"embeddable":true,"href":"https:\/\/www.nakitsrebro.rs\/en\/wp-json\/wp\/v2\/media\/8215"}],"wp:attachment":[{"href":"https:\/\/www.nakitsrebro.rs\/en\/wp-json\/wp\/v2\/media?parent=8217"}],"wp:term":[{"taxonomy":"product_brand","embeddable":true,"href":"https:\/\/www.nakitsrebro.rs\/en\/wp-json\/wp\/v2\/product_brand?post=8217"},{"taxonomy":"product_cat","embeddable":true,"href":"https:\/\/www.nakitsrebro.rs\/en\/wp-json\/wp\/v2\/product_cat?post=8217"},{"taxonomy":"product_tag","embeddable":true,"href":"https:\/\/www.nakitsrebro.rs\/en\/wp-json\/wp\/v2\/product_tag?post=8217"}],"curies":[{"name":"wp","href":"https:\/\/api.w.org\/{rel}","templated":true}]}}