{"id":8285,"date":"2023-11-18T15:05:19","date_gmt":"2023-11-18T15:05:19","guid":{"rendered":"https:\/\/www.nakitsrebro.rs\/?post_type=product&#038;p=8285"},"modified":"2025-10-31T15:28:35","modified_gmt":"2025-10-31T15:28:35","slug":"srebrni-prsten-srce-713","status":"publish","type":"product","link":"https:\/\/www.nakitsrebro.rs\/en\/p\/srebrni-prsten-srce-713\/","title":{"rendered":"Srebrni prsten \u201eSRCE\u201c 713"},"content":{"rendered":"","protected":false},"excerpt":{"rendered":"<div class=\"woocommerce-product-details__short-description\">\n<div class=\"woocommerce-product-details__short-description\">\n<ul>\n<li><strong>TE\u017dINA<\/strong>: 2,5g<\/li>\n<li><strong>PRE\u010cNIK<\/strong>: 17mm<\/li>\n<li><strong>MATERIJAL<\/strong>: SREBRO 925, RODIJUM, EMAJL<\/li>\n<li>Srebrni prsten presvu\u010den rodijumom je elegantan, izdr\u017eljiv i svestran izbor nakita.\u00a0Najupe\u010datljiviji detalji su srca koja se smenjuju u crnoj i beloj boji. Srca su prekrivena emajlom, \u0161to im daje glatku i sjajnu povr\u0161inu.<\/li>\n<\/ul>\n<\/div>\n<\/div>","protected":false},"featured_media":8283,"comment_status":"closed","ping_status":"closed","template":"","meta":[],"product_brand":[],"product_cat":[225],"product_tag":[252],"class_list":{"0":"post-8285","1":"product","2":"type-product","3":"status-publish","4":"has-post-thumbnail","6":"product_cat-srebrno-prstenje","7":"product_tag-srebrni-prsten","9":"first","10":"instock","11":"shipping-taxable","12":"purchasable","13":"product-type-simple"},"_links":{"self":[{"href":"https:\/\/www.nakitsrebro.rs\/en\/wp-json\/wp\/v2\/product\/8285","targetHints":{"allow":["GET"]}}],"collection":[{"href":"https:\/\/www.nakitsrebro.rs\/en\/wp-json\/wp\/v2\/product"}],"about":[{"href":"https:\/\/www.nakitsrebro.rs\/en\/wp-json\/wp\/v2\/types\/product"}],"replies":[{"embeddable":true,"href":"https:\/\/www.nakitsrebro.rs\/en\/wp-json\/wp\/v2\/comments?post=8285"}],"wp:featuredmedia":[{"embeddable":true,"href":"https:\/\/www.nakitsrebro.rs\/en\/wp-json\/wp\/v2\/media\/8283"}],"wp:attachment":[{"href":"https:\/\/www.nakitsrebro.rs\/en\/wp-json\/wp\/v2\/media?parent=8285"}],"wp:term":[{"taxonomy":"product_brand","embeddable":true,"href":"https:\/\/www.nakitsrebro.rs\/en\/wp-json\/wp\/v2\/product_brand?post=8285"},{"taxonomy":"product_cat","embeddable":true,"href":"https:\/\/www.nakitsrebro.rs\/en\/wp-json\/wp\/v2\/product_cat?post=8285"},{"taxonomy":"product_tag","embeddable":true,"href":"https:\/\/www.nakitsrebro.rs\/en\/wp-json\/wp\/v2\/product_tag?post=8285"}],"curies":[{"name":"wp","href":"https:\/\/api.w.org\/{rel}","templated":true}]}}