{"id":8346,"date":"2023-11-24T10:50:33","date_gmt":"2023-11-24T10:50:33","guid":{"rendered":"https:\/\/www.nakitsrebro.rs\/?post_type=product&#038;p=8346"},"modified":"2025-10-31T15:28:35","modified_gmt":"2025-10-31T15:28:35","slug":"srebrna-narukvica-konac-1004","status":"publish","type":"product","link":"https:\/\/www.nakitsrebro.rs\/en\/p\/srebrna-narukvica-konac-1004\/","title":{"rendered":"Srebrna narukvica &#8220; KONAC&#8220; 1004"},"content":{"rendered":"<p><strong>Crvena boja konca<\/strong> tradicionalno se povezuje s energijom, sre\u0107om i za\u0161titom, dok <strong>srebro<\/strong> simbolizuje eleganciju i \u010disto\u0107u. Kombinacija ovih elemenata \u010dini ovu narukvicu privla\u010dnom i simboli\u010dnom. Ovakve narukvice su popularne kao <strong>modni dodatak<\/strong>, ali se \u010desto nose i kao <strong>talisman<\/strong>. Mogu se kombinovati s razli\u010ditim stilovima ode\u0107e, od le\u017eernih do sve\u010danih.<\/p>","protected":false},"excerpt":{"rendered":"<div class=\"woocommerce-product-details__short-description\">\n<div class=\"info_main product-des-wrap product-des\">\n<ul>\n<li><strong>TE\u017dINA<\/strong>: 1,8g<\/li>\n<li><strong>MATERIJAL<\/strong>: SREBRO 925, RODIJUM, CIRKON<\/li>\n<li><strong>DU\u017dINA<\/strong>: 17-21cm<\/li>\n<li><strong>Narukvica<\/strong> je elegantna i jednostavna, izra\u0111ena od <strong>crvenog konca<\/strong> i <strong>srebrnih elemenata<\/strong>. Na crvenom koncu je pri\u010dvr\u0161\u0107ena tanka srebrna plo\u010dica na kojoj je postavljeno <strong>sedam malih, okruglih cirkona<\/strong>.<\/li>\n<\/ul>\n<\/div>\n<\/div>","protected":false},"featured_media":8347,"comment_status":"closed","ping_status":"closed","template":"","meta":[],"product_brand":[],"product_cat":[302,228],"product_tag":[247],"class_list":{"0":"post-8346","1":"product","2":"type-product","3":"status-publish","4":"has-post-thumbnail","6":"product_cat-srebrne-narukvice-srebrne-narukvice-3","7":"product_cat-srebrne-narukvice","8":"product_tag-srebrna-narukvica","10":"first","11":"instock","12":"shipping-taxable","13":"purchasable","14":"product-type-simple"},"_links":{"self":[{"href":"https:\/\/www.nakitsrebro.rs\/en\/wp-json\/wp\/v2\/product\/8346","targetHints":{"allow":["GET"]}}],"collection":[{"href":"https:\/\/www.nakitsrebro.rs\/en\/wp-json\/wp\/v2\/product"}],"about":[{"href":"https:\/\/www.nakitsrebro.rs\/en\/wp-json\/wp\/v2\/types\/product"}],"replies":[{"embeddable":true,"href":"https:\/\/www.nakitsrebro.rs\/en\/wp-json\/wp\/v2\/comments?post=8346"}],"wp:featuredmedia":[{"embeddable":true,"href":"https:\/\/www.nakitsrebro.rs\/en\/wp-json\/wp\/v2\/media\/8347"}],"wp:attachment":[{"href":"https:\/\/www.nakitsrebro.rs\/en\/wp-json\/wp\/v2\/media?parent=8346"}],"wp:term":[{"taxonomy":"product_brand","embeddable":true,"href":"https:\/\/www.nakitsrebro.rs\/en\/wp-json\/wp\/v2\/product_brand?post=8346"},{"taxonomy":"product_cat","embeddable":true,"href":"https:\/\/www.nakitsrebro.rs\/en\/wp-json\/wp\/v2\/product_cat?post=8346"},{"taxonomy":"product_tag","embeddable":true,"href":"https:\/\/www.nakitsrebro.rs\/en\/wp-json\/wp\/v2\/product_tag?post=8346"}],"curies":[{"name":"wp","href":"https:\/\/api.w.org\/{rel}","templated":true}]}}