{"id":8626,"date":"2023-12-14T13:01:55","date_gmt":"2023-12-14T13:01:55","guid":{"rendered":"https:\/\/www.nakitsrebro.rs\/?post_type=product&#038;p=8626"},"modified":"2025-12-03T13:17:40","modified_gmt":"2025-12-03T13:17:40","slug":"srebrna-ogrlica-siena-703","status":"publish","type":"product","link":"https:\/\/www.nakitsrebro.rs\/en\/p\/srebrna-ogrlica-siena-703\/","title":{"rendered":"Srebrna ogrlica &#8222;SIENA&#8220;  703"},"content":{"rendered":"<ul>\n<li data-path-to-node=\"5,0,0\"><b>Te\u017eina:<\/b> 5,3 g<\/li>\n<li data-path-to-node=\"5,1,0\"><b>Du\u017eina:<\/b> 46 + 3 cm (podesiva du\u017eina)<\/li>\n<li data-path-to-node=\"5,2,0\"><b>Materijal:<\/b> Srebro 925<\/li>\n<li data-path-to-node=\"5,3,0\"><b>Obrada:<\/b> Rodijum (beli sjaj), \u017duta pozlata<\/li>\n<li data-path-to-node=\"5,4,0\"><b>Dizajn:<\/b> &#8222;Ball chain&#8220; rad sa fasetiranim perlama<\/li>\n<li data-path-to-node=\"5,4,0\">\n<p data-path-to-node=\"8\">Ova ogrlica je pravi izbor za dame koje vole upe\u010datljiv nakit koji se lako kombinuje. Osnovu \u010dini fini lan\u010di\u0107 u stilu niza sitnih kuglica (&#8222;ball chain&#8220;), koji va\u017ei za jedan od najizdr\u017eljivijih i najmodernijih tipova pletiva.<\/p>\n<p data-path-to-node=\"9\">Ono \u0161to ovu ogrlicu \u010dini posebnom su ve\u0107e, <b>dijamantirane kuglice<\/b> raspore\u0111ene du\u017e lan\u010di\u0107a. One dolaze u dve nijanse \u2013 <b>hladnoj srebrnoj (rodijum), toploj \u017eutoj (zlato) <\/b>. Povr\u0161ina ovih kuglica je laserski obra\u0111ena (fasetirana) tako da pri svakom pokretu prelama svetlost i neodoljivo svetluca.<\/p>\n<p data-path-to-node=\"10\">Zahvaljuju\u0107i miksu dve boje metala, ova ogrlica se savr\u0161eno sla\u017ee i sa srebrnim i sa zlatnim nakitom. Podesiva du\u017eina (46\u201349 cm) omogu\u0107ava da lepo padne na sredinu dekoltea.<\/p>\n<\/li>\n<\/ul>","protected":false},"excerpt":{"rendered":"<p>Efektna ogrlica od srebra 925, oboga\u0107ena kombinacijom rodijuma i pozlate. Dizajn karakteri\u0161e niz sitnih srebrnih kuglica prekinut ve\u0107im, fasetiranim kuglicama u tri boje (srebrna, \u017euta i roze), \u0161to joj daje rasko\u0161an izgled.<\/p>\n<p>&nbsp;<\/p>\n<p>&nbsp;<\/p>","protected":false},"featured_media":8627,"comment_status":"closed","ping_status":"closed","template":"","meta":[],"product_brand":[],"product_cat":[229],"product_tag":[],"class_list":{"0":"post-8626","1":"product","2":"type-product","3":"status-publish","4":"has-post-thumbnail","6":"product_cat-srebrne-ogrlice","8":"first","9":"instock","10":"shipping-taxable","11":"purchasable","12":"product-type-simple"},"_links":{"self":[{"href":"https:\/\/www.nakitsrebro.rs\/en\/wp-json\/wp\/v2\/product\/8626","targetHints":{"allow":["GET"]}}],"collection":[{"href":"https:\/\/www.nakitsrebro.rs\/en\/wp-json\/wp\/v2\/product"}],"about":[{"href":"https:\/\/www.nakitsrebro.rs\/en\/wp-json\/wp\/v2\/types\/product"}],"replies":[{"embeddable":true,"href":"https:\/\/www.nakitsrebro.rs\/en\/wp-json\/wp\/v2\/comments?post=8626"}],"wp:featuredmedia":[{"embeddable":true,"href":"https:\/\/www.nakitsrebro.rs\/en\/wp-json\/wp\/v2\/media\/8627"}],"wp:attachment":[{"href":"https:\/\/www.nakitsrebro.rs\/en\/wp-json\/wp\/v2\/media?parent=8626"}],"wp:term":[{"taxonomy":"product_brand","embeddable":true,"href":"https:\/\/www.nakitsrebro.rs\/en\/wp-json\/wp\/v2\/product_brand?post=8626"},{"taxonomy":"product_cat","embeddable":true,"href":"https:\/\/www.nakitsrebro.rs\/en\/wp-json\/wp\/v2\/product_cat?post=8626"},{"taxonomy":"product_tag","embeddable":true,"href":"https:\/\/www.nakitsrebro.rs\/en\/wp-json\/wp\/v2\/product_tag?post=8626"}],"curies":[{"name":"wp","href":"https:\/\/api.w.org\/{rel}","templated":true}]}}