{"id":8784,"date":"2023-12-28T15:31:13","date_gmt":"2023-12-28T15:31:13","guid":{"rendered":"https:\/\/www.nakitsrebro.rs\/?post_type=product&#038;p=8784"},"modified":"2025-10-31T15:28:34","modified_gmt":"2025-10-31T15:28:34","slug":"srebrni-privezak-srce-638","status":"publish","type":"product","link":"https:\/\/www.nakitsrebro.rs\/en\/p\/srebrni-privezak-srce-638\/","title":{"rendered":"Srebrni privezak &#8222;SRCE&#8220;  638"},"content":{"rendered":"<p>Srebrni privezak &#8222;SRCE&#8220;, srebro 925 sa utisnutim cirkonima. Du\u017eina sa kop\u010dom je 2cm,sirina 1,5cm.<\/p>\n<p>SAV NA\u0160 NAKIT MO\u017dETE NARU\u010cITI DIREKTNO NA SAJTU ILI PREKO VIBER-a ,SMS PORUKOM ILI POZIVOM NA BROJ 064\/030 77 77<\/p>","protected":false},"excerpt":{"rendered":"<div id=\"karakteristike\">\n<ul>\n<li><strong>TE\u017dINA<\/strong>: 1,8g<\/li>\n<li><strong>MATERIJAL<\/strong>: SREBRO 925,CIRKON<\/li>\n<li><strong>PRIVEZAK: <\/strong>2cm x 1,5cm<\/li>\n<li>***Srce je simbol ljubavi koji prevazilazi sve barijere. Srce je lepr\u0161avo, sna\u017eno, ali i ranjivo. Nakit u obliku srca \u0161alje sna\u017enu poruku i prenosi emocije na poseban na\u010din. Zato ne \u010dudi \u0161to je upravo simbol srca jedan od najomiljenijih.<\/li>\n<\/ul>\n<\/div>","protected":false},"featured_media":5348,"comment_status":"closed","ping_status":"closed","template":"","meta":[],"product_brand":[],"product_cat":[227],"product_tag":[258],"class_list":{"0":"post-8784","1":"product","2":"type-product","3":"status-publish","4":"has-post-thumbnail","6":"product_cat-srebrni-privesci","7":"product_tag-srebrni-privezak","9":"first","10":"instock","11":"shipping-taxable","12":"purchasable","13":"product-type-simple"},"_links":{"self":[{"href":"https:\/\/www.nakitsrebro.rs\/en\/wp-json\/wp\/v2\/product\/8784","targetHints":{"allow":["GET"]}}],"collection":[{"href":"https:\/\/www.nakitsrebro.rs\/en\/wp-json\/wp\/v2\/product"}],"about":[{"href":"https:\/\/www.nakitsrebro.rs\/en\/wp-json\/wp\/v2\/types\/product"}],"replies":[{"embeddable":true,"href":"https:\/\/www.nakitsrebro.rs\/en\/wp-json\/wp\/v2\/comments?post=8784"}],"wp:featuredmedia":[{"embeddable":true,"href":"https:\/\/www.nakitsrebro.rs\/en\/wp-json\/wp\/v2\/media\/5348"}],"wp:attachment":[{"href":"https:\/\/www.nakitsrebro.rs\/en\/wp-json\/wp\/v2\/media?parent=8784"}],"wp:term":[{"taxonomy":"product_brand","embeddable":true,"href":"https:\/\/www.nakitsrebro.rs\/en\/wp-json\/wp\/v2\/product_brand?post=8784"},{"taxonomy":"product_cat","embeddable":true,"href":"https:\/\/www.nakitsrebro.rs\/en\/wp-json\/wp\/v2\/product_cat?post=8784"},{"taxonomy":"product_tag","embeddable":true,"href":"https:\/\/www.nakitsrebro.rs\/en\/wp-json\/wp\/v2\/product_tag?post=8784"}],"curies":[{"name":"wp","href":"https:\/\/api.w.org\/{rel}","templated":true}]}}