{"id":8863,"date":"2024-01-09T15:40:38","date_gmt":"2024-01-09T15:40:38","guid":{"rendered":"https:\/\/www.nakitsrebro.rs\/?post_type=product&#038;p=8863"},"modified":"2025-10-31T15:28:34","modified_gmt":"2025-10-31T15:28:34","slug":"srebrni-prsten-taraba-222","status":"publish","type":"product","link":"https:\/\/www.nakitsrebro.rs\/en\/p\/srebrni-prsten-taraba-222\/","title":{"rendered":"Srebrni prsten \u201eCLASIC\u201c 222"},"content":{"rendered":"","protected":false},"excerpt":{"rendered":"<div class=\"woocommerce-product-details__short-description\">\n<ul>\n<li><strong>TE\u017dINA<\/strong>: 5g<\/li>\n<li><strong>PRE\u010cNIK<\/strong>: 17,5mm<\/li>\n<li><strong>MATERIJAL<\/strong>: SREBRO 925<\/li>\n<li>Prsten ima asimetri\u010dan oblik, sa \u010detiri \u0161iroke, paralelne trake koje se prote\u017eu du\u017e prsta. Dve trake imaju zanimljivu teksturu, sa peskarenim gravurama, koje joj daju sjaj i prelivaju\u0107e efekte. Ostale dve trake su glatke, \u0161to stvara zanimljiv kontrast. Prsten je relativno \u0161irok, \u0161to mu daje izra\u017eeniji izgled na ruci.<\/li>\n<\/ul>\n<\/div>","protected":false},"featured_media":8864,"comment_status":"closed","ping_status":"closed","template":"","meta":[],"product_brand":[],"product_cat":[225],"product_tag":[252],"class_list":{"0":"post-8863","1":"product","2":"type-product","3":"status-publish","4":"has-post-thumbnail","6":"product_cat-srebrno-prstenje","7":"product_tag-srebrni-prsten","9":"first","10":"instock","11":"shipping-taxable","12":"purchasable","13":"product-type-simple"},"_links":{"self":[{"href":"https:\/\/www.nakitsrebro.rs\/en\/wp-json\/wp\/v2\/product\/8863","targetHints":{"allow":["GET"]}}],"collection":[{"href":"https:\/\/www.nakitsrebro.rs\/en\/wp-json\/wp\/v2\/product"}],"about":[{"href":"https:\/\/www.nakitsrebro.rs\/en\/wp-json\/wp\/v2\/types\/product"}],"replies":[{"embeddable":true,"href":"https:\/\/www.nakitsrebro.rs\/en\/wp-json\/wp\/v2\/comments?post=8863"}],"wp:featuredmedia":[{"embeddable":true,"href":"https:\/\/www.nakitsrebro.rs\/en\/wp-json\/wp\/v2\/media\/8864"}],"wp:attachment":[{"href":"https:\/\/www.nakitsrebro.rs\/en\/wp-json\/wp\/v2\/media?parent=8863"}],"wp:term":[{"taxonomy":"product_brand","embeddable":true,"href":"https:\/\/www.nakitsrebro.rs\/en\/wp-json\/wp\/v2\/product_brand?post=8863"},{"taxonomy":"product_cat","embeddable":true,"href":"https:\/\/www.nakitsrebro.rs\/en\/wp-json\/wp\/v2\/product_cat?post=8863"},{"taxonomy":"product_tag","embeddable":true,"href":"https:\/\/www.nakitsrebro.rs\/en\/wp-json\/wp\/v2\/product_tag?post=8863"}],"curies":[{"name":"wp","href":"https:\/\/api.w.org\/{rel}","templated":true}]}}