{"id":9014,"date":"2024-02-12T14:31:23","date_gmt":"2024-02-12T14:31:23","guid":{"rendered":"https:\/\/www.nakitsrebro.rs\/?post_type=product&#038;p=9014"},"modified":"2025-10-31T15:28:34","modified_gmt":"2025-10-31T15:28:34","slug":"srebrni-lanac-pancir-215","status":"publish","type":"product","link":"https:\/\/www.nakitsrebro.rs\/en\/p\/srebrni-lanac-pancir-215\/","title":{"rendered":"Srebrni lanac \u201ePANCIR\u201c 215"},"content":{"rendered":"<p><strong>Kubanski lan\u010di\u0107<\/strong> je popularan tip nakita, poznat po svojoj robusnosti i karakteristi\u010dnom izgledu. Njegove alke su me\u0111usobno isprepletene, stvaraju\u0107i gustu i \u010dvrstu strukturu koja podse\u0107a na pletenicu. Ovaj tip lan\u010di\u0107a \u010desto se bira za mu\u0161ki nakit, ali sve vi\u0161e ga nose i \u017eene.<\/p>","protected":false},"excerpt":{"rendered":"<p><strong>TE\u017dINA: <\/strong>11,6g<br \/>\n<strong>DU\u017dINA: <\/strong>50cm<br \/>\n<strong>MATERIJAL: <\/strong>SREBRO 925<br \/>\n<strong>\u0160IRINA:<\/strong> 4mm &#8211; Ova \u0161irina je pogodna za svakodnevno no\u0161enje. Nije previ\u0161e tanka da bi izgledala krhko, niti previ\u0161e \u0161iroka da bi bila previ\u0161e upadljiva.<\/p>","protected":false},"featured_media":9015,"comment_status":"closed","ping_status":"closed","template":"","meta":[],"product_brand":[],"product_cat":[230],"product_tag":[260],"class_list":{"0":"post-9014","1":"product","2":"type-product","3":"status-publish","4":"has-post-thumbnail","6":"product_cat-srebrni-lanci","7":"product_tag-srebrni-lanac","9":"first","10":"outofstock","11":"shipping-taxable","12":"purchasable","13":"product-type-simple"},"_links":{"self":[{"href":"https:\/\/www.nakitsrebro.rs\/en\/wp-json\/wp\/v2\/product\/9014","targetHints":{"allow":["GET"]}}],"collection":[{"href":"https:\/\/www.nakitsrebro.rs\/en\/wp-json\/wp\/v2\/product"}],"about":[{"href":"https:\/\/www.nakitsrebro.rs\/en\/wp-json\/wp\/v2\/types\/product"}],"replies":[{"embeddable":true,"href":"https:\/\/www.nakitsrebro.rs\/en\/wp-json\/wp\/v2\/comments?post=9014"}],"wp:featuredmedia":[{"embeddable":true,"href":"https:\/\/www.nakitsrebro.rs\/en\/wp-json\/wp\/v2\/media\/9015"}],"wp:attachment":[{"href":"https:\/\/www.nakitsrebro.rs\/en\/wp-json\/wp\/v2\/media?parent=9014"}],"wp:term":[{"taxonomy":"product_brand","embeddable":true,"href":"https:\/\/www.nakitsrebro.rs\/en\/wp-json\/wp\/v2\/product_brand?post=9014"},{"taxonomy":"product_cat","embeddable":true,"href":"https:\/\/www.nakitsrebro.rs\/en\/wp-json\/wp\/v2\/product_cat?post=9014"},{"taxonomy":"product_tag","embeddable":true,"href":"https:\/\/www.nakitsrebro.rs\/en\/wp-json\/wp\/v2\/product_tag?post=9014"}],"curies":[{"name":"wp","href":"https:\/\/api.w.org\/{rel}","templated":true}]}}