{"id":9024,"date":"2024-02-12T15:52:07","date_gmt":"2024-02-12T15:52:07","guid":{"rendered":"https:\/\/www.nakitsrebro.rs\/?post_type=product&#038;p=9024"},"modified":"2025-10-31T15:28:34","modified_gmt":"2025-10-31T15:28:34","slug":"srebrne-mindjuse-clif-901","status":"publish","type":"product","link":"https:\/\/www.nakitsrebro.rs\/en\/p\/srebrne-mindjuse-clif-901\/","title":{"rendered":"Srebrne min\u0111u\u0161e \u201eCLIF\u201c 901"},"content":{"rendered":"","protected":false},"excerpt":{"rendered":"<div class=\"woocommerce-product-details__short-description\">\n<div class=\"woocommerce-product-details__short-description\">\n<div class=\"woocommerce-product-details__short-description\">\n<div class=\"woocommerce-product-details__short-description\">\n<div class=\"woocommerce-product-details__short-description\">\n<div class=\"woocommerce-product-details__short-description\">\n<div class=\"woocommerce-product-details__short-description\">\n<div class=\"info_main product-des-wrap product-des\">\n<ul>\n<li><strong>TE\u017dINA<\/strong>: 1,8g<\/li>\n<li><strong>MATERIJAL<\/strong>: SREBRO 925, SEDEF, RODIJUM<\/li>\n<li><strong>DU\u017dINA:<\/strong> 0,8cm<\/li>\n<li><strong>\u0160IRINA: <\/strong>0,8cm<\/li>\n<li>Centralni deo min\u0111u\u0161a je ukra\u0161en belim sedefom, koji im daje \u017eivopisnu boju i prirodan izgled. Izra\u0111ene su od srebra i rodijuma, \u0161to im daje prefinjen izgled i dugotrajnost. Min\u0111u\u0161e imaju klasi\u010dno zatvaranje na \u0161raf, \u0161to ih \u010dini sigurnim i udobnim za no\u0161enje.<\/li>\n<\/ul>\n<\/div>\n<\/div>\n<\/div>\n<\/div>\n<\/div>\n<\/div>\n<\/div>\n<\/div>","protected":false},"featured_media":6785,"comment_status":"closed","ping_status":"closed","template":"","meta":[],"product_brand":[],"product_cat":[226],"product_tag":[287,254],"class_list":{"0":"post-9024","1":"product","2":"type-product","3":"status-publish","4":"has-post-thumbnail","6":"product_cat-srebrne-mindjuse","7":"product_tag-mindjuse-na-sraf","8":"product_tag-srebrne-mindjuse","10":"first","11":"outofstock","12":"shipping-taxable","13":"purchasable","14":"product-type-simple"},"_links":{"self":[{"href":"https:\/\/www.nakitsrebro.rs\/en\/wp-json\/wp\/v2\/product\/9024","targetHints":{"allow":["GET"]}}],"collection":[{"href":"https:\/\/www.nakitsrebro.rs\/en\/wp-json\/wp\/v2\/product"}],"about":[{"href":"https:\/\/www.nakitsrebro.rs\/en\/wp-json\/wp\/v2\/types\/product"}],"replies":[{"embeddable":true,"href":"https:\/\/www.nakitsrebro.rs\/en\/wp-json\/wp\/v2\/comments?post=9024"}],"wp:featuredmedia":[{"embeddable":true,"href":"https:\/\/www.nakitsrebro.rs\/en\/wp-json\/wp\/v2\/media\/6785"}],"wp:attachment":[{"href":"https:\/\/www.nakitsrebro.rs\/en\/wp-json\/wp\/v2\/media?parent=9024"}],"wp:term":[{"taxonomy":"product_brand","embeddable":true,"href":"https:\/\/www.nakitsrebro.rs\/en\/wp-json\/wp\/v2\/product_brand?post=9024"},{"taxonomy":"product_cat","embeddable":true,"href":"https:\/\/www.nakitsrebro.rs\/en\/wp-json\/wp\/v2\/product_cat?post=9024"},{"taxonomy":"product_tag","embeddable":true,"href":"https:\/\/www.nakitsrebro.rs\/en\/wp-json\/wp\/v2\/product_tag?post=9024"}],"curies":[{"name":"wp","href":"https:\/\/api.w.org\/{rel}","templated":true}]}}