{"id":9103,"date":"2024-02-15T10:45:06","date_gmt":"2024-02-15T10:45:06","guid":{"rendered":"https:\/\/www.nakitsrebro.rs\/?post_type=product&#038;p=9103"},"modified":"2025-10-31T15:28:33","modified_gmt":"2025-10-31T15:28:33","slug":"srebrne-mindjuse-clif-910","status":"publish","type":"product","link":"https:\/\/www.nakitsrebro.rs\/en\/p\/srebrne-mindjuse-clif-910\/","title":{"rendered":"Srebrne min\u0111u\u0161e \u201eCLIF\u201c 910"},"content":{"rendered":"","protected":false},"excerpt":{"rendered":"<div class=\"woocommerce-product-details__short-description\">\n<div class=\"woocommerce-product-details__short-description\">\n<div class=\"woocommerce-product-details__short-description\">\n<div class=\"woocommerce-product-details__short-description\">\n<div class=\"woocommerce-product-details__short-description\">\n<div class=\"woocommerce-product-details__short-description\">\n<div class=\"woocommerce-product-details__short-description\">\n<div class=\"info_main product-des-wrap product-des\">\n<ul>\n<li><strong>TE\u017dINA<\/strong>: 1,9g<\/li>\n<li><strong>MATERIJAL<\/strong>: SREBRO 925, ONIKS, RODIJUM<\/li>\n<li><strong>DU\u017dINA:<\/strong> 0,6cm<\/li>\n<li><strong>\u0160IRINA: <\/strong>0,6cm<\/li>\n<li>Min\u0111u\u0161e su kru\u017enog oblika, sa detaljem deteline sa \u010detiri lista. Ovaj motiv je veoma popularan i smatra se simbolom sre\u0107e. Min\u0111u\u0161e se zatvaraju na klips, \u0161to je siguran i udoban na\u010din no\u0161enja. Dekorativni deo min\u0111u\u0161a je crni kamen oniks.<\/li>\n<\/ul>\n<\/div>\n<\/div>\n<\/div>\n<\/div>\n<\/div>\n<\/div>\n<\/div>\n<\/div>","protected":false},"featured_media":11013,"comment_status":"closed","ping_status":"closed","template":"","meta":[],"product_brand":[],"product_cat":[226],"product_tag":[287,254],"class_list":{"0":"post-9103","1":"product","2":"type-product","3":"status-publish","4":"has-post-thumbnail","6":"product_cat-srebrne-mindjuse","7":"product_tag-mindjuse-na-sraf","8":"product_tag-srebrne-mindjuse","10":"first","11":"outofstock","12":"shipping-taxable","13":"purchasable","14":"product-type-simple"},"_links":{"self":[{"href":"https:\/\/www.nakitsrebro.rs\/en\/wp-json\/wp\/v2\/product\/9103","targetHints":{"allow":["GET"]}}],"collection":[{"href":"https:\/\/www.nakitsrebro.rs\/en\/wp-json\/wp\/v2\/product"}],"about":[{"href":"https:\/\/www.nakitsrebro.rs\/en\/wp-json\/wp\/v2\/types\/product"}],"replies":[{"embeddable":true,"href":"https:\/\/www.nakitsrebro.rs\/en\/wp-json\/wp\/v2\/comments?post=9103"}],"wp:featuredmedia":[{"embeddable":true,"href":"https:\/\/www.nakitsrebro.rs\/en\/wp-json\/wp\/v2\/media\/11013"}],"wp:attachment":[{"href":"https:\/\/www.nakitsrebro.rs\/en\/wp-json\/wp\/v2\/media?parent=9103"}],"wp:term":[{"taxonomy":"product_brand","embeddable":true,"href":"https:\/\/www.nakitsrebro.rs\/en\/wp-json\/wp\/v2\/product_brand?post=9103"},{"taxonomy":"product_cat","embeddable":true,"href":"https:\/\/www.nakitsrebro.rs\/en\/wp-json\/wp\/v2\/product_cat?post=9103"},{"taxonomy":"product_tag","embeddable":true,"href":"https:\/\/www.nakitsrebro.rs\/en\/wp-json\/wp\/v2\/product_tag?post=9103"}],"curies":[{"name":"wp","href":"https:\/\/api.w.org\/{rel}","templated":true}]}}