{"id":9382,"date":"2024-05-02T15:26:54","date_gmt":"2024-05-02T15:26:54","guid":{"rendered":"https:\/\/www.nakitsrebro.rs\/?post_type=product&#038;p=9382"},"modified":"2025-12-28T20:57:45","modified_gmt":"2025-12-28T20:57:45","slug":"srebrne-mindjuse-clif-915-2","status":"publish","type":"product","link":"https:\/\/www.nakitsrebro.rs\/en\/p\/srebrne-mindjuse-clif-915-2\/","title":{"rendered":"Srebrne min\u0111u\u0161e \u201eCLIF\u201c 915"},"content":{"rendered":"","protected":false},"excerpt":{"rendered":"<ul>\n<li><strong>TE\u017dINA<\/strong>: 2,8g<\/li>\n<li><strong>MATERIJAL<\/strong>: SREBRO 925, MALAHIT, RODIJUM<\/li>\n<li><strong>DU\u017dINA:<\/strong> 1,4cm<\/li>\n<li><strong>\u0160IRINA: <\/strong>1,4cm<\/li>\n<li>Centralni deo min\u0111u\u0161a je ukra\u0161en zelenim kamen\u010di\u0107ima malahitom, koji im daje \u017eivopisnu boju i prirodan izgled. Kamen\u010di\u0107i su postavljeni u prugasti dezen, \u0161to daje min\u0111u\u0161ama dinami\u010dan izgled. Izra\u0111ene su od srebra i rodijuma, \u0161to im daje prefinjen izgled i dugotrajnost. Min\u0111u\u0161e imaju klasi\u010dno zatvaranje na \u0161raf, \u0161to ih \u010dini sigurnim i udobnim za no\u0161enje.<\/li>\n<\/ul>","protected":false},"featured_media":9119,"comment_status":"closed","ping_status":"closed","template":"","meta":[],"product_brand":[],"product_cat":[297,226],"product_tag":[287,254],"class_list":{"0":"post-9382","1":"product","2":"type-product","3":"status-publish","4":"has-post-thumbnail","6":"product_cat-srebrne-mindjuse-srebrne-mindjuse-4","7":"product_cat-srebrne-mindjuse","8":"product_tag-mindjuse-na-sraf","9":"product_tag-srebrne-mindjuse","11":"first","12":"outofstock","13":"shipping-taxable","14":"purchasable","15":"product-type-simple"},"_links":{"self":[{"href":"https:\/\/www.nakitsrebro.rs\/en\/wp-json\/wp\/v2\/product\/9382","targetHints":{"allow":["GET"]}}],"collection":[{"href":"https:\/\/www.nakitsrebro.rs\/en\/wp-json\/wp\/v2\/product"}],"about":[{"href":"https:\/\/www.nakitsrebro.rs\/en\/wp-json\/wp\/v2\/types\/product"}],"replies":[{"embeddable":true,"href":"https:\/\/www.nakitsrebro.rs\/en\/wp-json\/wp\/v2\/comments?post=9382"}],"wp:featuredmedia":[{"embeddable":true,"href":"https:\/\/www.nakitsrebro.rs\/en\/wp-json\/wp\/v2\/media\/9119"}],"wp:attachment":[{"href":"https:\/\/www.nakitsrebro.rs\/en\/wp-json\/wp\/v2\/media?parent=9382"}],"wp:term":[{"taxonomy":"product_brand","embeddable":true,"href":"https:\/\/www.nakitsrebro.rs\/en\/wp-json\/wp\/v2\/product_brand?post=9382"},{"taxonomy":"product_cat","embeddable":true,"href":"https:\/\/www.nakitsrebro.rs\/en\/wp-json\/wp\/v2\/product_cat?post=9382"},{"taxonomy":"product_tag","embeddable":true,"href":"https:\/\/www.nakitsrebro.rs\/en\/wp-json\/wp\/v2\/product_tag?post=9382"}],"curies":[{"name":"wp","href":"https:\/\/api.w.org\/{rel}","templated":true}]}}