{"id":9639,"date":"2024-08-29T12:09:13","date_gmt":"2024-08-29T12:09:13","guid":{"rendered":"https:\/\/www.nakitsrebro.rs\/?post_type=product&#038;p=9639"},"modified":"2025-10-31T15:28:32","modified_gmt":"2025-10-31T15:28:32","slug":"narukvica-srebro-i-kaucuk-203","status":"publish","type":"product","link":"https:\/\/www.nakitsrebro.rs\/en\/p\/narukvica-srebro-i-kaucuk-203\/","title":{"rendered":"Narukvica srebro i kau\u010duk 203"},"content":{"rendered":"","protected":false},"excerpt":{"rendered":"<div class=\"woocommerce-product-details__short-description\">\n<div class=\"woocommerce-product-details__short-description\">\n<div id=\"proizvod-more\">\n<div id=\"karakteristike\">\n<ul>\n<li><strong>TE\u017dINA<\/strong>: 3,7g<\/li>\n<li><strong>DU\u017dINA<\/strong>: 19cm<\/li>\n<li><strong>DEBLJINA: <\/strong>3,5mm<\/li>\n<li><strong>MATERIJAL<\/strong>: SREBRO 925, KAU\u010cUK<\/li>\n<li>Do\u017eivite luksuz na va\u0161em zglobu. Izra\u0111ena od najfinijeg srebra i otmenog crnog kau\u010duka, ova narukvica je dokaz vrhunskog kvaliteta i pa\u017enje posve\u0107enoj svakom detalju.<\/li>\n<\/ul>\n<\/div>\n<\/div>\n<\/div>\n<\/div>","protected":false},"featured_media":9640,"comment_status":"closed","ping_status":"closed","template":"","meta":[],"product_brand":[],"product_cat":[302,228],"product_tag":[247],"class_list":{"0":"post-9639","1":"product","2":"type-product","3":"status-publish","4":"has-post-thumbnail","6":"product_cat-srebrne-narukvice-srebrne-narukvice-3","7":"product_cat-srebrne-narukvice","8":"product_tag-srebrna-narukvica","10":"first","11":"instock","12":"shipping-taxable","13":"purchasable","14":"product-type-simple"},"_links":{"self":[{"href":"https:\/\/www.nakitsrebro.rs\/en\/wp-json\/wp\/v2\/product\/9639","targetHints":{"allow":["GET"]}}],"collection":[{"href":"https:\/\/www.nakitsrebro.rs\/en\/wp-json\/wp\/v2\/product"}],"about":[{"href":"https:\/\/www.nakitsrebro.rs\/en\/wp-json\/wp\/v2\/types\/product"}],"replies":[{"embeddable":true,"href":"https:\/\/www.nakitsrebro.rs\/en\/wp-json\/wp\/v2\/comments?post=9639"}],"wp:featuredmedia":[{"embeddable":true,"href":"https:\/\/www.nakitsrebro.rs\/en\/wp-json\/wp\/v2\/media\/9640"}],"wp:attachment":[{"href":"https:\/\/www.nakitsrebro.rs\/en\/wp-json\/wp\/v2\/media?parent=9639"}],"wp:term":[{"taxonomy":"product_brand","embeddable":true,"href":"https:\/\/www.nakitsrebro.rs\/en\/wp-json\/wp\/v2\/product_brand?post=9639"},{"taxonomy":"product_cat","embeddable":true,"href":"https:\/\/www.nakitsrebro.rs\/en\/wp-json\/wp\/v2\/product_cat?post=9639"},{"taxonomy":"product_tag","embeddable":true,"href":"https:\/\/www.nakitsrebro.rs\/en\/wp-json\/wp\/v2\/product_tag?post=9639"}],"curies":[{"name":"wp","href":"https:\/\/api.w.org\/{rel}","templated":true}]}}