{"id":9664,"date":"2024-08-29T16:21:52","date_gmt":"2024-08-29T16:21:52","guid":{"rendered":"https:\/\/www.nakitsrebro.rs\/?post_type=product&#038;p=9664"},"modified":"2025-11-02T14:04:38","modified_gmt":"2025-11-02T14:04:38","slug":"srebrna-narukvica-mariner-209","status":"publish","type":"product","link":"https:\/\/www.nakitsrebro.rs\/en\/p\/srebrna-narukvica-mariner-209\/","title":{"rendered":"Srebrna narukvica \u201eMARINER\u201c 209"},"content":{"rendered":"","protected":false},"excerpt":{"rendered":"<ul>\n<li><strong>TE\u017dINA<\/strong>: 6,8g<\/li>\n<li><strong>DU\u017dINA<\/strong>: 21cm<\/li>\n<li><strong>\u0160IRINA: <\/strong>5mm<\/li>\n<li><strong>MATERIJAL<\/strong>: SREBRO 925<\/li>\n<li>Narukvica ima sjajnu zavr\u0161nu obradu, \u0161to joj daje elegantan i luksuzan izgled. Sjajna povr\u0161ina srebra dodatno isti\u010de lepotu dizajna narukvice.Narukvica ima jednostavan i elegantan dizajn, \u0161to je \u010dini pogodnom za svakodnevno no\u0161enje, kao i za posebne prilike. Mariner dizajn je veoma popularan me\u0111u mu\u0161karcima koji preferiraju klasi\u010dan i mu\u017eevan stil.<\/li>\n<\/ul>","protected":false},"featured_media":9665,"comment_status":"closed","ping_status":"closed","template":"","meta":[],"product_brand":[],"product_cat":[299,228],"product_tag":[247],"class_list":{"0":"post-9664","1":"product","2":"type-product","3":"status-publish","4":"has-post-thumbnail","6":"product_cat-srebrne-narukvice-srebrne-narukvice","7":"product_cat-srebrne-narukvice","8":"product_tag-srebrna-narukvica","10":"first","11":"instock","12":"shipping-taxable","13":"purchasable","14":"product-type-simple"},"_links":{"self":[{"href":"https:\/\/www.nakitsrebro.rs\/en\/wp-json\/wp\/v2\/product\/9664","targetHints":{"allow":["GET"]}}],"collection":[{"href":"https:\/\/www.nakitsrebro.rs\/en\/wp-json\/wp\/v2\/product"}],"about":[{"href":"https:\/\/www.nakitsrebro.rs\/en\/wp-json\/wp\/v2\/types\/product"}],"replies":[{"embeddable":true,"href":"https:\/\/www.nakitsrebro.rs\/en\/wp-json\/wp\/v2\/comments?post=9664"}],"wp:featuredmedia":[{"embeddable":true,"href":"https:\/\/www.nakitsrebro.rs\/en\/wp-json\/wp\/v2\/media\/9665"}],"wp:attachment":[{"href":"https:\/\/www.nakitsrebro.rs\/en\/wp-json\/wp\/v2\/media?parent=9664"}],"wp:term":[{"taxonomy":"product_brand","embeddable":true,"href":"https:\/\/www.nakitsrebro.rs\/en\/wp-json\/wp\/v2\/product_brand?post=9664"},{"taxonomy":"product_cat","embeddable":true,"href":"https:\/\/www.nakitsrebro.rs\/en\/wp-json\/wp\/v2\/product_cat?post=9664"},{"taxonomy":"product_tag","embeddable":true,"href":"https:\/\/www.nakitsrebro.rs\/en\/wp-json\/wp\/v2\/product_tag?post=9664"}],"curies":[{"name":"wp","href":"https:\/\/api.w.org\/{rel}","templated":true}]}}