{"id":9721,"date":"2024-08-31T08:21:16","date_gmt":"2024-08-31T08:21:16","guid":{"rendered":"https:\/\/www.nakitsrebro.rs\/?post_type=product&#038;p=9721"},"modified":"2025-12-23T13:11:25","modified_gmt":"2025-12-23T13:11:25","slug":"srebrna-narukvica-srce-1006","status":"publish","type":"product","link":"https:\/\/www.nakitsrebro.rs\/en\/p\/srebrna-narukvica-srce-1006\/","title":{"rendered":"Srebrna narukvica \u201eSRCE\u201c 1006"},"content":{"rendered":"","protected":false},"excerpt":{"rendered":"<ul>\n<li><strong>TE\u017dINA<\/strong>: 1,4g<\/li>\n<li><strong>DU\u017dINA<\/strong>: 18-22cm<\/li>\n<li><strong>MATERIJAL<\/strong>: SREBRO 925, POZLATA, CIRKON<\/li>\n<li><strong>Narukvica<\/strong> je elegantnog i simboli\u010dnog dizajna, izra\u0111ena od <strong>srebra 925<\/strong> sa <strong>zlatnom pozlatom<\/strong>. Glavni detalj narukvice je <strong>srce<\/strong> koje je postavljeno na tanak lan\u010di\u0107. Unutar srca nalazi se prefinjen detalj &#8211; <strong>drvo \u017eivota<\/strong>. Srce je ukra\u0161eno sitnim <strong>cirkonima<\/strong> koji mu daju sjaj i dodatnu eleganciju.<\/li>\n<\/ul>","protected":false},"featured_media":9722,"comment_status":"closed","ping_status":"closed","template":"","meta":[],"product_brand":[],"product_cat":[300,228],"product_tag":[247],"class_list":{"0":"post-9721","1":"product","2":"type-product","3":"status-publish","4":"has-post-thumbnail","6":"product_cat-narukvice-sa-privescima-charm-bracelets","7":"product_cat-srebrne-narukvice","8":"product_tag-srebrna-narukvica","10":"first","11":"outofstock","12":"shipping-taxable","13":"purchasable","14":"product-type-simple"},"_links":{"self":[{"href":"https:\/\/www.nakitsrebro.rs\/en\/wp-json\/wp\/v2\/product\/9721","targetHints":{"allow":["GET"]}}],"collection":[{"href":"https:\/\/www.nakitsrebro.rs\/en\/wp-json\/wp\/v2\/product"}],"about":[{"href":"https:\/\/www.nakitsrebro.rs\/en\/wp-json\/wp\/v2\/types\/product"}],"replies":[{"embeddable":true,"href":"https:\/\/www.nakitsrebro.rs\/en\/wp-json\/wp\/v2\/comments?post=9721"}],"wp:featuredmedia":[{"embeddable":true,"href":"https:\/\/www.nakitsrebro.rs\/en\/wp-json\/wp\/v2\/media\/9722"}],"wp:attachment":[{"href":"https:\/\/www.nakitsrebro.rs\/en\/wp-json\/wp\/v2\/media?parent=9721"}],"wp:term":[{"taxonomy":"product_brand","embeddable":true,"href":"https:\/\/www.nakitsrebro.rs\/en\/wp-json\/wp\/v2\/product_brand?post=9721"},{"taxonomy":"product_cat","embeddable":true,"href":"https:\/\/www.nakitsrebro.rs\/en\/wp-json\/wp\/v2\/product_cat?post=9721"},{"taxonomy":"product_tag","embeddable":true,"href":"https:\/\/www.nakitsrebro.rs\/en\/wp-json\/wp\/v2\/product_tag?post=9721"}],"curies":[{"name":"wp","href":"https:\/\/api.w.org\/{rel}","templated":true}]}}