{"id":9724,"date":"2024-08-31T08:29:48","date_gmt":"2024-08-31T08:29:48","guid":{"rendered":"https:\/\/www.nakitsrebro.rs\/?post_type=product&#038;p=9724"},"modified":"2025-12-22T13:31:30","modified_gmt":"2025-12-22T13:31:30","slug":"srebrna-narukvica-srce-1010","status":"publish","type":"product","link":"https:\/\/www.nakitsrebro.rs\/en\/p\/srebrna-narukvica-srce-1010\/","title":{"rendered":"Srebrna narukvica \u201eSRCE\u201c 1010"},"content":{"rendered":"<p>Drvo \u017eivota je univerzalni simbol koji predstavlja povezanost, rast, obnovu i besmrtnost. Kada je ukomponovano u srce, ovaj simbol dobija jo\u0161 dublje zna\u010denje, predstavljaju\u0107i ljubav, \u017eivot i sve ono \u0161to nam je najva\u017enije.<\/p>","protected":false},"excerpt":{"rendered":"<ul>\n<li><strong>TE\u017dINA<\/strong>: 1,8g<\/li>\n<li><strong>DU\u017dINA<\/strong>: 16-20cm<\/li>\n<li><strong>MATERIJAL<\/strong>: SREBRO 925, RODIJUM, CIRKON<\/li>\n<li><strong>Glavni detalj<\/strong> narukvice je <strong>srce<\/strong> koje je postavljeno na tanak lan\u010di\u0107. Unutar srca nalazi se prefinjen detalj &#8211; drvo \u017eivota i tri sitna cirkona. Drvo je ukra\u0161eno delikatnim rezbarijama koje stvaraju dojam grana i li\u0161\u0107a, \u010dime simbolizira rast, povezanost i besmrtnost.<\/li>\n<\/ul>","protected":false},"featured_media":9725,"comment_status":"closed","ping_status":"closed","template":"","meta":[],"product_brand":[],"product_cat":[300,228],"product_tag":[247],"class_list":{"0":"post-9724","1":"product","2":"type-product","3":"status-publish","4":"has-post-thumbnail","6":"product_cat-narukvice-sa-privescima-charm-bracelets","7":"product_cat-srebrne-narukvice","8":"product_tag-srebrna-narukvica","10":"first","11":"instock","12":"shipping-taxable","13":"purchasable","14":"product-type-simple"},"_links":{"self":[{"href":"https:\/\/www.nakitsrebro.rs\/en\/wp-json\/wp\/v2\/product\/9724","targetHints":{"allow":["GET"]}}],"collection":[{"href":"https:\/\/www.nakitsrebro.rs\/en\/wp-json\/wp\/v2\/product"}],"about":[{"href":"https:\/\/www.nakitsrebro.rs\/en\/wp-json\/wp\/v2\/types\/product"}],"replies":[{"embeddable":true,"href":"https:\/\/www.nakitsrebro.rs\/en\/wp-json\/wp\/v2\/comments?post=9724"}],"wp:featuredmedia":[{"embeddable":true,"href":"https:\/\/www.nakitsrebro.rs\/en\/wp-json\/wp\/v2\/media\/9725"}],"wp:attachment":[{"href":"https:\/\/www.nakitsrebro.rs\/en\/wp-json\/wp\/v2\/media?parent=9724"}],"wp:term":[{"taxonomy":"product_brand","embeddable":true,"href":"https:\/\/www.nakitsrebro.rs\/en\/wp-json\/wp\/v2\/product_brand?post=9724"},{"taxonomy":"product_cat","embeddable":true,"href":"https:\/\/www.nakitsrebro.rs\/en\/wp-json\/wp\/v2\/product_cat?post=9724"},{"taxonomy":"product_tag","embeddable":true,"href":"https:\/\/www.nakitsrebro.rs\/en\/wp-json\/wp\/v2\/product_tag?post=9724"}],"curies":[{"name":"wp","href":"https:\/\/api.w.org\/{rel}","templated":true}]}}