{"id":9759,"date":"2024-09-01T11:34:31","date_gmt":"2024-09-01T11:34:31","guid":{"rendered":"https:\/\/www.nakitsrebro.rs\/?post_type=product&#038;p=9759"},"modified":"2025-11-02T14:04:36","modified_gmt":"2025-11-02T14:04:36","slug":"srebrne-mindjuse-krug-606","status":"publish","type":"product","link":"https:\/\/www.nakitsrebro.rs\/en\/p\/srebrne-mindjuse-krug-606\/","title":{"rendered":"Srebrne min\u0111u\u0161e \u201eKRUG\u201c 606"},"content":{"rendered":"","protected":false},"excerpt":{"rendered":"<ul>\n<li><strong>TE\u017dINA<\/strong>: 2,4g<\/li>\n<li><strong>MATERIJAL<\/strong>: SREBRO 925, CIRKON<\/li>\n<li><strong>PRE\u010cNIK:<\/strong> 1,1cm<\/li>\n<li>Min\u0111u\u0161e su okruglog oblika, \u0161to je veoma popularan i klasi\u010dan izbor .Ono \u0161to ove min\u0111u\u0161e \u010dini posebnim je mno\u0161tvo malih,crnih kamen\u010di\u0107a koji pokrivaju celu povr\u0161inu min\u0111u\u0161a. Min\u0111u\u0161e se zatvaraju na klasi\u010dan na\u010din, \u0161to obezbe\u0111uje sigurno no\u0161enje.<\/li>\n<\/ul>","protected":false},"featured_media":9760,"comment_status":"closed","ping_status":"closed","template":"","meta":[],"product_brand":[],"product_cat":[297,226],"product_tag":[287,254],"class_list":{"0":"post-9759","1":"product","2":"type-product","3":"status-publish","4":"has-post-thumbnail","6":"product_cat-srebrne-mindjuse-srebrne-mindjuse-4","7":"product_cat-srebrne-mindjuse","8":"product_tag-mindjuse-na-sraf","9":"product_tag-srebrne-mindjuse","11":"first","12":"instock","13":"shipping-taxable","14":"purchasable","15":"product-type-simple"},"_links":{"self":[{"href":"https:\/\/www.nakitsrebro.rs\/en\/wp-json\/wp\/v2\/product\/9759","targetHints":{"allow":["GET"]}}],"collection":[{"href":"https:\/\/www.nakitsrebro.rs\/en\/wp-json\/wp\/v2\/product"}],"about":[{"href":"https:\/\/www.nakitsrebro.rs\/en\/wp-json\/wp\/v2\/types\/product"}],"replies":[{"embeddable":true,"href":"https:\/\/www.nakitsrebro.rs\/en\/wp-json\/wp\/v2\/comments?post=9759"}],"wp:featuredmedia":[{"embeddable":true,"href":"https:\/\/www.nakitsrebro.rs\/en\/wp-json\/wp\/v2\/media\/9760"}],"wp:attachment":[{"href":"https:\/\/www.nakitsrebro.rs\/en\/wp-json\/wp\/v2\/media?parent=9759"}],"wp:term":[{"taxonomy":"product_brand","embeddable":true,"href":"https:\/\/www.nakitsrebro.rs\/en\/wp-json\/wp\/v2\/product_brand?post=9759"},{"taxonomy":"product_cat","embeddable":true,"href":"https:\/\/www.nakitsrebro.rs\/en\/wp-json\/wp\/v2\/product_cat?post=9759"},{"taxonomy":"product_tag","embeddable":true,"href":"https:\/\/www.nakitsrebro.rs\/en\/wp-json\/wp\/v2\/product_tag?post=9759"}],"curies":[{"name":"wp","href":"https:\/\/api.w.org\/{rel}","templated":true}]}}