{"id":9867,"date":"2024-09-08T10:06:41","date_gmt":"2024-09-08T10:06:41","guid":{"rendered":"https:\/\/www.nakitsrebro.rs\/?post_type=product&#038;p=9867"},"modified":"2025-11-02T14:04:35","modified_gmt":"2025-11-02T14:04:35","slug":"srebrne-mindjuse-v-624","status":"publish","type":"product","link":"https:\/\/www.nakitsrebro.rs\/en\/p\/srebrne-mindjuse-v-624\/","title":{"rendered":"Srebrne min\u0111u\u0161e \u201eV\u201c 624"},"content":{"rendered":"<p>Odli\u010dno kombinuju sa drugim srebrnim nakitom, kao \u0161to je tanak lan\u010di\u0107 ili narukvica. Tako\u0111e, mogu se nositi i samostalno, kako bi bile glavni akcenat va\u0161eg izgleda. Ove srebrne min\u0111u\u0161e sa cirkonima su odli\u010dan izbor za sve one koje tra\u017ee moderan i elegantan nakit. Njihov jedinstven dizajn i svestranost \u010dine ih idealnim dodatkom za svaku priliku<\/p>","protected":false},"excerpt":{"rendered":"<ul>\n<li><strong>TE\u017dINA<\/strong>: 2,1g<\/li>\n<li><strong>MATERIJAL<\/strong>: SREBRO 925, CIRKON<\/li>\n<li><strong>DU\u017dINA:<\/strong> 1,5cm<\/li>\n<li>Du\u017e ravne strane min\u0111u\u0161e postavljen je niz malih, sjajnih cirkona. Cirkoni dodaju blje\u0161tavilo i nagla\u0161avaju geometrijski oblik min\u0111u\u0161a. Min\u0111u\u0161e imaju klasi\u010dno zatvaranje na klik, \u0161to je siguran i jednostavan na\u010din za no\u0161enje.<\/li>\n<\/ul>","protected":false},"featured_media":9868,"comment_status":"closed","ping_status":"closed","template":"","meta":[],"product_brand":[],"product_cat":[296,226],"product_tag":[254],"class_list":{"0":"post-9867","1":"product","2":"type-product","3":"status-publish","4":"has-post-thumbnail","6":"product_cat-srebrne-mindjuse-srebrne-mindjuse-3","7":"product_cat-srebrne-mindjuse","8":"product_tag-srebrne-mindjuse","10":"first","11":"instock","12":"shipping-taxable","13":"purchasable","14":"product-type-simple"},"_links":{"self":[{"href":"https:\/\/www.nakitsrebro.rs\/en\/wp-json\/wp\/v2\/product\/9867","targetHints":{"allow":["GET"]}}],"collection":[{"href":"https:\/\/www.nakitsrebro.rs\/en\/wp-json\/wp\/v2\/product"}],"about":[{"href":"https:\/\/www.nakitsrebro.rs\/en\/wp-json\/wp\/v2\/types\/product"}],"replies":[{"embeddable":true,"href":"https:\/\/www.nakitsrebro.rs\/en\/wp-json\/wp\/v2\/comments?post=9867"}],"wp:featuredmedia":[{"embeddable":true,"href":"https:\/\/www.nakitsrebro.rs\/en\/wp-json\/wp\/v2\/media\/9868"}],"wp:attachment":[{"href":"https:\/\/www.nakitsrebro.rs\/en\/wp-json\/wp\/v2\/media?parent=9867"}],"wp:term":[{"taxonomy":"product_brand","embeddable":true,"href":"https:\/\/www.nakitsrebro.rs\/en\/wp-json\/wp\/v2\/product_brand?post=9867"},{"taxonomy":"product_cat","embeddable":true,"href":"https:\/\/www.nakitsrebro.rs\/en\/wp-json\/wp\/v2\/product_cat?post=9867"},{"taxonomy":"product_tag","embeddable":true,"href":"https:\/\/www.nakitsrebro.rs\/en\/wp-json\/wp\/v2\/product_tag?post=9867"}],"curies":[{"name":"wp","href":"https:\/\/api.w.org\/{rel}","templated":true}]}}